{"id":1450,"date":"2025-01-14T16:59:47","date_gmt":"2025-01-14T15:59:47","guid":{"rendered":"https:\/\/www.popeline-store.com\/?post_type=product&#038;p=1450"},"modified":"2025-02-05T15:11:37","modified_gmt":"2025-02-05T14:11:37","slug":"gilet-sans-manches-nestor-ivoire-taille-unique","status":"publish","type":"product","link":"https:\/\/www.popeline-store.com\/index.php\/produit\/gilet-sans-manches-nestor-ivoire-taille-unique\/","title":{"rendered":"Gilet sans manches NESTOR ivoire &#8211; Taille Unique"},"content":{"rendered":"<h4><strong>Gilet sans manches NESTOR ivoire &#8211; Taille Unique<\/strong><\/h4>\n<p>Compos\u00e9 de 50% d&rsquo;acrylique, 20% de polyamide, 10% de viscose, 10% de laine et 10% de mohair, il allie douceur, chaleur et l\u00e9g\u00e8ret\u00e9.<\/p>\n<p>Ce gilet textur\u00e9 et au toucher agr\u00e9able se mariera aussi bien avec un jean qu\u2019avec une jupe pour un style casual chic.<\/p>\n<p>Taille Unique du 34 au 42<\/p>\n","protected":false},"excerpt":{"rendered":"<p>Ce gilet sans manches en grosse maille est l&rsquo;alli\u00e9 parfait pour une allure \u00e0 la fois cosy et tendance.<\/p>\n<p>Son design en maille \u00e9paisse conf\u00e8re une allure d\u00e9contract\u00e9e, id\u00e9ale pour les superpositions lors des journ\u00e9es plus fra\u00eeches.<\/p>\n<p>Portez-le par-dessus un t-shirt ou un pull ajust\u00e9 pour un look confortable et styl\u00e9, parfait pour l\u2019automne ou l\u2019hiver.<\/p>\n","protected":false},"featured_media":1448,"comment_status":"open","ping_status":"closed","template":"","meta":{"_et_pb_use_builder":"","_et_pb_old_content":"","_et_gb_content_width":"","om_disable_all_campaigns":false},"product_brand":[],"product_cat":[38],"product_tag":[],"class_list":{"0":"post-1450","1":"product","2":"type-product","3":"status-publish","4":"has-post-thumbnail","6":"product_cat-mailles","8":"first","9":"outofstock","10":"downloadable","11":"taxable","12":"shipping-taxable","13":"purchasable","14":"product-type-simple"},"yoast_head":"<!-- This site is optimized with the Yoast SEO plugin v27.2 - https:\/\/yoast.com\/product\/yoast-seo-wordpress\/ -->\n<title>Gilet sans manches NESTOR ivoire - Taille Unique - Popeline Store, boutique pr\u00eat \u00e0 porter sur B\u00e9ziers<\/title>\n<meta name=\"robots\" content=\"index, follow, max-snippet:-1, max-image-preview:large, max-video-preview:-1\" \/>\n<link rel=\"canonical\" href=\"https:\/\/www.popeline-store.com\/index.php\/produit\/gilet-sans-manches-nestor-ivoire-taille-unique\/\" \/>\n<meta property=\"og:locale\" content=\"fr_FR\" \/>\n<meta property=\"og:type\" content=\"article\" \/>\n<meta property=\"og:title\" content=\"Gilet sans manches NESTOR ivoire - Taille Unique - Popeline Store, boutique pr\u00eat \u00e0 porter sur B\u00e9ziers\" \/>\n<meta property=\"og:description\" content=\"Ce gilet sans manches en grosse maille est l&#039;alli\u00e9 parfait pour une allure \u00e0 la fois cosy et tendance.  Son design en maille \u00e9paisse conf\u00e8re une allure d\u00e9contract\u00e9e, id\u00e9ale pour les superpositions lors des journ\u00e9es plus fra\u00eeches.  Portez-le par-dessus un t-shirt ou un pull ajust\u00e9 pour un look confortable et styl\u00e9, parfait pour l\u2019automne ou l\u2019hiver.\" \/>\n<meta property=\"og:url\" content=\"https:\/\/www.popeline-store.com\/index.php\/produit\/gilet-sans-manches-nestor-ivoire-taille-unique\/\" \/>\n<meta property=\"og:site_name\" content=\"Popeline Store, boutique pr\u00eat \u00e0 porter sur B\u00e9ziers\" \/>\n<meta property=\"article:modified_time\" content=\"2025-02-05T14:11:37+00:00\" \/>\n<meta property=\"og:image\" content=\"https:\/\/www.popeline-store.com\/wp-content\/uploads\/2025\/01\/Capture-decran-2025-01-14-a-16.50.17.png\" \/>\n\t<meta property=\"og:image:width\" content=\"782\" \/>\n\t<meta property=\"og:image:height\" content=\"1054\" \/>\n\t<meta property=\"og:image:type\" content=\"image\/png\" \/>\n<meta name=\"twitter:card\" content=\"summary_large_image\" \/>\n<script type=\"application\/ld+json\" class=\"yoast-schema-graph\">{\"@context\":\"https:\/\/schema.org\",\"@graph\":[{\"@type\":\"WebPage\",\"@id\":\"https:\/\/www.popeline-store.com\/index.php\/produit\/gilet-sans-manches-nestor-ivoire-taille-unique\/\",\"url\":\"https:\/\/www.popeline-store.com\/index.php\/produit\/gilet-sans-manches-nestor-ivoire-taille-unique\/\",\"name\":\"Gilet sans manches NESTOR ivoire - Taille Unique - Popeline Store, boutique pr\u00eat \u00e0 porter sur B\u00e9ziers\",\"isPartOf\":{\"@id\":\"https:\/\/www.popeline-store.com\/#website\"},\"primaryImageOfPage\":{\"@id\":\"https:\/\/www.popeline-store.com\/index.php\/produit\/gilet-sans-manches-nestor-ivoire-taille-unique\/#primaryimage\"},\"image\":{\"@id\":\"https:\/\/www.popeline-store.com\/index.php\/produit\/gilet-sans-manches-nestor-ivoire-taille-unique\/#primaryimage\"},\"thumbnailUrl\":\"https:\/\/www.popeline-store.com\/wp-content\/uploads\/2025\/01\/Capture-decran-2025-01-14-a-16.50.17.png\",\"datePublished\":\"2025-01-14T15:59:47+00:00\",\"dateModified\":\"2025-02-05T14:11:37+00:00\",\"breadcrumb\":{\"@id\":\"https:\/\/www.popeline-store.com\/index.php\/produit\/gilet-sans-manches-nestor-ivoire-taille-unique\/#breadcrumb\"},\"inLanguage\":\"fr-FR\",\"potentialAction\":[{\"@type\":\"ReadAction\",\"target\":[\"https:\/\/www.popeline-store.com\/index.php\/produit\/gilet-sans-manches-nestor-ivoire-taille-unique\/\"]}]},{\"@type\":\"ImageObject\",\"inLanguage\":\"fr-FR\",\"@id\":\"https:\/\/www.popeline-store.com\/index.php\/produit\/gilet-sans-manches-nestor-ivoire-taille-unique\/#primaryimage\",\"url\":\"https:\/\/www.popeline-store.com\/wp-content\/uploads\/2025\/01\/Capture-decran-2025-01-14-a-16.50.17.png\",\"contentUrl\":\"https:\/\/www.popeline-store.com\/wp-content\/uploads\/2025\/01\/Capture-decran-2025-01-14-a-16.50.17.png\",\"width\":782,\"height\":1054},{\"@type\":\"BreadcrumbList\",\"@id\":\"https:\/\/www.popeline-store.com\/index.php\/produit\/gilet-sans-manches-nestor-ivoire-taille-unique\/#breadcrumb\",\"itemListElement\":[{\"@type\":\"ListItem\",\"position\":1,\"name\":\"Accueil\",\"item\":\"https:\/\/www.popeline-store.com\/\"},{\"@type\":\"ListItem\",\"position\":2,\"name\":\"Boutique\",\"item\":\"https:\/\/www.popeline-store.com\/index.php\/popeline-beziers-page-boutique\/\"},{\"@type\":\"ListItem\",\"position\":3,\"name\":\"Gilet sans manches NESTOR ivoire &#8211; Taille Unique\"}]},{\"@type\":\"WebSite\",\"@id\":\"https:\/\/www.popeline-store.com\/#website\",\"url\":\"https:\/\/www.popeline-store.com\/\",\"name\":\"Popeline B\u00e9ziers, boutique pr\u00eat \u00e0 porter sur B\u00e9ziers\",\"description\":\"Popeline est une boutique de mode f\u00e9minine situ\u00e9e \u00e0 B\u00e9ziers, H\u00e9rault, France. Vous y trouverez une large gamme de v\u00eatements tendance, accessoires \u00e9l\u00e9gants ..\",\"publisher\":{\"@id\":\"https:\/\/www.popeline-store.com\/#organization\"},\"potentialAction\":[{\"@type\":\"SearchAction\",\"target\":{\"@type\":\"EntryPoint\",\"urlTemplate\":\"https:\/\/www.popeline-store.com\/?s={search_term_string}\"},\"query-input\":{\"@type\":\"PropertyValueSpecification\",\"valueRequired\":true,\"valueName\":\"search_term_string\"}}],\"inLanguage\":\"fr-FR\"},{\"@type\":\"Organization\",\"@id\":\"https:\/\/www.popeline-store.com\/#organization\",\"name\":\"Popeline \u00e0 B\u00e9ziers, boutique pr\u00eat \u00e0 porter sur B\u00e9ziers\",\"url\":\"https:\/\/www.popeline-store.com\/\",\"logo\":{\"@type\":\"ImageObject\",\"inLanguage\":\"fr-FR\",\"@id\":\"https:\/\/www.popeline-store.com\/#\/schema\/logo\/image\/\",\"url\":\"https:\/\/www.popeline-store.com\/wp-content\/uploads\/2024\/12\/PopLogoReduc.png\",\"contentUrl\":\"https:\/\/www.popeline-store.com\/wp-content\/uploads\/2024\/12\/PopLogoReduc.png\",\"width\":500,\"height\":500,\"caption\":\"Popeline \u00e0 B\u00e9ziers, boutique pr\u00eat \u00e0 porter sur B\u00e9ziers\"},\"image\":{\"@id\":\"https:\/\/www.popeline-store.com\/#\/schema\/logo\/image\/\"},\"sameAs\":[\"https:\/\/www.instagram.com\/popeline_beziers\/\"]}]}<\/script>\n<!-- \/ Yoast SEO plugin. -->","yoast_head_json":{"title":"Gilet sans manches NESTOR ivoire - Taille Unique - Popeline Store, boutique pr\u00eat \u00e0 porter sur B\u00e9ziers","robots":{"index":"index","follow":"follow","max-snippet":"max-snippet:-1","max-image-preview":"max-image-preview:large","max-video-preview":"max-video-preview:-1"},"canonical":"https:\/\/www.popeline-store.com\/index.php\/produit\/gilet-sans-manches-nestor-ivoire-taille-unique\/","og_locale":"fr_FR","og_type":"article","og_title":"Gilet sans manches NESTOR ivoire - Taille Unique - Popeline Store, boutique pr\u00eat \u00e0 porter sur B\u00e9ziers","og_description":"Ce gilet sans manches en grosse maille est l'alli\u00e9 parfait pour une allure \u00e0 la fois cosy et tendance.  Son design en maille \u00e9paisse conf\u00e8re une allure d\u00e9contract\u00e9e, id\u00e9ale pour les superpositions lors des journ\u00e9es plus fra\u00eeches.  Portez-le par-dessus un t-shirt ou un pull ajust\u00e9 pour un look confortable et styl\u00e9, parfait pour l\u2019automne ou l\u2019hiver.","og_url":"https:\/\/www.popeline-store.com\/index.php\/produit\/gilet-sans-manches-nestor-ivoire-taille-unique\/","og_site_name":"Popeline Store, boutique pr\u00eat \u00e0 porter sur B\u00e9ziers","article_modified_time":"2025-02-05T14:11:37+00:00","og_image":[{"width":782,"height":1054,"url":"https:\/\/www.popeline-store.com\/wp-content\/uploads\/2025\/01\/Capture-decran-2025-01-14-a-16.50.17.png","type":"image\/png"}],"twitter_card":"summary_large_image","schema":{"@context":"https:\/\/schema.org","@graph":[{"@type":"WebPage","@id":"https:\/\/www.popeline-store.com\/index.php\/produit\/gilet-sans-manches-nestor-ivoire-taille-unique\/","url":"https:\/\/www.popeline-store.com\/index.php\/produit\/gilet-sans-manches-nestor-ivoire-taille-unique\/","name":"Gilet sans manches NESTOR ivoire - Taille Unique - Popeline Store, boutique pr\u00eat \u00e0 porter sur B\u00e9ziers","isPartOf":{"@id":"https:\/\/www.popeline-store.com\/#website"},"primaryImageOfPage":{"@id":"https:\/\/www.popeline-store.com\/index.php\/produit\/gilet-sans-manches-nestor-ivoire-taille-unique\/#primaryimage"},"image":{"@id":"https:\/\/www.popeline-store.com\/index.php\/produit\/gilet-sans-manches-nestor-ivoire-taille-unique\/#primaryimage"},"thumbnailUrl":"https:\/\/www.popeline-store.com\/wp-content\/uploads\/2025\/01\/Capture-decran-2025-01-14-a-16.50.17.png","datePublished":"2025-01-14T15:59:47+00:00","dateModified":"2025-02-05T14:11:37+00:00","breadcrumb":{"@id":"https:\/\/www.popeline-store.com\/index.php\/produit\/gilet-sans-manches-nestor-ivoire-taille-unique\/#breadcrumb"},"inLanguage":"fr-FR","potentialAction":[{"@type":"ReadAction","target":["https:\/\/www.popeline-store.com\/index.php\/produit\/gilet-sans-manches-nestor-ivoire-taille-unique\/"]}]},{"@type":"ImageObject","inLanguage":"fr-FR","@id":"https:\/\/www.popeline-store.com\/index.php\/produit\/gilet-sans-manches-nestor-ivoire-taille-unique\/#primaryimage","url":"https:\/\/www.popeline-store.com\/wp-content\/uploads\/2025\/01\/Capture-decran-2025-01-14-a-16.50.17.png","contentUrl":"https:\/\/www.popeline-store.com\/wp-content\/uploads\/2025\/01\/Capture-decran-2025-01-14-a-16.50.17.png","width":782,"height":1054},{"@type":"BreadcrumbList","@id":"https:\/\/www.popeline-store.com\/index.php\/produit\/gilet-sans-manches-nestor-ivoire-taille-unique\/#breadcrumb","itemListElement":[{"@type":"ListItem","position":1,"name":"Accueil","item":"https:\/\/www.popeline-store.com\/"},{"@type":"ListItem","position":2,"name":"Boutique","item":"https:\/\/www.popeline-store.com\/index.php\/popeline-beziers-page-boutique\/"},{"@type":"ListItem","position":3,"name":"Gilet sans manches NESTOR ivoire &#8211; Taille Unique"}]},{"@type":"WebSite","@id":"https:\/\/www.popeline-store.com\/#website","url":"https:\/\/www.popeline-store.com\/","name":"Popeline B\u00e9ziers, boutique pr\u00eat \u00e0 porter sur B\u00e9ziers","description":"Popeline est une boutique de mode f\u00e9minine situ\u00e9e \u00e0 B\u00e9ziers, H\u00e9rault, France. Vous y trouverez une large gamme de v\u00eatements tendance, accessoires \u00e9l\u00e9gants ..","publisher":{"@id":"https:\/\/www.popeline-store.com\/#organization"},"potentialAction":[{"@type":"SearchAction","target":{"@type":"EntryPoint","urlTemplate":"https:\/\/www.popeline-store.com\/?s={search_term_string}"},"query-input":{"@type":"PropertyValueSpecification","valueRequired":true,"valueName":"search_term_string"}}],"inLanguage":"fr-FR"},{"@type":"Organization","@id":"https:\/\/www.popeline-store.com\/#organization","name":"Popeline \u00e0 B\u00e9ziers, boutique pr\u00eat \u00e0 porter sur B\u00e9ziers","url":"https:\/\/www.popeline-store.com\/","logo":{"@type":"ImageObject","inLanguage":"fr-FR","@id":"https:\/\/www.popeline-store.com\/#\/schema\/logo\/image\/","url":"https:\/\/www.popeline-store.com\/wp-content\/uploads\/2024\/12\/PopLogoReduc.png","contentUrl":"https:\/\/www.popeline-store.com\/wp-content\/uploads\/2024\/12\/PopLogoReduc.png","width":500,"height":500,"caption":"Popeline \u00e0 B\u00e9ziers, boutique pr\u00eat \u00e0 porter sur B\u00e9ziers"},"image":{"@id":"https:\/\/www.popeline-store.com\/#\/schema\/logo\/image\/"},"sameAs":["https:\/\/www.instagram.com\/popeline_beziers\/"]}]}},"jetpack_sharing_enabled":true,"_links":{"self":[{"href":"https:\/\/www.popeline-store.com\/index.php\/wp-json\/wp\/v2\/product\/1450","targetHints":{"allow":["GET"]}}],"collection":[{"href":"https:\/\/www.popeline-store.com\/index.php\/wp-json\/wp\/v2\/product"}],"about":[{"href":"https:\/\/www.popeline-store.com\/index.php\/wp-json\/wp\/v2\/types\/product"}],"replies":[{"embeddable":true,"href":"https:\/\/www.popeline-store.com\/index.php\/wp-json\/wp\/v2\/comments?post=1450"}],"wp:featuredmedia":[{"embeddable":true,"href":"https:\/\/www.popeline-store.com\/index.php\/wp-json\/wp\/v2\/media\/1448"}],"wp:attachment":[{"href":"https:\/\/www.popeline-store.com\/index.php\/wp-json\/wp\/v2\/media?parent=1450"}],"wp:term":[{"taxonomy":"product_brand","embeddable":true,"href":"https:\/\/www.popeline-store.com\/index.php\/wp-json\/wp\/v2\/product_brand?post=1450"},{"taxonomy":"product_cat","embeddable":true,"href":"https:\/\/www.popeline-store.com\/index.php\/wp-json\/wp\/v2\/product_cat?post=1450"},{"taxonomy":"product_tag","embeddable":true,"href":"https:\/\/www.popeline-store.com\/index.php\/wp-json\/wp\/v2\/product_tag?post=1450"}],"curies":[{"name":"wp","href":"https:\/\/api.w.org\/{rel}","templated":true}]}}