{"id":1594,"date":"2025-01-15T13:02:22","date_gmt":"2025-01-15T12:02:22","guid":{"rendered":"https:\/\/www.popeline-store.com\/?post_type=product&#038;p=1594"},"modified":"2025-02-16T12:33:14","modified_gmt":"2025-02-16T11:33:14","slug":"gilet-classique-en-kid-mohair-eliott-gris-taille-unique","status":"publish","type":"product","link":"https:\/\/www.popeline-store.com\/index.php\/produit\/gilet-classique-en-kid-mohair-eliott-gris-taille-unique\/","title":{"rendered":"Gilet classique en kid mohair ELIOTT gris &#8211; Taille Unique"},"content":{"rendered":"<h4><strong>Gilet classique en kid mohair ELIOTT gris &#8211; Taille Unique<\/strong><\/h4>\n<p><strong>D\u00e9tails de composition<\/strong> :<\/p>\n<ul>\n<li>Acrylique : 44%<\/li>\n<li>Kid mohair : 20%<\/li>\n<li>Laine : 10%<\/li>\n<li>Polyamide : 26%<\/li>\n<\/ul>\n<p>Parfait pour un look chic et d\u00e9contract\u00e9, ce gilet deviendra un incontournable de votre garde-robe !<\/p>\n","protected":false},"excerpt":{"rendered":"<p>Ce gilet intemporel allie confort et \u00e9l\u00e9gance gr\u00e2ce \u00e0 sa composition de haute qualit\u00e9.<\/p>\n<p>Fabriqu\u00e9 en Italie, il est con\u00e7u en taille unique, convenant aux tailles 36 \u00e0 42. Doux et chaleureux, il est id\u00e9al pour compl\u00e9ter toutes vos tenues avec raffinement.<\/p>\n<p>Disponible en trois couleurs vibrantes : <strong>rouge, gris<\/strong>\u00a0et <strong>blush<\/strong>, il s&rsquo;adapte \u00e0 toutes vos envies de style.<\/p>\n","protected":false},"featured_media":1597,"comment_status":"open","ping_status":"closed","template":"","meta":{"_et_pb_use_builder":"","_et_pb_old_content":"","_et_gb_content_width":"","om_disable_all_campaigns":false},"product_brand":[],"product_cat":[38],"product_tag":[],"class_list":{"0":"post-1594","1":"product","2":"type-product","3":"status-publish","4":"has-post-thumbnail","6":"product_cat-mailles","8":"first","9":"outofstock","10":"taxable","11":"shipping-taxable","12":"purchasable","13":"product-type-simple"},"yoast_head":"<!-- This site is optimized with the Yoast SEO plugin v27.2 - https:\/\/yoast.com\/product\/yoast-seo-wordpress\/ -->\n<title>Gilet classique en kid mohair ELIOTT gris - Taille Unique - Popeline Store, boutique pr\u00eat \u00e0 porter sur B\u00e9ziers<\/title>\n<meta name=\"robots\" content=\"index, follow, max-snippet:-1, max-image-preview:large, max-video-preview:-1\" \/>\n<link rel=\"canonical\" href=\"https:\/\/www.popeline-store.com\/index.php\/produit\/gilet-classique-en-kid-mohair-eliott-gris-taille-unique\/\" \/>\n<meta property=\"og:locale\" content=\"fr_FR\" \/>\n<meta property=\"og:type\" content=\"article\" \/>\n<meta property=\"og:title\" content=\"Gilet classique en kid mohair ELIOTT gris - Taille Unique - Popeline Store, boutique pr\u00eat \u00e0 porter sur B\u00e9ziers\" \/>\n<meta property=\"og:description\" content=\"Ce gilet intemporel allie confort et \u00e9l\u00e9gance gr\u00e2ce \u00e0 sa composition de haute qualit\u00e9.  Fabriqu\u00e9 en Italie, il est con\u00e7u en taille unique, convenant aux tailles 36 \u00e0 42. Doux et chaleureux, il est id\u00e9al pour compl\u00e9ter toutes vos tenues avec raffinement.  Disponible en trois couleurs vibrantes : rouge, gris\u00a0et blush, il s&#039;adapte \u00e0 toutes vos envies de style.\" \/>\n<meta property=\"og:url\" content=\"https:\/\/www.popeline-store.com\/index.php\/produit\/gilet-classique-en-kid-mohair-eliott-gris-taille-unique\/\" \/>\n<meta property=\"og:site_name\" content=\"Popeline Store, boutique pr\u00eat \u00e0 porter sur B\u00e9ziers\" \/>\n<meta property=\"article:modified_time\" content=\"2025-02-16T11:33:14+00:00\" \/>\n<meta property=\"og:image\" content=\"https:\/\/www.popeline-store.com\/wp-content\/uploads\/2025\/01\/Capture-decran-2025-01-15-a-12.59.25.png\" \/>\n\t<meta property=\"og:image:width\" content=\"584\" \/>\n\t<meta property=\"og:image:height\" content=\"1048\" \/>\n\t<meta property=\"og:image:type\" content=\"image\/png\" \/>\n<meta name=\"twitter:card\" content=\"summary_large_image\" \/>\n<script type=\"application\/ld+json\" class=\"yoast-schema-graph\">{\"@context\":\"https:\/\/schema.org\",\"@graph\":[{\"@type\":\"WebPage\",\"@id\":\"https:\/\/www.popeline-store.com\/index.php\/produit\/gilet-classique-en-kid-mohair-eliott-gris-taille-unique\/\",\"url\":\"https:\/\/www.popeline-store.com\/index.php\/produit\/gilet-classique-en-kid-mohair-eliott-gris-taille-unique\/\",\"name\":\"Gilet classique en kid mohair ELIOTT gris - Taille Unique - Popeline Store, boutique pr\u00eat \u00e0 porter sur B\u00e9ziers\",\"isPartOf\":{\"@id\":\"https:\/\/www.popeline-store.com\/#website\"},\"primaryImageOfPage\":{\"@id\":\"https:\/\/www.popeline-store.com\/index.php\/produit\/gilet-classique-en-kid-mohair-eliott-gris-taille-unique\/#primaryimage\"},\"image\":{\"@id\":\"https:\/\/www.popeline-store.com\/index.php\/produit\/gilet-classique-en-kid-mohair-eliott-gris-taille-unique\/#primaryimage\"},\"thumbnailUrl\":\"https:\/\/www.popeline-store.com\/wp-content\/uploads\/2025\/01\/Capture-decran-2025-01-15-a-12.59.25.png\",\"datePublished\":\"2025-01-15T12:02:22+00:00\",\"dateModified\":\"2025-02-16T11:33:14+00:00\",\"breadcrumb\":{\"@id\":\"https:\/\/www.popeline-store.com\/index.php\/produit\/gilet-classique-en-kid-mohair-eliott-gris-taille-unique\/#breadcrumb\"},\"inLanguage\":\"fr-FR\",\"potentialAction\":[{\"@type\":\"ReadAction\",\"target\":[\"https:\/\/www.popeline-store.com\/index.php\/produit\/gilet-classique-en-kid-mohair-eliott-gris-taille-unique\/\"]}]},{\"@type\":\"ImageObject\",\"inLanguage\":\"fr-FR\",\"@id\":\"https:\/\/www.popeline-store.com\/index.php\/produit\/gilet-classique-en-kid-mohair-eliott-gris-taille-unique\/#primaryimage\",\"url\":\"https:\/\/www.popeline-store.com\/wp-content\/uploads\/2025\/01\/Capture-decran-2025-01-15-a-12.59.25.png\",\"contentUrl\":\"https:\/\/www.popeline-store.com\/wp-content\/uploads\/2025\/01\/Capture-decran-2025-01-15-a-12.59.25.png\",\"width\":584,\"height\":1048},{\"@type\":\"BreadcrumbList\",\"@id\":\"https:\/\/www.popeline-store.com\/index.php\/produit\/gilet-classique-en-kid-mohair-eliott-gris-taille-unique\/#breadcrumb\",\"itemListElement\":[{\"@type\":\"ListItem\",\"position\":1,\"name\":\"Accueil\",\"item\":\"https:\/\/www.popeline-store.com\/\"},{\"@type\":\"ListItem\",\"position\":2,\"name\":\"Boutique\",\"item\":\"https:\/\/www.popeline-store.com\/index.php\/popeline-beziers-page-boutique\/\"},{\"@type\":\"ListItem\",\"position\":3,\"name\":\"Gilet classique en kid mohair ELIOTT gris &#8211; Taille Unique\"}]},{\"@type\":\"WebSite\",\"@id\":\"https:\/\/www.popeline-store.com\/#website\",\"url\":\"https:\/\/www.popeline-store.com\/\",\"name\":\"Popeline B\u00e9ziers, boutique pr\u00eat \u00e0 porter sur B\u00e9ziers\",\"description\":\"Popeline est une boutique de mode f\u00e9minine situ\u00e9e \u00e0 B\u00e9ziers, H\u00e9rault, France. Vous y trouverez une large gamme de v\u00eatements tendance, accessoires \u00e9l\u00e9gants ..\",\"publisher\":{\"@id\":\"https:\/\/www.popeline-store.com\/#organization\"},\"potentialAction\":[{\"@type\":\"SearchAction\",\"target\":{\"@type\":\"EntryPoint\",\"urlTemplate\":\"https:\/\/www.popeline-store.com\/?s={search_term_string}\"},\"query-input\":{\"@type\":\"PropertyValueSpecification\",\"valueRequired\":true,\"valueName\":\"search_term_string\"}}],\"inLanguage\":\"fr-FR\"},{\"@type\":\"Organization\",\"@id\":\"https:\/\/www.popeline-store.com\/#organization\",\"name\":\"Popeline \u00e0 B\u00e9ziers, boutique pr\u00eat \u00e0 porter sur B\u00e9ziers\",\"url\":\"https:\/\/www.popeline-store.com\/\",\"logo\":{\"@type\":\"ImageObject\",\"inLanguage\":\"fr-FR\",\"@id\":\"https:\/\/www.popeline-store.com\/#\/schema\/logo\/image\/\",\"url\":\"https:\/\/www.popeline-store.com\/wp-content\/uploads\/2024\/12\/PopLogoReduc.png\",\"contentUrl\":\"https:\/\/www.popeline-store.com\/wp-content\/uploads\/2024\/12\/PopLogoReduc.png\",\"width\":500,\"height\":500,\"caption\":\"Popeline \u00e0 B\u00e9ziers, boutique pr\u00eat \u00e0 porter sur B\u00e9ziers\"},\"image\":{\"@id\":\"https:\/\/www.popeline-store.com\/#\/schema\/logo\/image\/\"},\"sameAs\":[\"https:\/\/www.instagram.com\/popeline_beziers\/\"]}]}<\/script>\n<!-- \/ Yoast SEO plugin. -->","yoast_head_json":{"title":"Gilet classique en kid mohair ELIOTT gris - Taille Unique - Popeline Store, boutique pr\u00eat \u00e0 porter sur B\u00e9ziers","robots":{"index":"index","follow":"follow","max-snippet":"max-snippet:-1","max-image-preview":"max-image-preview:large","max-video-preview":"max-video-preview:-1"},"canonical":"https:\/\/www.popeline-store.com\/index.php\/produit\/gilet-classique-en-kid-mohair-eliott-gris-taille-unique\/","og_locale":"fr_FR","og_type":"article","og_title":"Gilet classique en kid mohair ELIOTT gris - Taille Unique - Popeline Store, boutique pr\u00eat \u00e0 porter sur B\u00e9ziers","og_description":"Ce gilet intemporel allie confort et \u00e9l\u00e9gance gr\u00e2ce \u00e0 sa composition de haute qualit\u00e9.  Fabriqu\u00e9 en Italie, il est con\u00e7u en taille unique, convenant aux tailles 36 \u00e0 42. Doux et chaleureux, il est id\u00e9al pour compl\u00e9ter toutes vos tenues avec raffinement.  Disponible en trois couleurs vibrantes : rouge, gris\u00a0et blush, il s'adapte \u00e0 toutes vos envies de style.","og_url":"https:\/\/www.popeline-store.com\/index.php\/produit\/gilet-classique-en-kid-mohair-eliott-gris-taille-unique\/","og_site_name":"Popeline Store, boutique pr\u00eat \u00e0 porter sur B\u00e9ziers","article_modified_time":"2025-02-16T11:33:14+00:00","og_image":[{"width":584,"height":1048,"url":"https:\/\/www.popeline-store.com\/wp-content\/uploads\/2025\/01\/Capture-decran-2025-01-15-a-12.59.25.png","type":"image\/png"}],"twitter_card":"summary_large_image","schema":{"@context":"https:\/\/schema.org","@graph":[{"@type":"WebPage","@id":"https:\/\/www.popeline-store.com\/index.php\/produit\/gilet-classique-en-kid-mohair-eliott-gris-taille-unique\/","url":"https:\/\/www.popeline-store.com\/index.php\/produit\/gilet-classique-en-kid-mohair-eliott-gris-taille-unique\/","name":"Gilet classique en kid mohair ELIOTT gris - Taille Unique - Popeline Store, boutique pr\u00eat \u00e0 porter sur B\u00e9ziers","isPartOf":{"@id":"https:\/\/www.popeline-store.com\/#website"},"primaryImageOfPage":{"@id":"https:\/\/www.popeline-store.com\/index.php\/produit\/gilet-classique-en-kid-mohair-eliott-gris-taille-unique\/#primaryimage"},"image":{"@id":"https:\/\/www.popeline-store.com\/index.php\/produit\/gilet-classique-en-kid-mohair-eliott-gris-taille-unique\/#primaryimage"},"thumbnailUrl":"https:\/\/www.popeline-store.com\/wp-content\/uploads\/2025\/01\/Capture-decran-2025-01-15-a-12.59.25.png","datePublished":"2025-01-15T12:02:22+00:00","dateModified":"2025-02-16T11:33:14+00:00","breadcrumb":{"@id":"https:\/\/www.popeline-store.com\/index.php\/produit\/gilet-classique-en-kid-mohair-eliott-gris-taille-unique\/#breadcrumb"},"inLanguage":"fr-FR","potentialAction":[{"@type":"ReadAction","target":["https:\/\/www.popeline-store.com\/index.php\/produit\/gilet-classique-en-kid-mohair-eliott-gris-taille-unique\/"]}]},{"@type":"ImageObject","inLanguage":"fr-FR","@id":"https:\/\/www.popeline-store.com\/index.php\/produit\/gilet-classique-en-kid-mohair-eliott-gris-taille-unique\/#primaryimage","url":"https:\/\/www.popeline-store.com\/wp-content\/uploads\/2025\/01\/Capture-decran-2025-01-15-a-12.59.25.png","contentUrl":"https:\/\/www.popeline-store.com\/wp-content\/uploads\/2025\/01\/Capture-decran-2025-01-15-a-12.59.25.png","width":584,"height":1048},{"@type":"BreadcrumbList","@id":"https:\/\/www.popeline-store.com\/index.php\/produit\/gilet-classique-en-kid-mohair-eliott-gris-taille-unique\/#breadcrumb","itemListElement":[{"@type":"ListItem","position":1,"name":"Accueil","item":"https:\/\/www.popeline-store.com\/"},{"@type":"ListItem","position":2,"name":"Boutique","item":"https:\/\/www.popeline-store.com\/index.php\/popeline-beziers-page-boutique\/"},{"@type":"ListItem","position":3,"name":"Gilet classique en kid mohair ELIOTT gris &#8211; Taille Unique"}]},{"@type":"WebSite","@id":"https:\/\/www.popeline-store.com\/#website","url":"https:\/\/www.popeline-store.com\/","name":"Popeline B\u00e9ziers, boutique pr\u00eat \u00e0 porter sur B\u00e9ziers","description":"Popeline est une boutique de mode f\u00e9minine situ\u00e9e \u00e0 B\u00e9ziers, H\u00e9rault, France. Vous y trouverez une large gamme de v\u00eatements tendance, accessoires \u00e9l\u00e9gants ..","publisher":{"@id":"https:\/\/www.popeline-store.com\/#organization"},"potentialAction":[{"@type":"SearchAction","target":{"@type":"EntryPoint","urlTemplate":"https:\/\/www.popeline-store.com\/?s={search_term_string}"},"query-input":{"@type":"PropertyValueSpecification","valueRequired":true,"valueName":"search_term_string"}}],"inLanguage":"fr-FR"},{"@type":"Organization","@id":"https:\/\/www.popeline-store.com\/#organization","name":"Popeline \u00e0 B\u00e9ziers, boutique pr\u00eat \u00e0 porter sur B\u00e9ziers","url":"https:\/\/www.popeline-store.com\/","logo":{"@type":"ImageObject","inLanguage":"fr-FR","@id":"https:\/\/www.popeline-store.com\/#\/schema\/logo\/image\/","url":"https:\/\/www.popeline-store.com\/wp-content\/uploads\/2024\/12\/PopLogoReduc.png","contentUrl":"https:\/\/www.popeline-store.com\/wp-content\/uploads\/2024\/12\/PopLogoReduc.png","width":500,"height":500,"caption":"Popeline \u00e0 B\u00e9ziers, boutique pr\u00eat \u00e0 porter sur B\u00e9ziers"},"image":{"@id":"https:\/\/www.popeline-store.com\/#\/schema\/logo\/image\/"},"sameAs":["https:\/\/www.instagram.com\/popeline_beziers\/"]}]}},"jetpack_sharing_enabled":true,"_links":{"self":[{"href":"https:\/\/www.popeline-store.com\/index.php\/wp-json\/wp\/v2\/product\/1594","targetHints":{"allow":["GET"]}}],"collection":[{"href":"https:\/\/www.popeline-store.com\/index.php\/wp-json\/wp\/v2\/product"}],"about":[{"href":"https:\/\/www.popeline-store.com\/index.php\/wp-json\/wp\/v2\/types\/product"}],"replies":[{"embeddable":true,"href":"https:\/\/www.popeline-store.com\/index.php\/wp-json\/wp\/v2\/comments?post=1594"}],"wp:featuredmedia":[{"embeddable":true,"href":"https:\/\/www.popeline-store.com\/index.php\/wp-json\/wp\/v2\/media\/1597"}],"wp:attachment":[{"href":"https:\/\/www.popeline-store.com\/index.php\/wp-json\/wp\/v2\/media?parent=1594"}],"wp:term":[{"taxonomy":"product_brand","embeddable":true,"href":"https:\/\/www.popeline-store.com\/index.php\/wp-json\/wp\/v2\/product_brand?post=1594"},{"taxonomy":"product_cat","embeddable":true,"href":"https:\/\/www.popeline-store.com\/index.php\/wp-json\/wp\/v2\/product_cat?post=1594"},{"taxonomy":"product_tag","embeddable":true,"href":"https:\/\/www.popeline-store.com\/index.php\/wp-json\/wp\/v2\/product_tag?post=1594"}],"curies":[{"name":"wp","href":"https:\/\/api.w.org\/{rel}","templated":true}]}}