{"id":1810,"date":"2025-01-15T22:13:37","date_gmt":"2025-01-15T21:13:37","guid":{"rendered":"https:\/\/www.popeline-store.com\/?post_type=product&#038;p=1810"},"modified":"2025-12-24T12:52:46","modified_gmt":"2025-12-24T11:52:46","slug":"yade-collant-parfait-confort-plumetis","status":"publish","type":"product","link":"https:\/\/www.popeline-store.com\/index.php\/produit\/yade-collant-parfait-confort-plumetis\/","title":{"rendered":"YADE\u00ae Collant Parfait &#8211; Confort Plumetis"},"content":{"rendered":"<h4><strong>YADE\u00ae Collant Parfait &#8211; Confort Plumetis<\/strong><\/h4>\n<p>CERTIFI\u00c9 SANS OBSOLESCENCE PROGRAMM\u00c9E<\/p>\n<p>&nbsp;<\/p>\n","protected":false},"excerpt":{"rendered":"<p>Le Collant Parfait en version Shorty Confort est le collant id\u00e9al \u00e0 porter au quotidien. Il enveloppe la taille et apporte une sensation de confort absolu qui accompagne l&rsquo;ensemble de vous mouvements, tout au long de la journ\u00e9e.<\/p>\n<p>Motif : mod\u00e8le d\u00e9clin\u00e9 dans un motif fantaisie Plumetis\u00a0incontournable.<\/p>\n<p>R\u00e9sistance haute : confectionn\u00e9 \u00e0 partir d\u2019une fibre 40 deniers, 10 fois plus r\u00e9sistante qu\u2019un collant classique, garantissant de nombreuses utilisations.<\/p>\n<ul class=\"\" data-pf-type=\"List\">\n<li class=\"\" data-pf-type=\"List.Item\"><span class=\"\" data-pf-type=\"Text\">Nouvelle fibre 10 fois plus r\u00e9sistante, r\u00e9siste aux frottements<\/span><\/li>\n<li class=\"\" data-pf-type=\"List.Item\"><span class=\"\" data-pf-type=\"Text\">Technique de tricotage unique et innovante : mailles serr\u00e9es anti-accroc<\/span><\/li>\n<li class=\"\" data-pf-type=\"List.Item\"><span class=\"\" data-pf-type=\"Text\">Nouveau shorty confort : enveloppe la taille et accompagne les mouvements<\/span><\/li>\n<li class=\"\" data-pf-type=\"List.Item\"><span class=\"\" data-pf-type=\"Text\">Parfait pour une utilisation au quotidien<\/span><\/li>\n<li class=\"\" data-pf-type=\"List.Item\"><span class=\"\" data-pf-type=\"Text\">Voile Luxury Edition, toucher soie pour un enfilage facile<\/span><\/li>\n<li class=\"\" data-pf-type=\"List.Item\"><span class=\"\" data-pf-type=\"Text\">Voile Fantaisie Plumetis : un motif \u00e0 pois incontournable<\/span><\/li>\n<\/ul>\n","protected":false},"featured_media":1819,"comment_status":"open","ping_status":"closed","template":"","meta":{"_et_pb_use_builder":"","_et_pb_old_content":"","_et_gb_content_width":"","om_disable_all_campaigns":false},"product_brand":[],"product_cat":[42],"product_tag":[],"class_list":{"0":"post-1810","1":"product","2":"type-product","3":"status-publish","4":"has-post-thumbnail","6":"product_cat-accessoires","8":"first","9":"instock","10":"taxable","11":"shipping-taxable","12":"purchasable","13":"product-type-variable","14":"has-default-attributes"},"yoast_head":"<!-- This site is optimized with the Yoast SEO plugin v27.2 - https:\/\/yoast.com\/product\/yoast-seo-wordpress\/ -->\n<title>YADE\u00ae Collant Parfait - Confort Plumetis - Popeline Store, boutique pr\u00eat \u00e0 porter sur B\u00e9ziers<\/title>\n<meta name=\"robots\" content=\"index, follow, max-snippet:-1, max-image-preview:large, max-video-preview:-1\" \/>\n<link rel=\"canonical\" href=\"https:\/\/www.popeline-store.com\/index.php\/produit\/yade-collant-parfait-confort-plumetis\/\" \/>\n<meta property=\"og:locale\" content=\"fr_FR\" \/>\n<meta property=\"og:type\" content=\"article\" \/>\n<meta property=\"og:title\" content=\"YADE\u00ae Collant Parfait - Confort Plumetis - Popeline Store, boutique pr\u00eat \u00e0 porter sur B\u00e9ziers\" \/>\n<meta property=\"og:description\" content=\"Le Collant Parfait en version Shorty Confort est le collant id\u00e9al \u00e0 porter au quotidien. Il enveloppe la taille et apporte une sensation de confort absolu qui accompagne l&#039;ensemble de vous mouvements, tout au long de la journ\u00e9e.  Motif : mod\u00e8le d\u00e9clin\u00e9 dans un motif fantaisie Plumetis\u00a0incontournable.  R\u00e9sistance haute : confectionn\u00e9 \u00e0 partir d\u2019une fibre 40 deniers, 10 fois plus r\u00e9sistante qu\u2019un collant classique, garantissant de nombreuses utilisations.   Nouvelle fibre 10 fois plus r\u00e9sistante, r\u00e9siste aux frottements  Technique de tricotage unique et innovante : mailles serr\u00e9es anti-accroc  Nouveau shorty confort : enveloppe la taille et accompagne les mouvements  Parfait pour une utilisation au quotidien  Voile Luxury Edition, toucher soie pour un enfilage facile  Voile Fantaisie Plumetis : un motif \u00e0 pois incontournable\" \/>\n<meta property=\"og:url\" content=\"https:\/\/www.popeline-store.com\/index.php\/produit\/yade-collant-parfait-confort-plumetis\/\" \/>\n<meta property=\"og:site_name\" content=\"Popeline Store, boutique pr\u00eat \u00e0 porter sur B\u00e9ziers\" \/>\n<meta property=\"article:modified_time\" content=\"2025-12-24T11:52:46+00:00\" \/>\n<meta property=\"og:image\" content=\"https:\/\/www.popeline-store.com\/wp-content\/uploads\/2025\/01\/Capture-decran-2025-01-15-a-22.13.44.png\" \/>\n\t<meta property=\"og:image:width\" content=\"832\" \/>\n\t<meta property=\"og:image:height\" content=\"1070\" \/>\n\t<meta property=\"og:image:type\" content=\"image\/png\" \/>\n<meta name=\"twitter:card\" content=\"summary_large_image\" \/>\n<meta name=\"twitter:label1\" content=\"Dur\u00e9e de lecture estim\u00e9e\" \/>\n\t<meta name=\"twitter:data1\" content=\"1 minute\" \/>\n<script type=\"application\/ld+json\" class=\"yoast-schema-graph\">{\"@context\":\"https:\/\/schema.org\",\"@graph\":[{\"@type\":\"WebPage\",\"@id\":\"https:\/\/www.popeline-store.com\/index.php\/produit\/yade-collant-parfait-confort-plumetis\/\",\"url\":\"https:\/\/www.popeline-store.com\/index.php\/produit\/yade-collant-parfait-confort-plumetis\/\",\"name\":\"YADE\u00ae Collant Parfait - Confort Plumetis - Popeline Store, boutique pr\u00eat \u00e0 porter sur B\u00e9ziers\",\"isPartOf\":{\"@id\":\"https:\/\/www.popeline-store.com\/#website\"},\"primaryImageOfPage\":{\"@id\":\"https:\/\/www.popeline-store.com\/index.php\/produit\/yade-collant-parfait-confort-plumetis\/#primaryimage\"},\"image\":{\"@id\":\"https:\/\/www.popeline-store.com\/index.php\/produit\/yade-collant-parfait-confort-plumetis\/#primaryimage\"},\"thumbnailUrl\":\"https:\/\/www.popeline-store.com\/wp-content\/uploads\/2025\/01\/Capture-decran-2025-01-15-a-22.13.44.png\",\"datePublished\":\"2025-01-15T21:13:37+00:00\",\"dateModified\":\"2025-12-24T11:52:46+00:00\",\"breadcrumb\":{\"@id\":\"https:\/\/www.popeline-store.com\/index.php\/produit\/yade-collant-parfait-confort-plumetis\/#breadcrumb\"},\"inLanguage\":\"fr-FR\",\"potentialAction\":[{\"@type\":\"ReadAction\",\"target\":[\"https:\/\/www.popeline-store.com\/index.php\/produit\/yade-collant-parfait-confort-plumetis\/\"]}]},{\"@type\":\"ImageObject\",\"inLanguage\":\"fr-FR\",\"@id\":\"https:\/\/www.popeline-store.com\/index.php\/produit\/yade-collant-parfait-confort-plumetis\/#primaryimage\",\"url\":\"https:\/\/www.popeline-store.com\/wp-content\/uploads\/2025\/01\/Capture-decran-2025-01-15-a-22.13.44.png\",\"contentUrl\":\"https:\/\/www.popeline-store.com\/wp-content\/uploads\/2025\/01\/Capture-decran-2025-01-15-a-22.13.44.png\",\"width\":832,\"height\":1070},{\"@type\":\"BreadcrumbList\",\"@id\":\"https:\/\/www.popeline-store.com\/index.php\/produit\/yade-collant-parfait-confort-plumetis\/#breadcrumb\",\"itemListElement\":[{\"@type\":\"ListItem\",\"position\":1,\"name\":\"Accueil\",\"item\":\"https:\/\/www.popeline-store.com\/\"},{\"@type\":\"ListItem\",\"position\":2,\"name\":\"Boutique\",\"item\":\"https:\/\/www.popeline-store.com\/index.php\/popeline-beziers-page-boutique\/\"},{\"@type\":\"ListItem\",\"position\":3,\"name\":\"YADE\u00ae Collant Parfait &#8211; Confort Plumetis\"}]},{\"@type\":\"WebSite\",\"@id\":\"https:\/\/www.popeline-store.com\/#website\",\"url\":\"https:\/\/www.popeline-store.com\/\",\"name\":\"Popeline B\u00e9ziers, boutique pr\u00eat \u00e0 porter sur B\u00e9ziers\",\"description\":\"Popeline est une boutique de mode f\u00e9minine situ\u00e9e \u00e0 B\u00e9ziers, H\u00e9rault, France. Vous y trouverez une large gamme de v\u00eatements tendance, accessoires \u00e9l\u00e9gants ..\",\"publisher\":{\"@id\":\"https:\/\/www.popeline-store.com\/#organization\"},\"potentialAction\":[{\"@type\":\"SearchAction\",\"target\":{\"@type\":\"EntryPoint\",\"urlTemplate\":\"https:\/\/www.popeline-store.com\/?s={search_term_string}\"},\"query-input\":{\"@type\":\"PropertyValueSpecification\",\"valueRequired\":true,\"valueName\":\"search_term_string\"}}],\"inLanguage\":\"fr-FR\"},{\"@type\":\"Organization\",\"@id\":\"https:\/\/www.popeline-store.com\/#organization\",\"name\":\"Popeline \u00e0 B\u00e9ziers, boutique pr\u00eat \u00e0 porter sur B\u00e9ziers\",\"url\":\"https:\/\/www.popeline-store.com\/\",\"logo\":{\"@type\":\"ImageObject\",\"inLanguage\":\"fr-FR\",\"@id\":\"https:\/\/www.popeline-store.com\/#\/schema\/logo\/image\/\",\"url\":\"https:\/\/www.popeline-store.com\/wp-content\/uploads\/2024\/12\/PopLogoReduc.png\",\"contentUrl\":\"https:\/\/www.popeline-store.com\/wp-content\/uploads\/2024\/12\/PopLogoReduc.png\",\"width\":500,\"height\":500,\"caption\":\"Popeline \u00e0 B\u00e9ziers, boutique pr\u00eat \u00e0 porter sur B\u00e9ziers\"},\"image\":{\"@id\":\"https:\/\/www.popeline-store.com\/#\/schema\/logo\/image\/\"},\"sameAs\":[\"https:\/\/www.instagram.com\/popeline_beziers\/\"]}]}<\/script>\n<!-- \/ Yoast SEO plugin. -->","yoast_head_json":{"title":"YADE\u00ae Collant Parfait - Confort Plumetis - Popeline Store, boutique pr\u00eat \u00e0 porter sur B\u00e9ziers","robots":{"index":"index","follow":"follow","max-snippet":"max-snippet:-1","max-image-preview":"max-image-preview:large","max-video-preview":"max-video-preview:-1"},"canonical":"https:\/\/www.popeline-store.com\/index.php\/produit\/yade-collant-parfait-confort-plumetis\/","og_locale":"fr_FR","og_type":"article","og_title":"YADE\u00ae Collant Parfait - Confort Plumetis - Popeline Store, boutique pr\u00eat \u00e0 porter sur B\u00e9ziers","og_description":"Le Collant Parfait en version Shorty Confort est le collant id\u00e9al \u00e0 porter au quotidien. Il enveloppe la taille et apporte une sensation de confort absolu qui accompagne l'ensemble de vous mouvements, tout au long de la journ\u00e9e.  Motif : mod\u00e8le d\u00e9clin\u00e9 dans un motif fantaisie Plumetis\u00a0incontournable.  R\u00e9sistance haute : confectionn\u00e9 \u00e0 partir d\u2019une fibre 40 deniers, 10 fois plus r\u00e9sistante qu\u2019un collant classique, garantissant de nombreuses utilisations.   Nouvelle fibre 10 fois plus r\u00e9sistante, r\u00e9siste aux frottements  Technique de tricotage unique et innovante : mailles serr\u00e9es anti-accroc  Nouveau shorty confort : enveloppe la taille et accompagne les mouvements  Parfait pour une utilisation au quotidien  Voile Luxury Edition, toucher soie pour un enfilage facile  Voile Fantaisie Plumetis : un motif \u00e0 pois incontournable","og_url":"https:\/\/www.popeline-store.com\/index.php\/produit\/yade-collant-parfait-confort-plumetis\/","og_site_name":"Popeline Store, boutique pr\u00eat \u00e0 porter sur B\u00e9ziers","article_modified_time":"2025-12-24T11:52:46+00:00","og_image":[{"width":832,"height":1070,"url":"https:\/\/www.popeline-store.com\/wp-content\/uploads\/2025\/01\/Capture-decran-2025-01-15-a-22.13.44.png","type":"image\/png"}],"twitter_card":"summary_large_image","twitter_misc":{"Dur\u00e9e de lecture estim\u00e9e":"1 minute"},"schema":{"@context":"https:\/\/schema.org","@graph":[{"@type":"WebPage","@id":"https:\/\/www.popeline-store.com\/index.php\/produit\/yade-collant-parfait-confort-plumetis\/","url":"https:\/\/www.popeline-store.com\/index.php\/produit\/yade-collant-parfait-confort-plumetis\/","name":"YADE\u00ae Collant Parfait - Confort Plumetis - Popeline Store, boutique pr\u00eat \u00e0 porter sur B\u00e9ziers","isPartOf":{"@id":"https:\/\/www.popeline-store.com\/#website"},"primaryImageOfPage":{"@id":"https:\/\/www.popeline-store.com\/index.php\/produit\/yade-collant-parfait-confort-plumetis\/#primaryimage"},"image":{"@id":"https:\/\/www.popeline-store.com\/index.php\/produit\/yade-collant-parfait-confort-plumetis\/#primaryimage"},"thumbnailUrl":"https:\/\/www.popeline-store.com\/wp-content\/uploads\/2025\/01\/Capture-decran-2025-01-15-a-22.13.44.png","datePublished":"2025-01-15T21:13:37+00:00","dateModified":"2025-12-24T11:52:46+00:00","breadcrumb":{"@id":"https:\/\/www.popeline-store.com\/index.php\/produit\/yade-collant-parfait-confort-plumetis\/#breadcrumb"},"inLanguage":"fr-FR","potentialAction":[{"@type":"ReadAction","target":["https:\/\/www.popeline-store.com\/index.php\/produit\/yade-collant-parfait-confort-plumetis\/"]}]},{"@type":"ImageObject","inLanguage":"fr-FR","@id":"https:\/\/www.popeline-store.com\/index.php\/produit\/yade-collant-parfait-confort-plumetis\/#primaryimage","url":"https:\/\/www.popeline-store.com\/wp-content\/uploads\/2025\/01\/Capture-decran-2025-01-15-a-22.13.44.png","contentUrl":"https:\/\/www.popeline-store.com\/wp-content\/uploads\/2025\/01\/Capture-decran-2025-01-15-a-22.13.44.png","width":832,"height":1070},{"@type":"BreadcrumbList","@id":"https:\/\/www.popeline-store.com\/index.php\/produit\/yade-collant-parfait-confort-plumetis\/#breadcrumb","itemListElement":[{"@type":"ListItem","position":1,"name":"Accueil","item":"https:\/\/www.popeline-store.com\/"},{"@type":"ListItem","position":2,"name":"Boutique","item":"https:\/\/www.popeline-store.com\/index.php\/popeline-beziers-page-boutique\/"},{"@type":"ListItem","position":3,"name":"YADE\u00ae Collant Parfait &#8211; Confort Plumetis"}]},{"@type":"WebSite","@id":"https:\/\/www.popeline-store.com\/#website","url":"https:\/\/www.popeline-store.com\/","name":"Popeline B\u00e9ziers, boutique pr\u00eat \u00e0 porter sur B\u00e9ziers","description":"Popeline est une boutique de mode f\u00e9minine situ\u00e9e \u00e0 B\u00e9ziers, H\u00e9rault, France. Vous y trouverez une large gamme de v\u00eatements tendance, accessoires \u00e9l\u00e9gants ..","publisher":{"@id":"https:\/\/www.popeline-store.com\/#organization"},"potentialAction":[{"@type":"SearchAction","target":{"@type":"EntryPoint","urlTemplate":"https:\/\/www.popeline-store.com\/?s={search_term_string}"},"query-input":{"@type":"PropertyValueSpecification","valueRequired":true,"valueName":"search_term_string"}}],"inLanguage":"fr-FR"},{"@type":"Organization","@id":"https:\/\/www.popeline-store.com\/#organization","name":"Popeline \u00e0 B\u00e9ziers, boutique pr\u00eat \u00e0 porter sur B\u00e9ziers","url":"https:\/\/www.popeline-store.com\/","logo":{"@type":"ImageObject","inLanguage":"fr-FR","@id":"https:\/\/www.popeline-store.com\/#\/schema\/logo\/image\/","url":"https:\/\/www.popeline-store.com\/wp-content\/uploads\/2024\/12\/PopLogoReduc.png","contentUrl":"https:\/\/www.popeline-store.com\/wp-content\/uploads\/2024\/12\/PopLogoReduc.png","width":500,"height":500,"caption":"Popeline \u00e0 B\u00e9ziers, boutique pr\u00eat \u00e0 porter sur B\u00e9ziers"},"image":{"@id":"https:\/\/www.popeline-store.com\/#\/schema\/logo\/image\/"},"sameAs":["https:\/\/www.instagram.com\/popeline_beziers\/"]}]}},"jetpack_sharing_enabled":true,"_links":{"self":[{"href":"https:\/\/www.popeline-store.com\/index.php\/wp-json\/wp\/v2\/product\/1810","targetHints":{"allow":["GET"]}}],"collection":[{"href":"https:\/\/www.popeline-store.com\/index.php\/wp-json\/wp\/v2\/product"}],"about":[{"href":"https:\/\/www.popeline-store.com\/index.php\/wp-json\/wp\/v2\/types\/product"}],"replies":[{"embeddable":true,"href":"https:\/\/www.popeline-store.com\/index.php\/wp-json\/wp\/v2\/comments?post=1810"}],"wp:featuredmedia":[{"embeddable":true,"href":"https:\/\/www.popeline-store.com\/index.php\/wp-json\/wp\/v2\/media\/1819"}],"wp:attachment":[{"href":"https:\/\/www.popeline-store.com\/index.php\/wp-json\/wp\/v2\/media?parent=1810"}],"wp:term":[{"taxonomy":"product_brand","embeddable":true,"href":"https:\/\/www.popeline-store.com\/index.php\/wp-json\/wp\/v2\/product_brand?post=1810"},{"taxonomy":"product_cat","embeddable":true,"href":"https:\/\/www.popeline-store.com\/index.php\/wp-json\/wp\/v2\/product_cat?post=1810"},{"taxonomy":"product_tag","embeddable":true,"href":"https:\/\/www.popeline-store.com\/index.php\/wp-json\/wp\/v2\/product_tag?post=1810"}],"curies":[{"name":"wp","href":"https:\/\/api.w.org\/{rel}","templated":true}]}}