{"id":1866,"date":"2025-01-16T12:07:56","date_gmt":"2025-01-16T11:07:56","guid":{"rendered":"https:\/\/www.popeline-store.com\/?post_type=product&#038;p=1866"},"modified":"2025-03-27T18:53:08","modified_gmt":"2025-03-27T17:53:08","slug":"pull-sans-manches-en-mohair-sandro-fuschia-taille-unique","status":"publish","type":"product","link":"https:\/\/www.popeline-store.com\/index.php\/produit\/pull-sans-manches-en-mohair-sandro-fuschia-taille-unique\/","title":{"rendered":"Pull Sans Manches en Mohair SANDRO fuschia &#8211; Taille Unique"},"content":{"rendered":"<h4><strong>Pull Sans Manches en Mohair SANDRO fuschia &#8211; Taille Unique<\/strong><\/h4>\n<p>Disponible en diff\u00e9rentes couleurs vibrantes, il s&rsquo;adapte \u00e0 toutes vos envies de style.<\/p>\n<ul>\n<li><b><\/b><b>Longueur<\/b> : 50 cm, parfait pour une silhouette \u00e9quilibr\u00e9e.<\/li>\n<li><b><\/b><b>Taille unique<\/b> : convient aux tailles 36 \u00e0 40 gr\u00e2ce \u00e0 sa maille extensible.<\/li>\n<li><b><\/b><b>Composition<\/b> : 70 % mohair, 28 % polyamide, 2 % \u00e9lasthanne \u2013 douceur et confort garantis.<\/li>\n<li><b><\/b><b>Origine<\/b> : Made in Italy, gage de qualit\u00e9 et de savoir-faire.<\/li>\n<\/ul>\n","protected":false},"excerpt":{"rendered":"<p>Craquez pour ce pull sans manches en mohair, un incontournable de la saison pour un look moderne et \u00e9l\u00e9gant.<\/p>\n<p>Avec sa coupe l\u00e9g\u00e8rement ample et son encolure ronde, il se porte aussi bien seul qu&rsquo;en superposition sur une chemise ou un haut \u00e0 manches longues.<\/p>\n<p>Associez-le avec un pantalon taille haute ou une jupe pour un look chic et polyvalent.<\/p>\n<p>Ce pull sans manches deviendra rapidement un essentiel de votre garde-robe !<\/p>\n","protected":false},"featured_media":1868,"comment_status":"open","ping_status":"closed","template":"","meta":{"_et_pb_use_builder":"","_et_pb_old_content":"","_et_gb_content_width":"","om_disable_all_campaigns":false},"product_brand":[],"product_cat":[38],"product_tag":[],"class_list":{"0":"post-1866","1":"product","2":"type-product","3":"status-publish","4":"has-post-thumbnail","6":"product_cat-mailles","8":"first","9":"outofstock","10":"taxable","11":"shipping-taxable","12":"purchasable","13":"product-type-simple"},"yoast_head":"<!-- This site is optimized with the Yoast SEO plugin v27.2 - https:\/\/yoast.com\/product\/yoast-seo-wordpress\/ -->\n<title>Pull Sans Manches en Mohair SANDRO fuschia - Taille Unique - Popeline Store, boutique pr\u00eat \u00e0 porter sur B\u00e9ziers<\/title>\n<meta name=\"robots\" content=\"index, follow, max-snippet:-1, max-image-preview:large, max-video-preview:-1\" \/>\n<link rel=\"canonical\" href=\"https:\/\/www.popeline-store.com\/index.php\/produit\/pull-sans-manches-en-mohair-sandro-fuschia-taille-unique\/\" \/>\n<meta property=\"og:locale\" content=\"fr_FR\" \/>\n<meta property=\"og:type\" content=\"article\" \/>\n<meta property=\"og:title\" content=\"Pull Sans Manches en Mohair SANDRO fuschia - Taille Unique - Popeline Store, boutique pr\u00eat \u00e0 porter sur B\u00e9ziers\" \/>\n<meta property=\"og:description\" content=\"Craquez pour ce pull sans manches en mohair, un incontournable de la saison pour un look moderne et \u00e9l\u00e9gant.  Avec sa coupe l\u00e9g\u00e8rement ample et son encolure ronde, il se porte aussi bien seul qu&#039;en superposition sur une chemise ou un haut \u00e0 manches longues.  Associez-le avec un pantalon taille haute ou une jupe pour un look chic et polyvalent.  Ce pull sans manches deviendra rapidement un essentiel de votre garde-robe !\" \/>\n<meta property=\"og:url\" content=\"https:\/\/www.popeline-store.com\/index.php\/produit\/pull-sans-manches-en-mohair-sandro-fuschia-taille-unique\/\" \/>\n<meta property=\"og:site_name\" content=\"Popeline Store, boutique pr\u00eat \u00e0 porter sur B\u00e9ziers\" \/>\n<meta property=\"article:modified_time\" content=\"2025-03-27T17:53:08+00:00\" \/>\n<meta property=\"og:image\" content=\"https:\/\/www.popeline-store.com\/wp-content\/uploads\/2025\/01\/Capture-decran-2025-01-16-a-12.06.31.png\" \/>\n\t<meta property=\"og:image:width\" content=\"730\" \/>\n\t<meta property=\"og:image:height\" content=\"1318\" \/>\n\t<meta property=\"og:image:type\" content=\"image\/png\" \/>\n<meta name=\"twitter:card\" content=\"summary_large_image\" \/>\n<script type=\"application\/ld+json\" class=\"yoast-schema-graph\">{\"@context\":\"https:\/\/schema.org\",\"@graph\":[{\"@type\":\"WebPage\",\"@id\":\"https:\/\/www.popeline-store.com\/index.php\/produit\/pull-sans-manches-en-mohair-sandro-fuschia-taille-unique\/\",\"url\":\"https:\/\/www.popeline-store.com\/index.php\/produit\/pull-sans-manches-en-mohair-sandro-fuschia-taille-unique\/\",\"name\":\"Pull Sans Manches en Mohair SANDRO fuschia - Taille Unique - Popeline Store, boutique pr\u00eat \u00e0 porter sur B\u00e9ziers\",\"isPartOf\":{\"@id\":\"https:\/\/www.popeline-store.com\/#website\"},\"primaryImageOfPage\":{\"@id\":\"https:\/\/www.popeline-store.com\/index.php\/produit\/pull-sans-manches-en-mohair-sandro-fuschia-taille-unique\/#primaryimage\"},\"image\":{\"@id\":\"https:\/\/www.popeline-store.com\/index.php\/produit\/pull-sans-manches-en-mohair-sandro-fuschia-taille-unique\/#primaryimage\"},\"thumbnailUrl\":\"https:\/\/www.popeline-store.com\/wp-content\/uploads\/2025\/01\/Capture-decran-2025-01-16-a-12.06.31.png\",\"datePublished\":\"2025-01-16T11:07:56+00:00\",\"dateModified\":\"2025-03-27T17:53:08+00:00\",\"breadcrumb\":{\"@id\":\"https:\/\/www.popeline-store.com\/index.php\/produit\/pull-sans-manches-en-mohair-sandro-fuschia-taille-unique\/#breadcrumb\"},\"inLanguage\":\"fr-FR\",\"potentialAction\":[{\"@type\":\"ReadAction\",\"target\":[\"https:\/\/www.popeline-store.com\/index.php\/produit\/pull-sans-manches-en-mohair-sandro-fuschia-taille-unique\/\"]}]},{\"@type\":\"ImageObject\",\"inLanguage\":\"fr-FR\",\"@id\":\"https:\/\/www.popeline-store.com\/index.php\/produit\/pull-sans-manches-en-mohair-sandro-fuschia-taille-unique\/#primaryimage\",\"url\":\"https:\/\/www.popeline-store.com\/wp-content\/uploads\/2025\/01\/Capture-decran-2025-01-16-a-12.06.31.png\",\"contentUrl\":\"https:\/\/www.popeline-store.com\/wp-content\/uploads\/2025\/01\/Capture-decran-2025-01-16-a-12.06.31.png\",\"width\":730,\"height\":1318},{\"@type\":\"BreadcrumbList\",\"@id\":\"https:\/\/www.popeline-store.com\/index.php\/produit\/pull-sans-manches-en-mohair-sandro-fuschia-taille-unique\/#breadcrumb\",\"itemListElement\":[{\"@type\":\"ListItem\",\"position\":1,\"name\":\"Accueil\",\"item\":\"https:\/\/www.popeline-store.com\/\"},{\"@type\":\"ListItem\",\"position\":2,\"name\":\"Boutique\",\"item\":\"https:\/\/www.popeline-store.com\/index.php\/popeline-beziers-page-boutique\/\"},{\"@type\":\"ListItem\",\"position\":3,\"name\":\"Pull Sans Manches en Mohair SANDRO fuschia &#8211; Taille Unique\"}]},{\"@type\":\"WebSite\",\"@id\":\"https:\/\/www.popeline-store.com\/#website\",\"url\":\"https:\/\/www.popeline-store.com\/\",\"name\":\"Popeline B\u00e9ziers, boutique pr\u00eat \u00e0 porter sur B\u00e9ziers\",\"description\":\"Popeline est une boutique de mode f\u00e9minine situ\u00e9e \u00e0 B\u00e9ziers, H\u00e9rault, France. Vous y trouverez une large gamme de v\u00eatements tendance, accessoires \u00e9l\u00e9gants ..\",\"publisher\":{\"@id\":\"https:\/\/www.popeline-store.com\/#organization\"},\"potentialAction\":[{\"@type\":\"SearchAction\",\"target\":{\"@type\":\"EntryPoint\",\"urlTemplate\":\"https:\/\/www.popeline-store.com\/?s={search_term_string}\"},\"query-input\":{\"@type\":\"PropertyValueSpecification\",\"valueRequired\":true,\"valueName\":\"search_term_string\"}}],\"inLanguage\":\"fr-FR\"},{\"@type\":\"Organization\",\"@id\":\"https:\/\/www.popeline-store.com\/#organization\",\"name\":\"Popeline \u00e0 B\u00e9ziers, boutique pr\u00eat \u00e0 porter sur B\u00e9ziers\",\"url\":\"https:\/\/www.popeline-store.com\/\",\"logo\":{\"@type\":\"ImageObject\",\"inLanguage\":\"fr-FR\",\"@id\":\"https:\/\/www.popeline-store.com\/#\/schema\/logo\/image\/\",\"url\":\"https:\/\/www.popeline-store.com\/wp-content\/uploads\/2024\/12\/PopLogoReduc.png\",\"contentUrl\":\"https:\/\/www.popeline-store.com\/wp-content\/uploads\/2024\/12\/PopLogoReduc.png\",\"width\":500,\"height\":500,\"caption\":\"Popeline \u00e0 B\u00e9ziers, boutique pr\u00eat \u00e0 porter sur B\u00e9ziers\"},\"image\":{\"@id\":\"https:\/\/www.popeline-store.com\/#\/schema\/logo\/image\/\"},\"sameAs\":[\"https:\/\/www.instagram.com\/popeline_beziers\/\"]}]}<\/script>\n<!-- \/ Yoast SEO plugin. -->","yoast_head_json":{"title":"Pull Sans Manches en Mohair SANDRO fuschia - Taille Unique - Popeline Store, boutique pr\u00eat \u00e0 porter sur B\u00e9ziers","robots":{"index":"index","follow":"follow","max-snippet":"max-snippet:-1","max-image-preview":"max-image-preview:large","max-video-preview":"max-video-preview:-1"},"canonical":"https:\/\/www.popeline-store.com\/index.php\/produit\/pull-sans-manches-en-mohair-sandro-fuschia-taille-unique\/","og_locale":"fr_FR","og_type":"article","og_title":"Pull Sans Manches en Mohair SANDRO fuschia - Taille Unique - Popeline Store, boutique pr\u00eat \u00e0 porter sur B\u00e9ziers","og_description":"Craquez pour ce pull sans manches en mohair, un incontournable de la saison pour un look moderne et \u00e9l\u00e9gant.  Avec sa coupe l\u00e9g\u00e8rement ample et son encolure ronde, il se porte aussi bien seul qu'en superposition sur une chemise ou un haut \u00e0 manches longues.  Associez-le avec un pantalon taille haute ou une jupe pour un look chic et polyvalent.  Ce pull sans manches deviendra rapidement un essentiel de votre garde-robe !","og_url":"https:\/\/www.popeline-store.com\/index.php\/produit\/pull-sans-manches-en-mohair-sandro-fuschia-taille-unique\/","og_site_name":"Popeline Store, boutique pr\u00eat \u00e0 porter sur B\u00e9ziers","article_modified_time":"2025-03-27T17:53:08+00:00","og_image":[{"width":730,"height":1318,"url":"https:\/\/www.popeline-store.com\/wp-content\/uploads\/2025\/01\/Capture-decran-2025-01-16-a-12.06.31.png","type":"image\/png"}],"twitter_card":"summary_large_image","schema":{"@context":"https:\/\/schema.org","@graph":[{"@type":"WebPage","@id":"https:\/\/www.popeline-store.com\/index.php\/produit\/pull-sans-manches-en-mohair-sandro-fuschia-taille-unique\/","url":"https:\/\/www.popeline-store.com\/index.php\/produit\/pull-sans-manches-en-mohair-sandro-fuschia-taille-unique\/","name":"Pull Sans Manches en Mohair SANDRO fuschia - Taille Unique - Popeline Store, boutique pr\u00eat \u00e0 porter sur B\u00e9ziers","isPartOf":{"@id":"https:\/\/www.popeline-store.com\/#website"},"primaryImageOfPage":{"@id":"https:\/\/www.popeline-store.com\/index.php\/produit\/pull-sans-manches-en-mohair-sandro-fuschia-taille-unique\/#primaryimage"},"image":{"@id":"https:\/\/www.popeline-store.com\/index.php\/produit\/pull-sans-manches-en-mohair-sandro-fuschia-taille-unique\/#primaryimage"},"thumbnailUrl":"https:\/\/www.popeline-store.com\/wp-content\/uploads\/2025\/01\/Capture-decran-2025-01-16-a-12.06.31.png","datePublished":"2025-01-16T11:07:56+00:00","dateModified":"2025-03-27T17:53:08+00:00","breadcrumb":{"@id":"https:\/\/www.popeline-store.com\/index.php\/produit\/pull-sans-manches-en-mohair-sandro-fuschia-taille-unique\/#breadcrumb"},"inLanguage":"fr-FR","potentialAction":[{"@type":"ReadAction","target":["https:\/\/www.popeline-store.com\/index.php\/produit\/pull-sans-manches-en-mohair-sandro-fuschia-taille-unique\/"]}]},{"@type":"ImageObject","inLanguage":"fr-FR","@id":"https:\/\/www.popeline-store.com\/index.php\/produit\/pull-sans-manches-en-mohair-sandro-fuschia-taille-unique\/#primaryimage","url":"https:\/\/www.popeline-store.com\/wp-content\/uploads\/2025\/01\/Capture-decran-2025-01-16-a-12.06.31.png","contentUrl":"https:\/\/www.popeline-store.com\/wp-content\/uploads\/2025\/01\/Capture-decran-2025-01-16-a-12.06.31.png","width":730,"height":1318},{"@type":"BreadcrumbList","@id":"https:\/\/www.popeline-store.com\/index.php\/produit\/pull-sans-manches-en-mohair-sandro-fuschia-taille-unique\/#breadcrumb","itemListElement":[{"@type":"ListItem","position":1,"name":"Accueil","item":"https:\/\/www.popeline-store.com\/"},{"@type":"ListItem","position":2,"name":"Boutique","item":"https:\/\/www.popeline-store.com\/index.php\/popeline-beziers-page-boutique\/"},{"@type":"ListItem","position":3,"name":"Pull Sans Manches en Mohair SANDRO fuschia &#8211; Taille Unique"}]},{"@type":"WebSite","@id":"https:\/\/www.popeline-store.com\/#website","url":"https:\/\/www.popeline-store.com\/","name":"Popeline B\u00e9ziers, boutique pr\u00eat \u00e0 porter sur B\u00e9ziers","description":"Popeline est une boutique de mode f\u00e9minine situ\u00e9e \u00e0 B\u00e9ziers, H\u00e9rault, France. Vous y trouverez une large gamme de v\u00eatements tendance, accessoires \u00e9l\u00e9gants ..","publisher":{"@id":"https:\/\/www.popeline-store.com\/#organization"},"potentialAction":[{"@type":"SearchAction","target":{"@type":"EntryPoint","urlTemplate":"https:\/\/www.popeline-store.com\/?s={search_term_string}"},"query-input":{"@type":"PropertyValueSpecification","valueRequired":true,"valueName":"search_term_string"}}],"inLanguage":"fr-FR"},{"@type":"Organization","@id":"https:\/\/www.popeline-store.com\/#organization","name":"Popeline \u00e0 B\u00e9ziers, boutique pr\u00eat \u00e0 porter sur B\u00e9ziers","url":"https:\/\/www.popeline-store.com\/","logo":{"@type":"ImageObject","inLanguage":"fr-FR","@id":"https:\/\/www.popeline-store.com\/#\/schema\/logo\/image\/","url":"https:\/\/www.popeline-store.com\/wp-content\/uploads\/2024\/12\/PopLogoReduc.png","contentUrl":"https:\/\/www.popeline-store.com\/wp-content\/uploads\/2024\/12\/PopLogoReduc.png","width":500,"height":500,"caption":"Popeline \u00e0 B\u00e9ziers, boutique pr\u00eat \u00e0 porter sur B\u00e9ziers"},"image":{"@id":"https:\/\/www.popeline-store.com\/#\/schema\/logo\/image\/"},"sameAs":["https:\/\/www.instagram.com\/popeline_beziers\/"]}]}},"jetpack_sharing_enabled":true,"_links":{"self":[{"href":"https:\/\/www.popeline-store.com\/index.php\/wp-json\/wp\/v2\/product\/1866","targetHints":{"allow":["GET"]}}],"collection":[{"href":"https:\/\/www.popeline-store.com\/index.php\/wp-json\/wp\/v2\/product"}],"about":[{"href":"https:\/\/www.popeline-store.com\/index.php\/wp-json\/wp\/v2\/types\/product"}],"replies":[{"embeddable":true,"href":"https:\/\/www.popeline-store.com\/index.php\/wp-json\/wp\/v2\/comments?post=1866"}],"wp:featuredmedia":[{"embeddable":true,"href":"https:\/\/www.popeline-store.com\/index.php\/wp-json\/wp\/v2\/media\/1868"}],"wp:attachment":[{"href":"https:\/\/www.popeline-store.com\/index.php\/wp-json\/wp\/v2\/media?parent=1866"}],"wp:term":[{"taxonomy":"product_brand","embeddable":true,"href":"https:\/\/www.popeline-store.com\/index.php\/wp-json\/wp\/v2\/product_brand?post=1866"},{"taxonomy":"product_cat","embeddable":true,"href":"https:\/\/www.popeline-store.com\/index.php\/wp-json\/wp\/v2\/product_cat?post=1866"},{"taxonomy":"product_tag","embeddable":true,"href":"https:\/\/www.popeline-store.com\/index.php\/wp-json\/wp\/v2\/product_tag?post=1866"}],"curies":[{"name":"wp","href":"https:\/\/api.w.org\/{rel}","templated":true}]}}