{"id":2258,"date":"2025-01-22T18:23:42","date_gmt":"2025-01-22T17:23:42","guid":{"rendered":"https:\/\/www.popeline-store.com\/?post_type=product&#038;p=2258"},"modified":"2025-09-26T16:01:36","modified_gmt":"2025-09-26T14:01:36","slug":"trench-court-a-doublure-leopard-ambroise-noir","status":"publish","type":"product","link":"https:\/\/www.popeline-store.com\/index.php\/produit\/trench-court-a-doublure-leopard-ambroise-noir\/","title":{"rendered":"Trench court \u00e0 doublure l\u00e9opard AMBROISE noir"},"content":{"rendered":"<h4><strong>Trench court \u00e0 doublure l\u00e9opard AMBROISE noir<\/strong><\/h4>\n<p>\u2728 <b>D\u00e9tails produit<\/b> :<\/p>\n<p>\u2022\u00a0\u00a0\u00a0\u00a0<b>Couleur<\/b> : Noir<\/p>\n<p>\u2022\u00a0\u00a0\u00a0\u00a0<b>Doublure<\/b> : Imprim\u00e9e l\u00e9opard<\/p>\n<p>\u2022\u00a0\u00a0\u00a0\u00a0<b>Coupe<\/b> : Oversize et fluide<\/p>\n<p>\u2022\u00a0\u00a0\u00a0\u00a0<b>Fermeture<\/b> : Double boutonnage<\/p>\n<p>\u2022\u00a0\u00a0\u00a0\u00a0<b>Mati\u00e8re<\/b> : 100% polyester, confortable et l\u00e9g\u00e8re<\/p>\n<p>Id\u00e9al pour la mi-saison, ce trench est la pi\u00e8ce incontournable pour allier confort et style en toute simplicit\u00e9 !<\/p>\n","protected":false},"excerpt":{"rendered":"<p>Ajoutez une touche de chic intemporel \u00e0 votre dressing avec ce trench court aux d\u00e9tails modernes.<\/p>\n<p>Sa coupe oversize et son tissu beige \u00e9l\u00e9gant s\u2019accordent parfaitement \u00e0 toutes vos tenues, des plus d\u00e9contract\u00e9es aux plus sophistiqu\u00e9es.<\/p>\n<p>L\u2019atout mode ? Sa doublure l\u00e9opard qui appara\u00eet subtilement lorsque les manches sont retrouss\u00e9es, apportant une note audacieuse et tendance.<\/p>\n<p>&nbsp;<\/p>\n","protected":false},"featured_media":2261,"comment_status":"open","ping_status":"closed","template":"","meta":{"_et_pb_use_builder":"","_et_pb_old_content":"","_et_gb_content_width":"","om_disable_all_campaigns":false},"product_brand":[],"product_cat":[41],"product_tag":[],"class_list":{"0":"post-2258","1":"product","2":"type-product","3":"status-publish","4":"has-post-thumbnail","6":"product_cat-vestes-manteaux","8":"first","9":"outofstock","10":"taxable","11":"shipping-taxable","12":"product-type-variable","13":"has-default-attributes"},"yoast_head":"<!-- This site is optimized with the Yoast SEO plugin v27.2 - https:\/\/yoast.com\/product\/yoast-seo-wordpress\/ -->\n<title>Trench court \u00e0 doublure l\u00e9opard AMBROISE noir - Popeline Store, boutique pr\u00eat \u00e0 porter sur B\u00e9ziers<\/title>\n<meta name=\"robots\" content=\"index, follow, max-snippet:-1, max-image-preview:large, max-video-preview:-1\" \/>\n<link rel=\"canonical\" href=\"https:\/\/www.popeline-store.com\/index.php\/produit\/trench-court-a-doublure-leopard-ambroise-noir\/\" \/>\n<meta property=\"og:locale\" content=\"fr_FR\" \/>\n<meta property=\"og:type\" content=\"article\" \/>\n<meta property=\"og:title\" content=\"Trench court \u00e0 doublure l\u00e9opard AMBROISE noir - Popeline Store, boutique pr\u00eat \u00e0 porter sur B\u00e9ziers\" \/>\n<meta property=\"og:description\" content=\"Ajoutez une touche de chic intemporel \u00e0 votre dressing avec ce trench court aux d\u00e9tails modernes.  Sa coupe oversize et son tissu beige \u00e9l\u00e9gant s\u2019accordent parfaitement \u00e0 toutes vos tenues, des plus d\u00e9contract\u00e9es aux plus sophistiqu\u00e9es.  L\u2019atout mode ? Sa doublure l\u00e9opard qui appara\u00eet subtilement lorsque les manches sont retrouss\u00e9es, apportant une note audacieuse et tendance.  &nbsp;\" \/>\n<meta property=\"og:url\" content=\"https:\/\/www.popeline-store.com\/index.php\/produit\/trench-court-a-doublure-leopard-ambroise-noir\/\" \/>\n<meta property=\"og:site_name\" content=\"Popeline Store, boutique pr\u00eat \u00e0 porter sur B\u00e9ziers\" \/>\n<meta property=\"article:modified_time\" content=\"2025-09-26T14:01:36+00:00\" \/>\n<meta name=\"twitter:card\" content=\"summary_large_image\" \/>\n<meta name=\"twitter:label1\" content=\"Dur\u00e9e de lecture estim\u00e9e\" \/>\n\t<meta name=\"twitter:data1\" content=\"1 minute\" \/>\n<script type=\"application\/ld+json\" class=\"yoast-schema-graph\">{\"@context\":\"https:\/\/schema.org\",\"@graph\":[{\"@type\":\"WebPage\",\"@id\":\"https:\/\/www.popeline-store.com\/index.php\/produit\/trench-court-a-doublure-leopard-ambroise-noir\/\",\"url\":\"https:\/\/www.popeline-store.com\/index.php\/produit\/trench-court-a-doublure-leopard-ambroise-noir\/\",\"name\":\"Trench court \u00e0 doublure l\u00e9opard AMBROISE noir - Popeline Store, boutique pr\u00eat \u00e0 porter sur B\u00e9ziers\",\"isPartOf\":{\"@id\":\"https:\/\/www.popeline-store.com\/#website\"},\"primaryImageOfPage\":{\"@id\":\"https:\/\/www.popeline-store.com\/index.php\/produit\/trench-court-a-doublure-leopard-ambroise-noir\/#primaryimage\"},\"image\":{\"@id\":\"https:\/\/www.popeline-store.com\/index.php\/produit\/trench-court-a-doublure-leopard-ambroise-noir\/#primaryimage\"},\"thumbnailUrl\":\"https:\/\/www.popeline-store.com\/wp-content\/uploads\/2025\/01\/IMG_0033-min-scaled.jpg\",\"datePublished\":\"2025-01-22T17:23:42+00:00\",\"dateModified\":\"2025-09-26T14:01:36+00:00\",\"breadcrumb\":{\"@id\":\"https:\/\/www.popeline-store.com\/index.php\/produit\/trench-court-a-doublure-leopard-ambroise-noir\/#breadcrumb\"},\"inLanguage\":\"fr-FR\",\"potentialAction\":[{\"@type\":\"ReadAction\",\"target\":[\"https:\/\/www.popeline-store.com\/index.php\/produit\/trench-court-a-doublure-leopard-ambroise-noir\/\"]}]},{\"@type\":\"ImageObject\",\"inLanguage\":\"fr-FR\",\"@id\":\"https:\/\/www.popeline-store.com\/index.php\/produit\/trench-court-a-doublure-leopard-ambroise-noir\/#primaryimage\",\"url\":\"https:\/\/www.popeline-store.com\/wp-content\/uploads\/2025\/01\/IMG_0033-min-scaled.jpg\",\"contentUrl\":\"https:\/\/www.popeline-store.com\/wp-content\/uploads\/2025\/01\/IMG_0033-min-scaled.jpg\",\"width\":1619,\"height\":2560},{\"@type\":\"BreadcrumbList\",\"@id\":\"https:\/\/www.popeline-store.com\/index.php\/produit\/trench-court-a-doublure-leopard-ambroise-noir\/#breadcrumb\",\"itemListElement\":[{\"@type\":\"ListItem\",\"position\":1,\"name\":\"Accueil\",\"item\":\"https:\/\/www.popeline-store.com\/\"},{\"@type\":\"ListItem\",\"position\":2,\"name\":\"Boutique\",\"item\":\"https:\/\/www.popeline-store.com\/index.php\/popeline-beziers-page-boutique\/\"},{\"@type\":\"ListItem\",\"position\":3,\"name\":\"Trench court \u00e0 doublure l\u00e9opard AMBROISE noir\"}]},{\"@type\":\"WebSite\",\"@id\":\"https:\/\/www.popeline-store.com\/#website\",\"url\":\"https:\/\/www.popeline-store.com\/\",\"name\":\"Popeline B\u00e9ziers, boutique pr\u00eat \u00e0 porter sur B\u00e9ziers\",\"description\":\"Popeline est une boutique de mode f\u00e9minine situ\u00e9e \u00e0 B\u00e9ziers, H\u00e9rault, France. Vous y trouverez une large gamme de v\u00eatements tendance, accessoires \u00e9l\u00e9gants ..\",\"publisher\":{\"@id\":\"https:\/\/www.popeline-store.com\/#organization\"},\"potentialAction\":[{\"@type\":\"SearchAction\",\"target\":{\"@type\":\"EntryPoint\",\"urlTemplate\":\"https:\/\/www.popeline-store.com\/?s={search_term_string}\"},\"query-input\":{\"@type\":\"PropertyValueSpecification\",\"valueRequired\":true,\"valueName\":\"search_term_string\"}}],\"inLanguage\":\"fr-FR\"},{\"@type\":\"Organization\",\"@id\":\"https:\/\/www.popeline-store.com\/#organization\",\"name\":\"Popeline \u00e0 B\u00e9ziers, boutique pr\u00eat \u00e0 porter sur B\u00e9ziers\",\"url\":\"https:\/\/www.popeline-store.com\/\",\"logo\":{\"@type\":\"ImageObject\",\"inLanguage\":\"fr-FR\",\"@id\":\"https:\/\/www.popeline-store.com\/#\/schema\/logo\/image\/\",\"url\":\"https:\/\/www.popeline-store.com\/wp-content\/uploads\/2024\/12\/PopLogoReduc.png\",\"contentUrl\":\"https:\/\/www.popeline-store.com\/wp-content\/uploads\/2024\/12\/PopLogoReduc.png\",\"width\":500,\"height\":500,\"caption\":\"Popeline \u00e0 B\u00e9ziers, boutique pr\u00eat \u00e0 porter sur B\u00e9ziers\"},\"image\":{\"@id\":\"https:\/\/www.popeline-store.com\/#\/schema\/logo\/image\/\"},\"sameAs\":[\"https:\/\/www.instagram.com\/popeline_beziers\/\"]}]}<\/script>\n<!-- \/ Yoast SEO plugin. -->","yoast_head_json":{"title":"Trench court \u00e0 doublure l\u00e9opard AMBROISE noir - Popeline Store, boutique pr\u00eat \u00e0 porter sur B\u00e9ziers","robots":{"index":"index","follow":"follow","max-snippet":"max-snippet:-1","max-image-preview":"max-image-preview:large","max-video-preview":"max-video-preview:-1"},"canonical":"https:\/\/www.popeline-store.com\/index.php\/produit\/trench-court-a-doublure-leopard-ambroise-noir\/","og_locale":"fr_FR","og_type":"article","og_title":"Trench court \u00e0 doublure l\u00e9opard AMBROISE noir - Popeline Store, boutique pr\u00eat \u00e0 porter sur B\u00e9ziers","og_description":"Ajoutez une touche de chic intemporel \u00e0 votre dressing avec ce trench court aux d\u00e9tails modernes.  Sa coupe oversize et son tissu beige \u00e9l\u00e9gant s\u2019accordent parfaitement \u00e0 toutes vos tenues, des plus d\u00e9contract\u00e9es aux plus sophistiqu\u00e9es.  L\u2019atout mode ? Sa doublure l\u00e9opard qui appara\u00eet subtilement lorsque les manches sont retrouss\u00e9es, apportant une note audacieuse et tendance.  &nbsp;","og_url":"https:\/\/www.popeline-store.com\/index.php\/produit\/trench-court-a-doublure-leopard-ambroise-noir\/","og_site_name":"Popeline Store, boutique pr\u00eat \u00e0 porter sur B\u00e9ziers","article_modified_time":"2025-09-26T14:01:36+00:00","twitter_card":"summary_large_image","twitter_misc":{"Dur\u00e9e de lecture estim\u00e9e":"1 minute"},"schema":{"@context":"https:\/\/schema.org","@graph":[{"@type":"WebPage","@id":"https:\/\/www.popeline-store.com\/index.php\/produit\/trench-court-a-doublure-leopard-ambroise-noir\/","url":"https:\/\/www.popeline-store.com\/index.php\/produit\/trench-court-a-doublure-leopard-ambroise-noir\/","name":"Trench court \u00e0 doublure l\u00e9opard AMBROISE noir - Popeline Store, boutique pr\u00eat \u00e0 porter sur B\u00e9ziers","isPartOf":{"@id":"https:\/\/www.popeline-store.com\/#website"},"primaryImageOfPage":{"@id":"https:\/\/www.popeline-store.com\/index.php\/produit\/trench-court-a-doublure-leopard-ambroise-noir\/#primaryimage"},"image":{"@id":"https:\/\/www.popeline-store.com\/index.php\/produit\/trench-court-a-doublure-leopard-ambroise-noir\/#primaryimage"},"thumbnailUrl":"https:\/\/www.popeline-store.com\/wp-content\/uploads\/2025\/01\/IMG_0033-min-scaled.jpg","datePublished":"2025-01-22T17:23:42+00:00","dateModified":"2025-09-26T14:01:36+00:00","breadcrumb":{"@id":"https:\/\/www.popeline-store.com\/index.php\/produit\/trench-court-a-doublure-leopard-ambroise-noir\/#breadcrumb"},"inLanguage":"fr-FR","potentialAction":[{"@type":"ReadAction","target":["https:\/\/www.popeline-store.com\/index.php\/produit\/trench-court-a-doublure-leopard-ambroise-noir\/"]}]},{"@type":"ImageObject","inLanguage":"fr-FR","@id":"https:\/\/www.popeline-store.com\/index.php\/produit\/trench-court-a-doublure-leopard-ambroise-noir\/#primaryimage","url":"https:\/\/www.popeline-store.com\/wp-content\/uploads\/2025\/01\/IMG_0033-min-scaled.jpg","contentUrl":"https:\/\/www.popeline-store.com\/wp-content\/uploads\/2025\/01\/IMG_0033-min-scaled.jpg","width":1619,"height":2560},{"@type":"BreadcrumbList","@id":"https:\/\/www.popeline-store.com\/index.php\/produit\/trench-court-a-doublure-leopard-ambroise-noir\/#breadcrumb","itemListElement":[{"@type":"ListItem","position":1,"name":"Accueil","item":"https:\/\/www.popeline-store.com\/"},{"@type":"ListItem","position":2,"name":"Boutique","item":"https:\/\/www.popeline-store.com\/index.php\/popeline-beziers-page-boutique\/"},{"@type":"ListItem","position":3,"name":"Trench court \u00e0 doublure l\u00e9opard AMBROISE noir"}]},{"@type":"WebSite","@id":"https:\/\/www.popeline-store.com\/#website","url":"https:\/\/www.popeline-store.com\/","name":"Popeline B\u00e9ziers, boutique pr\u00eat \u00e0 porter sur B\u00e9ziers","description":"Popeline est une boutique de mode f\u00e9minine situ\u00e9e \u00e0 B\u00e9ziers, H\u00e9rault, France. Vous y trouverez une large gamme de v\u00eatements tendance, accessoires \u00e9l\u00e9gants ..","publisher":{"@id":"https:\/\/www.popeline-store.com\/#organization"},"potentialAction":[{"@type":"SearchAction","target":{"@type":"EntryPoint","urlTemplate":"https:\/\/www.popeline-store.com\/?s={search_term_string}"},"query-input":{"@type":"PropertyValueSpecification","valueRequired":true,"valueName":"search_term_string"}}],"inLanguage":"fr-FR"},{"@type":"Organization","@id":"https:\/\/www.popeline-store.com\/#organization","name":"Popeline \u00e0 B\u00e9ziers, boutique pr\u00eat \u00e0 porter sur B\u00e9ziers","url":"https:\/\/www.popeline-store.com\/","logo":{"@type":"ImageObject","inLanguage":"fr-FR","@id":"https:\/\/www.popeline-store.com\/#\/schema\/logo\/image\/","url":"https:\/\/www.popeline-store.com\/wp-content\/uploads\/2024\/12\/PopLogoReduc.png","contentUrl":"https:\/\/www.popeline-store.com\/wp-content\/uploads\/2024\/12\/PopLogoReduc.png","width":500,"height":500,"caption":"Popeline \u00e0 B\u00e9ziers, boutique pr\u00eat \u00e0 porter sur B\u00e9ziers"},"image":{"@id":"https:\/\/www.popeline-store.com\/#\/schema\/logo\/image\/"},"sameAs":["https:\/\/www.instagram.com\/popeline_beziers\/"]}]}},"jetpack_sharing_enabled":true,"_links":{"self":[{"href":"https:\/\/www.popeline-store.com\/index.php\/wp-json\/wp\/v2\/product\/2258","targetHints":{"allow":["GET"]}}],"collection":[{"href":"https:\/\/www.popeline-store.com\/index.php\/wp-json\/wp\/v2\/product"}],"about":[{"href":"https:\/\/www.popeline-store.com\/index.php\/wp-json\/wp\/v2\/types\/product"}],"replies":[{"embeddable":true,"href":"https:\/\/www.popeline-store.com\/index.php\/wp-json\/wp\/v2\/comments?post=2258"}],"wp:featuredmedia":[{"embeddable":true,"href":"https:\/\/www.popeline-store.com\/index.php\/wp-json\/wp\/v2\/media\/2261"}],"wp:attachment":[{"href":"https:\/\/www.popeline-store.com\/index.php\/wp-json\/wp\/v2\/media?parent=2258"}],"wp:term":[{"taxonomy":"product_brand","embeddable":true,"href":"https:\/\/www.popeline-store.com\/index.php\/wp-json\/wp\/v2\/product_brand?post=2258"},{"taxonomy":"product_cat","embeddable":true,"href":"https:\/\/www.popeline-store.com\/index.php\/wp-json\/wp\/v2\/product_cat?post=2258"},{"taxonomy":"product_tag","embeddable":true,"href":"https:\/\/www.popeline-store.com\/index.php\/wp-json\/wp\/v2\/product_tag?post=2258"}],"curies":[{"name":"wp","href":"https:\/\/api.w.org\/{rel}","templated":true}]}}