{"id":2294,"date":"2025-01-25T11:05:47","date_gmt":"2025-01-25T10:05:47","guid":{"rendered":"https:\/\/www.popeline-store.com\/?post_type=product&#038;p=2294"},"modified":"2025-02-01T11:20:32","modified_gmt":"2025-02-01T10:20:32","slug":"pull-col-rond-ruben-fuschia-taille-unique","status":"publish","type":"product","link":"https:\/\/www.popeline-store.com\/index.php\/produit\/pull-col-rond-ruben-fuschia-taille-unique\/","title":{"rendered":"Pull col rond RUBEN fuschia &#8211; Taille Unique"},"content":{"rendered":"<h4><strong>Pull col rond RUBEN fuschia &#8211; Taille Unique<\/strong><\/h4>\n<p>Disponible en plusieurs couleurs vibrantes, il s&rsquo;adapte \u00e0 toutes vos envies de style.<\/p>\n<ul>\n<li><strong>Taille unique<\/strong> : convient aux tailles 36 \u00e0 42.<\/li>\n<li><strong>Longueur<\/strong> : 58 cm, pour une coupe flatteuse et \u00e9quilibr\u00e9e.<\/li>\n<li><strong>Composition<\/strong> : 15 % alpaga, 37 % polyamide, 45 % acrylique, 3 % \u00e9lasthanne \u2013 m\u00e9lange parfait de douceur, l\u00e9g\u00e8ret\u00e9 et \u00e9lasticit\u00e9.<\/li>\n<li><strong>Origine<\/strong> : Made in Italy, symbole d&rsquo;un savoir-faire de qualit\u00e9.<\/li>\n<\/ul>\n<p>&nbsp;<\/p>\n","protected":false},"excerpt":{"rendered":"<p>Adoptez un style raffin\u00e9 et confortable avec ce pull \u00e0 encolure ronde.<\/p>\n<p>Con\u00e7u dans une maille douce et moelleuse, ce mod\u00e8le est id\u00e9al pour un look minimaliste tout en \u00e9l\u00e9gance. Sa coupe s&rsquo;adapte \u00e0 toutes les morphologies.<\/p>\n<p>Ce pull s\u2019accorde parfaitement avec une chemise blanche ou un col roul\u00e9 pour un look chic et tendance.<\/p>\n<p>Une pi\u00e8ce incontournable pour votre garde-robe d&rsquo;hiver !<\/p>\n","protected":false},"featured_media":2300,"comment_status":"open","ping_status":"closed","template":"","meta":{"_et_pb_use_builder":"","_et_pb_old_content":"","_et_gb_content_width":"","om_disable_all_campaigns":false},"product_brand":[],"product_cat":[38],"product_tag":[],"class_list":{"0":"post-2294","1":"product","2":"type-product","3":"status-publish","4":"has-post-thumbnail","6":"product_cat-mailles","8":"first","9":"outofstock","10":"taxable","11":"shipping-taxable","12":"purchasable","13":"product-type-simple"},"yoast_head":"<!-- This site is optimized with the Yoast SEO plugin v27.2 - https:\/\/yoast.com\/product\/yoast-seo-wordpress\/ -->\n<title>Pull col rond RUBEN fuschia - Taille Unique - Popeline Store, boutique pr\u00eat \u00e0 porter sur B\u00e9ziers<\/title>\n<meta name=\"robots\" content=\"index, follow, max-snippet:-1, max-image-preview:large, max-video-preview:-1\" \/>\n<link rel=\"canonical\" href=\"https:\/\/www.popeline-store.com\/index.php\/produit\/pull-col-rond-ruben-fuschia-taille-unique\/\" \/>\n<meta property=\"og:locale\" content=\"fr_FR\" \/>\n<meta property=\"og:type\" content=\"article\" \/>\n<meta property=\"og:title\" content=\"Pull col rond RUBEN fuschia - Taille Unique - Popeline Store, boutique pr\u00eat \u00e0 porter sur B\u00e9ziers\" \/>\n<meta property=\"og:description\" content=\"Adoptez un style raffin\u00e9 et confortable avec ce pull \u00e0 encolure ronde.  Con\u00e7u dans une maille douce et moelleuse, ce mod\u00e8le est id\u00e9al pour un look minimaliste tout en \u00e9l\u00e9gance. Sa coupe s&#039;adapte \u00e0 toutes les morphologies.  Ce pull s\u2019accorde parfaitement avec une chemise blanche ou un col roul\u00e9 pour un look chic et tendance.  Une pi\u00e8ce incontournable pour votre garde-robe d&#039;hiver !\" \/>\n<meta property=\"og:url\" content=\"https:\/\/www.popeline-store.com\/index.php\/produit\/pull-col-rond-ruben-fuschia-taille-unique\/\" \/>\n<meta property=\"og:site_name\" content=\"Popeline Store, boutique pr\u00eat \u00e0 porter sur B\u00e9ziers\" \/>\n<meta property=\"article:modified_time\" content=\"2025-02-01T10:20:32+00:00\" \/>\n<meta property=\"og:image\" content=\"https:\/\/www.popeline-store.com\/wp-content\/uploads\/2025\/01\/WhatsApp-Image-2025-01-24-at-18.00.39.jpeg\" \/>\n\t<meta property=\"og:image:width\" content=\"1536\" \/>\n\t<meta property=\"og:image:height\" content=\"2048\" \/>\n\t<meta property=\"og:image:type\" content=\"image\/jpeg\" \/>\n<meta name=\"twitter:card\" content=\"summary_large_image\" \/>\n<script type=\"application\/ld+json\" class=\"yoast-schema-graph\">{\"@context\":\"https:\/\/schema.org\",\"@graph\":[{\"@type\":\"WebPage\",\"@id\":\"https:\/\/www.popeline-store.com\/index.php\/produit\/pull-col-rond-ruben-fuschia-taille-unique\/\",\"url\":\"https:\/\/www.popeline-store.com\/index.php\/produit\/pull-col-rond-ruben-fuschia-taille-unique\/\",\"name\":\"Pull col rond RUBEN fuschia - Taille Unique - Popeline Store, boutique pr\u00eat \u00e0 porter sur B\u00e9ziers\",\"isPartOf\":{\"@id\":\"https:\/\/www.popeline-store.com\/#website\"},\"primaryImageOfPage\":{\"@id\":\"https:\/\/www.popeline-store.com\/index.php\/produit\/pull-col-rond-ruben-fuschia-taille-unique\/#primaryimage\"},\"image\":{\"@id\":\"https:\/\/www.popeline-store.com\/index.php\/produit\/pull-col-rond-ruben-fuschia-taille-unique\/#primaryimage\"},\"thumbnailUrl\":\"https:\/\/www.popeline-store.com\/wp-content\/uploads\/2025\/01\/WhatsApp-Image-2025-01-24-at-18.00.39.jpeg\",\"datePublished\":\"2025-01-25T10:05:47+00:00\",\"dateModified\":\"2025-02-01T10:20:32+00:00\",\"breadcrumb\":{\"@id\":\"https:\/\/www.popeline-store.com\/index.php\/produit\/pull-col-rond-ruben-fuschia-taille-unique\/#breadcrumb\"},\"inLanguage\":\"fr-FR\",\"potentialAction\":[{\"@type\":\"ReadAction\",\"target\":[\"https:\/\/www.popeline-store.com\/index.php\/produit\/pull-col-rond-ruben-fuschia-taille-unique\/\"]}]},{\"@type\":\"ImageObject\",\"inLanguage\":\"fr-FR\",\"@id\":\"https:\/\/www.popeline-store.com\/index.php\/produit\/pull-col-rond-ruben-fuschia-taille-unique\/#primaryimage\",\"url\":\"https:\/\/www.popeline-store.com\/wp-content\/uploads\/2025\/01\/WhatsApp-Image-2025-01-24-at-18.00.39.jpeg\",\"contentUrl\":\"https:\/\/www.popeline-store.com\/wp-content\/uploads\/2025\/01\/WhatsApp-Image-2025-01-24-at-18.00.39.jpeg\",\"width\":1536,\"height\":2048},{\"@type\":\"BreadcrumbList\",\"@id\":\"https:\/\/www.popeline-store.com\/index.php\/produit\/pull-col-rond-ruben-fuschia-taille-unique\/#breadcrumb\",\"itemListElement\":[{\"@type\":\"ListItem\",\"position\":1,\"name\":\"Accueil\",\"item\":\"https:\/\/www.popeline-store.com\/\"},{\"@type\":\"ListItem\",\"position\":2,\"name\":\"Boutique\",\"item\":\"https:\/\/www.popeline-store.com\/index.php\/popeline-beziers-page-boutique\/\"},{\"@type\":\"ListItem\",\"position\":3,\"name\":\"Pull col rond RUBEN fuschia &#8211; Taille Unique\"}]},{\"@type\":\"WebSite\",\"@id\":\"https:\/\/www.popeline-store.com\/#website\",\"url\":\"https:\/\/www.popeline-store.com\/\",\"name\":\"Popeline B\u00e9ziers, boutique pr\u00eat \u00e0 porter sur B\u00e9ziers\",\"description\":\"Popeline est une boutique de mode f\u00e9minine situ\u00e9e \u00e0 B\u00e9ziers, H\u00e9rault, France. Vous y trouverez une large gamme de v\u00eatements tendance, accessoires \u00e9l\u00e9gants ..\",\"publisher\":{\"@id\":\"https:\/\/www.popeline-store.com\/#organization\"},\"potentialAction\":[{\"@type\":\"SearchAction\",\"target\":{\"@type\":\"EntryPoint\",\"urlTemplate\":\"https:\/\/www.popeline-store.com\/?s={search_term_string}\"},\"query-input\":{\"@type\":\"PropertyValueSpecification\",\"valueRequired\":true,\"valueName\":\"search_term_string\"}}],\"inLanguage\":\"fr-FR\"},{\"@type\":\"Organization\",\"@id\":\"https:\/\/www.popeline-store.com\/#organization\",\"name\":\"Popeline \u00e0 B\u00e9ziers, boutique pr\u00eat \u00e0 porter sur B\u00e9ziers\",\"url\":\"https:\/\/www.popeline-store.com\/\",\"logo\":{\"@type\":\"ImageObject\",\"inLanguage\":\"fr-FR\",\"@id\":\"https:\/\/www.popeline-store.com\/#\/schema\/logo\/image\/\",\"url\":\"https:\/\/www.popeline-store.com\/wp-content\/uploads\/2024\/12\/PopLogoReduc.png\",\"contentUrl\":\"https:\/\/www.popeline-store.com\/wp-content\/uploads\/2024\/12\/PopLogoReduc.png\",\"width\":500,\"height\":500,\"caption\":\"Popeline \u00e0 B\u00e9ziers, boutique pr\u00eat \u00e0 porter sur B\u00e9ziers\"},\"image\":{\"@id\":\"https:\/\/www.popeline-store.com\/#\/schema\/logo\/image\/\"},\"sameAs\":[\"https:\/\/www.instagram.com\/popeline_beziers\/\"]}]}<\/script>\n<!-- \/ Yoast SEO plugin. -->","yoast_head_json":{"title":"Pull col rond RUBEN fuschia - Taille Unique - Popeline Store, boutique pr\u00eat \u00e0 porter sur B\u00e9ziers","robots":{"index":"index","follow":"follow","max-snippet":"max-snippet:-1","max-image-preview":"max-image-preview:large","max-video-preview":"max-video-preview:-1"},"canonical":"https:\/\/www.popeline-store.com\/index.php\/produit\/pull-col-rond-ruben-fuschia-taille-unique\/","og_locale":"fr_FR","og_type":"article","og_title":"Pull col rond RUBEN fuschia - Taille Unique - Popeline Store, boutique pr\u00eat \u00e0 porter sur B\u00e9ziers","og_description":"Adoptez un style raffin\u00e9 et confortable avec ce pull \u00e0 encolure ronde.  Con\u00e7u dans une maille douce et moelleuse, ce mod\u00e8le est id\u00e9al pour un look minimaliste tout en \u00e9l\u00e9gance. Sa coupe s'adapte \u00e0 toutes les morphologies.  Ce pull s\u2019accorde parfaitement avec une chemise blanche ou un col roul\u00e9 pour un look chic et tendance.  Une pi\u00e8ce incontournable pour votre garde-robe d'hiver !","og_url":"https:\/\/www.popeline-store.com\/index.php\/produit\/pull-col-rond-ruben-fuschia-taille-unique\/","og_site_name":"Popeline Store, boutique pr\u00eat \u00e0 porter sur B\u00e9ziers","article_modified_time":"2025-02-01T10:20:32+00:00","og_image":[{"width":1536,"height":2048,"url":"https:\/\/www.popeline-store.com\/wp-content\/uploads\/2025\/01\/WhatsApp-Image-2025-01-24-at-18.00.39.jpeg","type":"image\/jpeg"}],"twitter_card":"summary_large_image","schema":{"@context":"https:\/\/schema.org","@graph":[{"@type":"WebPage","@id":"https:\/\/www.popeline-store.com\/index.php\/produit\/pull-col-rond-ruben-fuschia-taille-unique\/","url":"https:\/\/www.popeline-store.com\/index.php\/produit\/pull-col-rond-ruben-fuschia-taille-unique\/","name":"Pull col rond RUBEN fuschia - Taille Unique - Popeline Store, boutique pr\u00eat \u00e0 porter sur B\u00e9ziers","isPartOf":{"@id":"https:\/\/www.popeline-store.com\/#website"},"primaryImageOfPage":{"@id":"https:\/\/www.popeline-store.com\/index.php\/produit\/pull-col-rond-ruben-fuschia-taille-unique\/#primaryimage"},"image":{"@id":"https:\/\/www.popeline-store.com\/index.php\/produit\/pull-col-rond-ruben-fuschia-taille-unique\/#primaryimage"},"thumbnailUrl":"https:\/\/www.popeline-store.com\/wp-content\/uploads\/2025\/01\/WhatsApp-Image-2025-01-24-at-18.00.39.jpeg","datePublished":"2025-01-25T10:05:47+00:00","dateModified":"2025-02-01T10:20:32+00:00","breadcrumb":{"@id":"https:\/\/www.popeline-store.com\/index.php\/produit\/pull-col-rond-ruben-fuschia-taille-unique\/#breadcrumb"},"inLanguage":"fr-FR","potentialAction":[{"@type":"ReadAction","target":["https:\/\/www.popeline-store.com\/index.php\/produit\/pull-col-rond-ruben-fuschia-taille-unique\/"]}]},{"@type":"ImageObject","inLanguage":"fr-FR","@id":"https:\/\/www.popeline-store.com\/index.php\/produit\/pull-col-rond-ruben-fuschia-taille-unique\/#primaryimage","url":"https:\/\/www.popeline-store.com\/wp-content\/uploads\/2025\/01\/WhatsApp-Image-2025-01-24-at-18.00.39.jpeg","contentUrl":"https:\/\/www.popeline-store.com\/wp-content\/uploads\/2025\/01\/WhatsApp-Image-2025-01-24-at-18.00.39.jpeg","width":1536,"height":2048},{"@type":"BreadcrumbList","@id":"https:\/\/www.popeline-store.com\/index.php\/produit\/pull-col-rond-ruben-fuschia-taille-unique\/#breadcrumb","itemListElement":[{"@type":"ListItem","position":1,"name":"Accueil","item":"https:\/\/www.popeline-store.com\/"},{"@type":"ListItem","position":2,"name":"Boutique","item":"https:\/\/www.popeline-store.com\/index.php\/popeline-beziers-page-boutique\/"},{"@type":"ListItem","position":3,"name":"Pull col rond RUBEN fuschia &#8211; Taille Unique"}]},{"@type":"WebSite","@id":"https:\/\/www.popeline-store.com\/#website","url":"https:\/\/www.popeline-store.com\/","name":"Popeline B\u00e9ziers, boutique pr\u00eat \u00e0 porter sur B\u00e9ziers","description":"Popeline est une boutique de mode f\u00e9minine situ\u00e9e \u00e0 B\u00e9ziers, H\u00e9rault, France. Vous y trouverez une large gamme de v\u00eatements tendance, accessoires \u00e9l\u00e9gants ..","publisher":{"@id":"https:\/\/www.popeline-store.com\/#organization"},"potentialAction":[{"@type":"SearchAction","target":{"@type":"EntryPoint","urlTemplate":"https:\/\/www.popeline-store.com\/?s={search_term_string}"},"query-input":{"@type":"PropertyValueSpecification","valueRequired":true,"valueName":"search_term_string"}}],"inLanguage":"fr-FR"},{"@type":"Organization","@id":"https:\/\/www.popeline-store.com\/#organization","name":"Popeline \u00e0 B\u00e9ziers, boutique pr\u00eat \u00e0 porter sur B\u00e9ziers","url":"https:\/\/www.popeline-store.com\/","logo":{"@type":"ImageObject","inLanguage":"fr-FR","@id":"https:\/\/www.popeline-store.com\/#\/schema\/logo\/image\/","url":"https:\/\/www.popeline-store.com\/wp-content\/uploads\/2024\/12\/PopLogoReduc.png","contentUrl":"https:\/\/www.popeline-store.com\/wp-content\/uploads\/2024\/12\/PopLogoReduc.png","width":500,"height":500,"caption":"Popeline \u00e0 B\u00e9ziers, boutique pr\u00eat \u00e0 porter sur B\u00e9ziers"},"image":{"@id":"https:\/\/www.popeline-store.com\/#\/schema\/logo\/image\/"},"sameAs":["https:\/\/www.instagram.com\/popeline_beziers\/"]}]}},"jetpack_sharing_enabled":true,"_links":{"self":[{"href":"https:\/\/www.popeline-store.com\/index.php\/wp-json\/wp\/v2\/product\/2294","targetHints":{"allow":["GET"]}}],"collection":[{"href":"https:\/\/www.popeline-store.com\/index.php\/wp-json\/wp\/v2\/product"}],"about":[{"href":"https:\/\/www.popeline-store.com\/index.php\/wp-json\/wp\/v2\/types\/product"}],"replies":[{"embeddable":true,"href":"https:\/\/www.popeline-store.com\/index.php\/wp-json\/wp\/v2\/comments?post=2294"}],"wp:featuredmedia":[{"embeddable":true,"href":"https:\/\/www.popeline-store.com\/index.php\/wp-json\/wp\/v2\/media\/2300"}],"wp:attachment":[{"href":"https:\/\/www.popeline-store.com\/index.php\/wp-json\/wp\/v2\/media?parent=2294"}],"wp:term":[{"taxonomy":"product_brand","embeddable":true,"href":"https:\/\/www.popeline-store.com\/index.php\/wp-json\/wp\/v2\/product_brand?post=2294"},{"taxonomy":"product_cat","embeddable":true,"href":"https:\/\/www.popeline-store.com\/index.php\/wp-json\/wp\/v2\/product_cat?post=2294"},{"taxonomy":"product_tag","embeddable":true,"href":"https:\/\/www.popeline-store.com\/index.php\/wp-json\/wp\/v2\/product_tag?post=2294"}],"curies":[{"name":"wp","href":"https:\/\/api.w.org\/{rel}","templated":true}]}}