{"id":2383,"date":"2025-01-26T12:21:19","date_gmt":"2025-01-26T11:21:19","guid":{"rendered":"https:\/\/www.popeline-store.com\/?post_type=product&#038;p=2383"},"modified":"2025-03-29T18:30:50","modified_gmt":"2025-03-29T17:30:50","slug":"chemise-a-manches-longues-avec-imprime-floral-vaiana","status":"publish","type":"product","link":"https:\/\/www.popeline-store.com\/index.php\/produit\/chemise-a-manches-longues-avec-imprime-floral-vaiana\/","title":{"rendered":"Chemise \u00e0 manches longues avec imprim\u00e9 floral VAIANA"},"content":{"rendered":"<h4><strong>Chemise \u00e0 manches longues avec imprim\u00e9 floral VAIANA<\/strong><\/h4>\n<p>Que ce soit pour une sortie d\u00e9contract\u00e9e ou une occasion sp\u00e9ciale, cette chemise saura rehausser votre tenue avec chic et modernit\u00e9.<\/p>\n<p>Composition :<\/p>\n<p>Viscose : 70%<br \/>\nPolyamide : 30%<\/p>\n","protected":false},"excerpt":{"rendered":"<p>Ajoutez une touche d&rsquo;\u00e9l\u00e9gance florale \u00e0 votre garde-robe avec cette magnifique chemise \u00e0 manches longues.<\/p>\n<p>Confectionn\u00e9e avec soin, elle se distingue par :<\/p>\n<p>Un imprim\u00e9 floral vibrant, parfait pour un look sophistiqu\u00e9 et tendance.<br \/>\nUn col classique, id\u00e9al pour un style intemporel.<br \/>\nDes boutons en nacre qui apportent une finition raffin\u00e9e.<br \/>\nUne coupe droite, offrant un confort optimal tout en flattant toutes les silhouettes.<\/p>\n","protected":false},"featured_media":2385,"comment_status":"open","ping_status":"closed","template":"","meta":{"_et_pb_use_builder":"","_et_pb_old_content":"","_et_gb_content_width":"","om_disable_all_campaigns":false},"product_brand":[],"product_cat":[37],"product_tag":[],"class_list":{"0":"post-2383","1":"product","2":"type-product","3":"status-publish","4":"has-post-thumbnail","6":"product_cat-hauts","8":"first","9":"outofstock","10":"taxable","11":"shipping-taxable","12":"product-type-variable","13":"has-default-attributes"},"yoast_head":"<!-- This site is optimized with the Yoast SEO plugin v27.2 - https:\/\/yoast.com\/product\/yoast-seo-wordpress\/ -->\n<title>Chemise \u00e0 manches longues avec imprim\u00e9 floral VAIANA - Popeline Store, boutique pr\u00eat \u00e0 porter sur B\u00e9ziers<\/title>\n<meta name=\"robots\" content=\"index, follow, max-snippet:-1, max-image-preview:large, max-video-preview:-1\" \/>\n<link rel=\"canonical\" href=\"https:\/\/www.popeline-store.com\/index.php\/produit\/chemise-a-manches-longues-avec-imprime-floral-vaiana\/\" \/>\n<meta property=\"og:locale\" content=\"fr_FR\" \/>\n<meta property=\"og:type\" content=\"article\" \/>\n<meta property=\"og:title\" content=\"Chemise \u00e0 manches longues avec imprim\u00e9 floral VAIANA - Popeline Store, boutique pr\u00eat \u00e0 porter sur B\u00e9ziers\" \/>\n<meta property=\"og:description\" content=\"Ajoutez une touche d&#039;\u00e9l\u00e9gance florale \u00e0 votre garde-robe avec cette magnifique chemise \u00e0 manches longues.  Confectionn\u00e9e avec soin, elle se distingue par :  Un imprim\u00e9 floral vibrant, parfait pour un look sophistiqu\u00e9 et tendance. Un col classique, id\u00e9al pour un style intemporel. Des boutons en nacre qui apportent une finition raffin\u00e9e. Une coupe droite, offrant un confort optimal tout en flattant toutes les silhouettes.\" \/>\n<meta property=\"og:url\" content=\"https:\/\/www.popeline-store.com\/index.php\/produit\/chemise-a-manches-longues-avec-imprime-floral-vaiana\/\" \/>\n<meta property=\"og:site_name\" content=\"Popeline Store, boutique pr\u00eat \u00e0 porter sur B\u00e9ziers\" \/>\n<meta property=\"article:modified_time\" content=\"2025-03-29T17:30:50+00:00\" \/>\n<meta property=\"og:image\" content=\"https:\/\/www.popeline-store.com\/wp-content\/uploads\/2025\/01\/WhatsApp-Image-2025-01-24-at-18.00.53-3.jpeg\" \/>\n\t<meta property=\"og:image:width\" content=\"1536\" \/>\n\t<meta property=\"og:image:height\" content=\"2048\" \/>\n\t<meta property=\"og:image:type\" content=\"image\/jpeg\" \/>\n<meta name=\"twitter:card\" content=\"summary_large_image\" \/>\n<script type=\"application\/ld+json\" class=\"yoast-schema-graph\">{\"@context\":\"https:\/\/schema.org\",\"@graph\":[{\"@type\":\"WebPage\",\"@id\":\"https:\/\/www.popeline-store.com\/index.php\/produit\/chemise-a-manches-longues-avec-imprime-floral-vaiana\/\",\"url\":\"https:\/\/www.popeline-store.com\/index.php\/produit\/chemise-a-manches-longues-avec-imprime-floral-vaiana\/\",\"name\":\"Chemise \u00e0 manches longues avec imprim\u00e9 floral VAIANA - Popeline Store, boutique pr\u00eat \u00e0 porter sur B\u00e9ziers\",\"isPartOf\":{\"@id\":\"https:\/\/www.popeline-store.com\/#website\"},\"primaryImageOfPage\":{\"@id\":\"https:\/\/www.popeline-store.com\/index.php\/produit\/chemise-a-manches-longues-avec-imprime-floral-vaiana\/#primaryimage\"},\"image\":{\"@id\":\"https:\/\/www.popeline-store.com\/index.php\/produit\/chemise-a-manches-longues-avec-imprime-floral-vaiana\/#primaryimage\"},\"thumbnailUrl\":\"https:\/\/www.popeline-store.com\/wp-content\/uploads\/2025\/01\/WhatsApp-Image-2025-01-24-at-18.00.53-3.jpeg\",\"datePublished\":\"2025-01-26T11:21:19+00:00\",\"dateModified\":\"2025-03-29T17:30:50+00:00\",\"breadcrumb\":{\"@id\":\"https:\/\/www.popeline-store.com\/index.php\/produit\/chemise-a-manches-longues-avec-imprime-floral-vaiana\/#breadcrumb\"},\"inLanguage\":\"fr-FR\",\"potentialAction\":[{\"@type\":\"ReadAction\",\"target\":[\"https:\/\/www.popeline-store.com\/index.php\/produit\/chemise-a-manches-longues-avec-imprime-floral-vaiana\/\"]}]},{\"@type\":\"ImageObject\",\"inLanguage\":\"fr-FR\",\"@id\":\"https:\/\/www.popeline-store.com\/index.php\/produit\/chemise-a-manches-longues-avec-imprime-floral-vaiana\/#primaryimage\",\"url\":\"https:\/\/www.popeline-store.com\/wp-content\/uploads\/2025\/01\/WhatsApp-Image-2025-01-24-at-18.00.53-3.jpeg\",\"contentUrl\":\"https:\/\/www.popeline-store.com\/wp-content\/uploads\/2025\/01\/WhatsApp-Image-2025-01-24-at-18.00.53-3.jpeg\",\"width\":1536,\"height\":2048},{\"@type\":\"BreadcrumbList\",\"@id\":\"https:\/\/www.popeline-store.com\/index.php\/produit\/chemise-a-manches-longues-avec-imprime-floral-vaiana\/#breadcrumb\",\"itemListElement\":[{\"@type\":\"ListItem\",\"position\":1,\"name\":\"Accueil\",\"item\":\"https:\/\/www.popeline-store.com\/\"},{\"@type\":\"ListItem\",\"position\":2,\"name\":\"Boutique\",\"item\":\"https:\/\/www.popeline-store.com\/index.php\/popeline-beziers-page-boutique\/\"},{\"@type\":\"ListItem\",\"position\":3,\"name\":\"Chemise \u00e0 manches longues avec imprim\u00e9 floral VAIANA\"}]},{\"@type\":\"WebSite\",\"@id\":\"https:\/\/www.popeline-store.com\/#website\",\"url\":\"https:\/\/www.popeline-store.com\/\",\"name\":\"Popeline B\u00e9ziers, boutique pr\u00eat \u00e0 porter sur B\u00e9ziers\",\"description\":\"Popeline est une boutique de mode f\u00e9minine situ\u00e9e \u00e0 B\u00e9ziers, H\u00e9rault, France. Vous y trouverez une large gamme de v\u00eatements tendance, accessoires \u00e9l\u00e9gants ..\",\"publisher\":{\"@id\":\"https:\/\/www.popeline-store.com\/#organization\"},\"potentialAction\":[{\"@type\":\"SearchAction\",\"target\":{\"@type\":\"EntryPoint\",\"urlTemplate\":\"https:\/\/www.popeline-store.com\/?s={search_term_string}\"},\"query-input\":{\"@type\":\"PropertyValueSpecification\",\"valueRequired\":true,\"valueName\":\"search_term_string\"}}],\"inLanguage\":\"fr-FR\"},{\"@type\":\"Organization\",\"@id\":\"https:\/\/www.popeline-store.com\/#organization\",\"name\":\"Popeline \u00e0 B\u00e9ziers, boutique pr\u00eat \u00e0 porter sur B\u00e9ziers\",\"url\":\"https:\/\/www.popeline-store.com\/\",\"logo\":{\"@type\":\"ImageObject\",\"inLanguage\":\"fr-FR\",\"@id\":\"https:\/\/www.popeline-store.com\/#\/schema\/logo\/image\/\",\"url\":\"https:\/\/www.popeline-store.com\/wp-content\/uploads\/2024\/12\/PopLogoReduc.png\",\"contentUrl\":\"https:\/\/www.popeline-store.com\/wp-content\/uploads\/2024\/12\/PopLogoReduc.png\",\"width\":500,\"height\":500,\"caption\":\"Popeline \u00e0 B\u00e9ziers, boutique pr\u00eat \u00e0 porter sur B\u00e9ziers\"},\"image\":{\"@id\":\"https:\/\/www.popeline-store.com\/#\/schema\/logo\/image\/\"},\"sameAs\":[\"https:\/\/www.instagram.com\/popeline_beziers\/\"]}]}<\/script>\n<!-- \/ Yoast SEO plugin. -->","yoast_head_json":{"title":"Chemise \u00e0 manches longues avec imprim\u00e9 floral VAIANA - Popeline Store, boutique pr\u00eat \u00e0 porter sur B\u00e9ziers","robots":{"index":"index","follow":"follow","max-snippet":"max-snippet:-1","max-image-preview":"max-image-preview:large","max-video-preview":"max-video-preview:-1"},"canonical":"https:\/\/www.popeline-store.com\/index.php\/produit\/chemise-a-manches-longues-avec-imprime-floral-vaiana\/","og_locale":"fr_FR","og_type":"article","og_title":"Chemise \u00e0 manches longues avec imprim\u00e9 floral VAIANA - Popeline Store, boutique pr\u00eat \u00e0 porter sur B\u00e9ziers","og_description":"Ajoutez une touche d'\u00e9l\u00e9gance florale \u00e0 votre garde-robe avec cette magnifique chemise \u00e0 manches longues.  Confectionn\u00e9e avec soin, elle se distingue par :  Un imprim\u00e9 floral vibrant, parfait pour un look sophistiqu\u00e9 et tendance. Un col classique, id\u00e9al pour un style intemporel. Des boutons en nacre qui apportent une finition raffin\u00e9e. Une coupe droite, offrant un confort optimal tout en flattant toutes les silhouettes.","og_url":"https:\/\/www.popeline-store.com\/index.php\/produit\/chemise-a-manches-longues-avec-imprime-floral-vaiana\/","og_site_name":"Popeline Store, boutique pr\u00eat \u00e0 porter sur B\u00e9ziers","article_modified_time":"2025-03-29T17:30:50+00:00","og_image":[{"width":1536,"height":2048,"url":"https:\/\/www.popeline-store.com\/wp-content\/uploads\/2025\/01\/WhatsApp-Image-2025-01-24-at-18.00.53-3.jpeg","type":"image\/jpeg"}],"twitter_card":"summary_large_image","schema":{"@context":"https:\/\/schema.org","@graph":[{"@type":"WebPage","@id":"https:\/\/www.popeline-store.com\/index.php\/produit\/chemise-a-manches-longues-avec-imprime-floral-vaiana\/","url":"https:\/\/www.popeline-store.com\/index.php\/produit\/chemise-a-manches-longues-avec-imprime-floral-vaiana\/","name":"Chemise \u00e0 manches longues avec imprim\u00e9 floral VAIANA - Popeline Store, boutique pr\u00eat \u00e0 porter sur B\u00e9ziers","isPartOf":{"@id":"https:\/\/www.popeline-store.com\/#website"},"primaryImageOfPage":{"@id":"https:\/\/www.popeline-store.com\/index.php\/produit\/chemise-a-manches-longues-avec-imprime-floral-vaiana\/#primaryimage"},"image":{"@id":"https:\/\/www.popeline-store.com\/index.php\/produit\/chemise-a-manches-longues-avec-imprime-floral-vaiana\/#primaryimage"},"thumbnailUrl":"https:\/\/www.popeline-store.com\/wp-content\/uploads\/2025\/01\/WhatsApp-Image-2025-01-24-at-18.00.53-3.jpeg","datePublished":"2025-01-26T11:21:19+00:00","dateModified":"2025-03-29T17:30:50+00:00","breadcrumb":{"@id":"https:\/\/www.popeline-store.com\/index.php\/produit\/chemise-a-manches-longues-avec-imprime-floral-vaiana\/#breadcrumb"},"inLanguage":"fr-FR","potentialAction":[{"@type":"ReadAction","target":["https:\/\/www.popeline-store.com\/index.php\/produit\/chemise-a-manches-longues-avec-imprime-floral-vaiana\/"]}]},{"@type":"ImageObject","inLanguage":"fr-FR","@id":"https:\/\/www.popeline-store.com\/index.php\/produit\/chemise-a-manches-longues-avec-imprime-floral-vaiana\/#primaryimage","url":"https:\/\/www.popeline-store.com\/wp-content\/uploads\/2025\/01\/WhatsApp-Image-2025-01-24-at-18.00.53-3.jpeg","contentUrl":"https:\/\/www.popeline-store.com\/wp-content\/uploads\/2025\/01\/WhatsApp-Image-2025-01-24-at-18.00.53-3.jpeg","width":1536,"height":2048},{"@type":"BreadcrumbList","@id":"https:\/\/www.popeline-store.com\/index.php\/produit\/chemise-a-manches-longues-avec-imprime-floral-vaiana\/#breadcrumb","itemListElement":[{"@type":"ListItem","position":1,"name":"Accueil","item":"https:\/\/www.popeline-store.com\/"},{"@type":"ListItem","position":2,"name":"Boutique","item":"https:\/\/www.popeline-store.com\/index.php\/popeline-beziers-page-boutique\/"},{"@type":"ListItem","position":3,"name":"Chemise \u00e0 manches longues avec imprim\u00e9 floral VAIANA"}]},{"@type":"WebSite","@id":"https:\/\/www.popeline-store.com\/#website","url":"https:\/\/www.popeline-store.com\/","name":"Popeline B\u00e9ziers, boutique pr\u00eat \u00e0 porter sur B\u00e9ziers","description":"Popeline est une boutique de mode f\u00e9minine situ\u00e9e \u00e0 B\u00e9ziers, H\u00e9rault, France. Vous y trouverez une large gamme de v\u00eatements tendance, accessoires \u00e9l\u00e9gants ..","publisher":{"@id":"https:\/\/www.popeline-store.com\/#organization"},"potentialAction":[{"@type":"SearchAction","target":{"@type":"EntryPoint","urlTemplate":"https:\/\/www.popeline-store.com\/?s={search_term_string}"},"query-input":{"@type":"PropertyValueSpecification","valueRequired":true,"valueName":"search_term_string"}}],"inLanguage":"fr-FR"},{"@type":"Organization","@id":"https:\/\/www.popeline-store.com\/#organization","name":"Popeline \u00e0 B\u00e9ziers, boutique pr\u00eat \u00e0 porter sur B\u00e9ziers","url":"https:\/\/www.popeline-store.com\/","logo":{"@type":"ImageObject","inLanguage":"fr-FR","@id":"https:\/\/www.popeline-store.com\/#\/schema\/logo\/image\/","url":"https:\/\/www.popeline-store.com\/wp-content\/uploads\/2024\/12\/PopLogoReduc.png","contentUrl":"https:\/\/www.popeline-store.com\/wp-content\/uploads\/2024\/12\/PopLogoReduc.png","width":500,"height":500,"caption":"Popeline \u00e0 B\u00e9ziers, boutique pr\u00eat \u00e0 porter sur B\u00e9ziers"},"image":{"@id":"https:\/\/www.popeline-store.com\/#\/schema\/logo\/image\/"},"sameAs":["https:\/\/www.instagram.com\/popeline_beziers\/"]}]}},"jetpack_sharing_enabled":true,"_links":{"self":[{"href":"https:\/\/www.popeline-store.com\/index.php\/wp-json\/wp\/v2\/product\/2383","targetHints":{"allow":["GET"]}}],"collection":[{"href":"https:\/\/www.popeline-store.com\/index.php\/wp-json\/wp\/v2\/product"}],"about":[{"href":"https:\/\/www.popeline-store.com\/index.php\/wp-json\/wp\/v2\/types\/product"}],"replies":[{"embeddable":true,"href":"https:\/\/www.popeline-store.com\/index.php\/wp-json\/wp\/v2\/comments?post=2383"}],"wp:featuredmedia":[{"embeddable":true,"href":"https:\/\/www.popeline-store.com\/index.php\/wp-json\/wp\/v2\/media\/2385"}],"wp:attachment":[{"href":"https:\/\/www.popeline-store.com\/index.php\/wp-json\/wp\/v2\/media?parent=2383"}],"wp:term":[{"taxonomy":"product_brand","embeddable":true,"href":"https:\/\/www.popeline-store.com\/index.php\/wp-json\/wp\/v2\/product_brand?post=2383"},{"taxonomy":"product_cat","embeddable":true,"href":"https:\/\/www.popeline-store.com\/index.php\/wp-json\/wp\/v2\/product_cat?post=2383"},{"taxonomy":"product_tag","embeddable":true,"href":"https:\/\/www.popeline-store.com\/index.php\/wp-json\/wp\/v2\/product_tag?post=2383"}],"curies":[{"name":"wp","href":"https:\/\/api.w.org\/{rel}","templated":true}]}}