{"id":2521,"date":"2025-03-04T16:18:19","date_gmt":"2025-03-04T15:18:19","guid":{"rendered":"https:\/\/www.popeline-store.com\/?post_type=product&#038;p=2521"},"modified":"2025-05-02T17:09:00","modified_gmt":"2025-05-02T15:09:00","slug":"blouse-en-crepe-brodee-suzanne-taille-unique","status":"publish","type":"product","link":"https:\/\/www.popeline-store.com\/index.php\/produit\/blouse-en-crepe-brodee-suzanne-taille-unique\/","title":{"rendered":"Blouse en cr\u00eape brod\u00e9e SUZANNE &#8211; Taille Unique"},"content":{"rendered":"<p><span class=\"\">Composition: <\/span>Coton : 80%, Viscose : 20%<\/p>\n","protected":false},"excerpt":{"rendered":"<p>Blouse loose brod\u00e9e avec motifs esprit Santorin parfaite pour cette mi-saison.<\/p>\n<p>Taille Unique<\/p>\n","protected":false},"featured_media":2523,"comment_status":"open","ping_status":"closed","template":"","meta":{"_et_pb_use_builder":"","_et_pb_old_content":"","_et_gb_content_width":"","om_disable_all_campaigns":false},"product_brand":[],"product_cat":[37],"product_tag":[],"class_list":{"0":"post-2521","1":"product","2":"type-product","3":"status-publish","4":"has-post-thumbnail","6":"product_cat-hauts","8":"first","9":"outofstock","10":"taxable","11":"shipping-taxable","12":"purchasable","13":"product-type-simple"},"yoast_head":"<!-- This site is optimized with the Yoast SEO plugin v27.2 - https:\/\/yoast.com\/product\/yoast-seo-wordpress\/ -->\n<title>Blouse en cr\u00eape brod\u00e9e SUZANNE - Taille Unique - Popeline Store, boutique pr\u00eat \u00e0 porter sur B\u00e9ziers<\/title>\n<meta name=\"robots\" content=\"index, follow, max-snippet:-1, max-image-preview:large, max-video-preview:-1\" \/>\n<link rel=\"canonical\" href=\"https:\/\/www.popeline-store.com\/index.php\/produit\/blouse-en-crepe-brodee-suzanne-taille-unique\/\" \/>\n<meta property=\"og:locale\" content=\"fr_FR\" \/>\n<meta property=\"og:type\" content=\"article\" \/>\n<meta property=\"og:title\" content=\"Blouse en cr\u00eape brod\u00e9e SUZANNE - Taille Unique - Popeline Store, boutique pr\u00eat \u00e0 porter sur B\u00e9ziers\" \/>\n<meta property=\"og:description\" content=\"Blouse loose brod\u00e9e avec motifs esprit Santorin parfaite pour cette mi-saison.  Taille Unique\" \/>\n<meta property=\"og:url\" content=\"https:\/\/www.popeline-store.com\/index.php\/produit\/blouse-en-crepe-brodee-suzanne-taille-unique\/\" \/>\n<meta property=\"og:site_name\" content=\"Popeline Store, boutique pr\u00eat \u00e0 porter sur B\u00e9ziers\" \/>\n<meta property=\"article:modified_time\" content=\"2025-05-02T15:09:00+00:00\" \/>\n<meta property=\"og:image\" content=\"https:\/\/www.popeline-store.com\/wp-content\/uploads\/2025\/03\/Capture-decran-2025-03-04-a-16.13.49-min.png\" \/>\n\t<meta property=\"og:image:width\" content=\"992\" \/>\n\t<meta property=\"og:image:height\" content=\"1312\" \/>\n\t<meta property=\"og:image:type\" content=\"image\/png\" \/>\n<meta name=\"twitter:card\" content=\"summary_large_image\" \/>\n<script type=\"application\/ld+json\" class=\"yoast-schema-graph\">{\"@context\":\"https:\/\/schema.org\",\"@graph\":[{\"@type\":\"WebPage\",\"@id\":\"https:\/\/www.popeline-store.com\/index.php\/produit\/blouse-en-crepe-brodee-suzanne-taille-unique\/\",\"url\":\"https:\/\/www.popeline-store.com\/index.php\/produit\/blouse-en-crepe-brodee-suzanne-taille-unique\/\",\"name\":\"Blouse en cr\u00eape brod\u00e9e SUZANNE - Taille Unique - Popeline Store, boutique pr\u00eat \u00e0 porter sur B\u00e9ziers\",\"isPartOf\":{\"@id\":\"https:\/\/www.popeline-store.com\/#website\"},\"primaryImageOfPage\":{\"@id\":\"https:\/\/www.popeline-store.com\/index.php\/produit\/blouse-en-crepe-brodee-suzanne-taille-unique\/#primaryimage\"},\"image\":{\"@id\":\"https:\/\/www.popeline-store.com\/index.php\/produit\/blouse-en-crepe-brodee-suzanne-taille-unique\/#primaryimage\"},\"thumbnailUrl\":\"https:\/\/www.popeline-store.com\/wp-content\/uploads\/2025\/03\/Capture-decran-2025-03-04-a-16.13.49-min.png\",\"datePublished\":\"2025-03-04T15:18:19+00:00\",\"dateModified\":\"2025-05-02T15:09:00+00:00\",\"breadcrumb\":{\"@id\":\"https:\/\/www.popeline-store.com\/index.php\/produit\/blouse-en-crepe-brodee-suzanne-taille-unique\/#breadcrumb\"},\"inLanguage\":\"fr-FR\",\"potentialAction\":[{\"@type\":\"ReadAction\",\"target\":[\"https:\/\/www.popeline-store.com\/index.php\/produit\/blouse-en-crepe-brodee-suzanne-taille-unique\/\"]}]},{\"@type\":\"ImageObject\",\"inLanguage\":\"fr-FR\",\"@id\":\"https:\/\/www.popeline-store.com\/index.php\/produit\/blouse-en-crepe-brodee-suzanne-taille-unique\/#primaryimage\",\"url\":\"https:\/\/www.popeline-store.com\/wp-content\/uploads\/2025\/03\/Capture-decran-2025-03-04-a-16.13.49-min.png\",\"contentUrl\":\"https:\/\/www.popeline-store.com\/wp-content\/uploads\/2025\/03\/Capture-decran-2025-03-04-a-16.13.49-min.png\",\"width\":992,\"height\":1312},{\"@type\":\"BreadcrumbList\",\"@id\":\"https:\/\/www.popeline-store.com\/index.php\/produit\/blouse-en-crepe-brodee-suzanne-taille-unique\/#breadcrumb\",\"itemListElement\":[{\"@type\":\"ListItem\",\"position\":1,\"name\":\"Accueil\",\"item\":\"https:\/\/www.popeline-store.com\/\"},{\"@type\":\"ListItem\",\"position\":2,\"name\":\"Boutique\",\"item\":\"https:\/\/www.popeline-store.com\/index.php\/popeline-beziers-page-boutique\/\"},{\"@type\":\"ListItem\",\"position\":3,\"name\":\"Blouse en cr\u00eape brod\u00e9e SUZANNE &#8211; Taille Unique\"}]},{\"@type\":\"WebSite\",\"@id\":\"https:\/\/www.popeline-store.com\/#website\",\"url\":\"https:\/\/www.popeline-store.com\/\",\"name\":\"Popeline B\u00e9ziers, boutique pr\u00eat \u00e0 porter sur B\u00e9ziers\",\"description\":\"Popeline est une boutique de mode f\u00e9minine situ\u00e9e \u00e0 B\u00e9ziers, H\u00e9rault, France. Vous y trouverez une large gamme de v\u00eatements tendance, accessoires \u00e9l\u00e9gants ..\",\"publisher\":{\"@id\":\"https:\/\/www.popeline-store.com\/#organization\"},\"potentialAction\":[{\"@type\":\"SearchAction\",\"target\":{\"@type\":\"EntryPoint\",\"urlTemplate\":\"https:\/\/www.popeline-store.com\/?s={search_term_string}\"},\"query-input\":{\"@type\":\"PropertyValueSpecification\",\"valueRequired\":true,\"valueName\":\"search_term_string\"}}],\"inLanguage\":\"fr-FR\"},{\"@type\":\"Organization\",\"@id\":\"https:\/\/www.popeline-store.com\/#organization\",\"name\":\"Popeline \u00e0 B\u00e9ziers, boutique pr\u00eat \u00e0 porter sur B\u00e9ziers\",\"url\":\"https:\/\/www.popeline-store.com\/\",\"logo\":{\"@type\":\"ImageObject\",\"inLanguage\":\"fr-FR\",\"@id\":\"https:\/\/www.popeline-store.com\/#\/schema\/logo\/image\/\",\"url\":\"https:\/\/www.popeline-store.com\/wp-content\/uploads\/2024\/12\/PopLogoReduc.png\",\"contentUrl\":\"https:\/\/www.popeline-store.com\/wp-content\/uploads\/2024\/12\/PopLogoReduc.png\",\"width\":500,\"height\":500,\"caption\":\"Popeline \u00e0 B\u00e9ziers, boutique pr\u00eat \u00e0 porter sur B\u00e9ziers\"},\"image\":{\"@id\":\"https:\/\/www.popeline-store.com\/#\/schema\/logo\/image\/\"},\"sameAs\":[\"https:\/\/www.instagram.com\/popeline_beziers\/\"]}]}<\/script>\n<!-- \/ Yoast SEO plugin. -->","yoast_head_json":{"title":"Blouse en cr\u00eape brod\u00e9e SUZANNE - Taille Unique - Popeline Store, boutique pr\u00eat \u00e0 porter sur B\u00e9ziers","robots":{"index":"index","follow":"follow","max-snippet":"max-snippet:-1","max-image-preview":"max-image-preview:large","max-video-preview":"max-video-preview:-1"},"canonical":"https:\/\/www.popeline-store.com\/index.php\/produit\/blouse-en-crepe-brodee-suzanne-taille-unique\/","og_locale":"fr_FR","og_type":"article","og_title":"Blouse en cr\u00eape brod\u00e9e SUZANNE - Taille Unique - Popeline Store, boutique pr\u00eat \u00e0 porter sur B\u00e9ziers","og_description":"Blouse loose brod\u00e9e avec motifs esprit Santorin parfaite pour cette mi-saison.  Taille Unique","og_url":"https:\/\/www.popeline-store.com\/index.php\/produit\/blouse-en-crepe-brodee-suzanne-taille-unique\/","og_site_name":"Popeline Store, boutique pr\u00eat \u00e0 porter sur B\u00e9ziers","article_modified_time":"2025-05-02T15:09:00+00:00","og_image":[{"width":992,"height":1312,"url":"https:\/\/www.popeline-store.com\/wp-content\/uploads\/2025\/03\/Capture-decran-2025-03-04-a-16.13.49-min.png","type":"image\/png"}],"twitter_card":"summary_large_image","schema":{"@context":"https:\/\/schema.org","@graph":[{"@type":"WebPage","@id":"https:\/\/www.popeline-store.com\/index.php\/produit\/blouse-en-crepe-brodee-suzanne-taille-unique\/","url":"https:\/\/www.popeline-store.com\/index.php\/produit\/blouse-en-crepe-brodee-suzanne-taille-unique\/","name":"Blouse en cr\u00eape brod\u00e9e SUZANNE - Taille Unique - Popeline Store, boutique pr\u00eat \u00e0 porter sur B\u00e9ziers","isPartOf":{"@id":"https:\/\/www.popeline-store.com\/#website"},"primaryImageOfPage":{"@id":"https:\/\/www.popeline-store.com\/index.php\/produit\/blouse-en-crepe-brodee-suzanne-taille-unique\/#primaryimage"},"image":{"@id":"https:\/\/www.popeline-store.com\/index.php\/produit\/blouse-en-crepe-brodee-suzanne-taille-unique\/#primaryimage"},"thumbnailUrl":"https:\/\/www.popeline-store.com\/wp-content\/uploads\/2025\/03\/Capture-decran-2025-03-04-a-16.13.49-min.png","datePublished":"2025-03-04T15:18:19+00:00","dateModified":"2025-05-02T15:09:00+00:00","breadcrumb":{"@id":"https:\/\/www.popeline-store.com\/index.php\/produit\/blouse-en-crepe-brodee-suzanne-taille-unique\/#breadcrumb"},"inLanguage":"fr-FR","potentialAction":[{"@type":"ReadAction","target":["https:\/\/www.popeline-store.com\/index.php\/produit\/blouse-en-crepe-brodee-suzanne-taille-unique\/"]}]},{"@type":"ImageObject","inLanguage":"fr-FR","@id":"https:\/\/www.popeline-store.com\/index.php\/produit\/blouse-en-crepe-brodee-suzanne-taille-unique\/#primaryimage","url":"https:\/\/www.popeline-store.com\/wp-content\/uploads\/2025\/03\/Capture-decran-2025-03-04-a-16.13.49-min.png","contentUrl":"https:\/\/www.popeline-store.com\/wp-content\/uploads\/2025\/03\/Capture-decran-2025-03-04-a-16.13.49-min.png","width":992,"height":1312},{"@type":"BreadcrumbList","@id":"https:\/\/www.popeline-store.com\/index.php\/produit\/blouse-en-crepe-brodee-suzanne-taille-unique\/#breadcrumb","itemListElement":[{"@type":"ListItem","position":1,"name":"Accueil","item":"https:\/\/www.popeline-store.com\/"},{"@type":"ListItem","position":2,"name":"Boutique","item":"https:\/\/www.popeline-store.com\/index.php\/popeline-beziers-page-boutique\/"},{"@type":"ListItem","position":3,"name":"Blouse en cr\u00eape brod\u00e9e SUZANNE &#8211; Taille Unique"}]},{"@type":"WebSite","@id":"https:\/\/www.popeline-store.com\/#website","url":"https:\/\/www.popeline-store.com\/","name":"Popeline B\u00e9ziers, boutique pr\u00eat \u00e0 porter sur B\u00e9ziers","description":"Popeline est une boutique de mode f\u00e9minine situ\u00e9e \u00e0 B\u00e9ziers, H\u00e9rault, France. Vous y trouverez une large gamme de v\u00eatements tendance, accessoires \u00e9l\u00e9gants ..","publisher":{"@id":"https:\/\/www.popeline-store.com\/#organization"},"potentialAction":[{"@type":"SearchAction","target":{"@type":"EntryPoint","urlTemplate":"https:\/\/www.popeline-store.com\/?s={search_term_string}"},"query-input":{"@type":"PropertyValueSpecification","valueRequired":true,"valueName":"search_term_string"}}],"inLanguage":"fr-FR"},{"@type":"Organization","@id":"https:\/\/www.popeline-store.com\/#organization","name":"Popeline \u00e0 B\u00e9ziers, boutique pr\u00eat \u00e0 porter sur B\u00e9ziers","url":"https:\/\/www.popeline-store.com\/","logo":{"@type":"ImageObject","inLanguage":"fr-FR","@id":"https:\/\/www.popeline-store.com\/#\/schema\/logo\/image\/","url":"https:\/\/www.popeline-store.com\/wp-content\/uploads\/2024\/12\/PopLogoReduc.png","contentUrl":"https:\/\/www.popeline-store.com\/wp-content\/uploads\/2024\/12\/PopLogoReduc.png","width":500,"height":500,"caption":"Popeline \u00e0 B\u00e9ziers, boutique pr\u00eat \u00e0 porter sur B\u00e9ziers"},"image":{"@id":"https:\/\/www.popeline-store.com\/#\/schema\/logo\/image\/"},"sameAs":["https:\/\/www.instagram.com\/popeline_beziers\/"]}]}},"jetpack_sharing_enabled":true,"_links":{"self":[{"href":"https:\/\/www.popeline-store.com\/index.php\/wp-json\/wp\/v2\/product\/2521","targetHints":{"allow":["GET"]}}],"collection":[{"href":"https:\/\/www.popeline-store.com\/index.php\/wp-json\/wp\/v2\/product"}],"about":[{"href":"https:\/\/www.popeline-store.com\/index.php\/wp-json\/wp\/v2\/types\/product"}],"replies":[{"embeddable":true,"href":"https:\/\/www.popeline-store.com\/index.php\/wp-json\/wp\/v2\/comments?post=2521"}],"wp:featuredmedia":[{"embeddable":true,"href":"https:\/\/www.popeline-store.com\/index.php\/wp-json\/wp\/v2\/media\/2523"}],"wp:attachment":[{"href":"https:\/\/www.popeline-store.com\/index.php\/wp-json\/wp\/v2\/media?parent=2521"}],"wp:term":[{"taxonomy":"product_brand","embeddable":true,"href":"https:\/\/www.popeline-store.com\/index.php\/wp-json\/wp\/v2\/product_brand?post=2521"},{"taxonomy":"product_cat","embeddable":true,"href":"https:\/\/www.popeline-store.com\/index.php\/wp-json\/wp\/v2\/product_cat?post=2521"},{"taxonomy":"product_tag","embeddable":true,"href":"https:\/\/www.popeline-store.com\/index.php\/wp-json\/wp\/v2\/product_tag?post=2521"}],"curies":[{"name":"wp","href":"https:\/\/api.w.org\/{rel}","templated":true}]}}