{"id":2600,"date":"2025-03-04T22:26:54","date_gmt":"2025-03-04T21:26:54","guid":{"rendered":"https:\/\/www.popeline-store.com\/?post_type=product&#038;p=2600"},"modified":"2025-05-02T17:13:10","modified_gmt":"2025-05-02T15:13:10","slug":"chemise-rayee-charlotte-rose","status":"publish","type":"product","link":"https:\/\/www.popeline-store.com\/index.php\/produit\/chemise-rayee-charlotte-rose\/","title":{"rendered":"Chemise Ray\u00e9e CHARLOTTE rose"},"content":{"rendered":"<h4 data-start=\"364\" data-end=\"391\"><strong>Chemise Ray\u00e9e CHARLOTTE rose<\/strong><\/h4>\n<p data-start=\"364\" data-end=\"391\">\ud83d\udc96 <strong data-start=\"367\" data-end=\"389\">D\u00e9tails du produit<\/strong> :<\/p>\n<ul data-start=\"392\" data-end=\"731\">\n<li data-start=\"392\" data-end=\"443\">Motif ray\u00e9 rose et blanc, intemporel et raffin\u00e9<\/li>\n<li data-start=\"444\" data-end=\"492\">Coupe ample pour un tomb\u00e9 naturel et \u00e9l\u00e9gant<\/li>\n<li data-start=\"493\" data-end=\"533\">Col classique et fermeture boutonn\u00e9e<\/li>\n<li data-start=\"534\" data-end=\"579\">Une poche poitrine pour une touche casual<\/li>\n<li data-start=\"580\" data-end=\"625\">Poignets boutonn\u00e9s pour un look structur\u00e9<\/li>\n<li data-start=\"626\" data-end=\"731\">Se porte aussi bien rentr\u00e9e dans un jean taille haute qu&rsquo;en surchemise pour un style plus d\u00e9contract\u00e9<\/li>\n<\/ul>\n","protected":false},"excerpt":{"rendered":"<p data-start=\"107\" data-end=\"362\">Apportez une touche de fra\u00eecheur et de f\u00e9minit\u00e9 \u00e0 votre dressing avec notre chemise ray\u00e9e rose.<\/p>\n<p data-start=\"107\" data-end=\"362\">Son tissu l\u00e9ger et fluide offre un confort absolu tout au long de la journ\u00e9e, tandis que sa coupe l\u00e9g\u00e8rement oversize assure un look tendance et d\u00e9contract\u00e9.<\/p>\n<p data-start=\"733\" data-end=\"942\">\ud83c\udf38 <strong data-start=\"736\" data-end=\"764\">Le conseil mode POPELINE<\/strong> : Associez cette chemise avec un jean large et des baskets pour une allure chic et effortless, ou nouez-la \u00e0 la taille avec un short en \u00e9t\u00e9 pour un look boh\u00e8me et d\u00e9contract\u00e9.<\/p>\n","protected":false},"featured_media":2603,"comment_status":"open","ping_status":"closed","template":"","meta":{"_et_pb_use_builder":"","_et_pb_old_content":"","_et_gb_content_width":"","om_disable_all_campaigns":false},"product_brand":[],"product_cat":[37],"product_tag":[],"class_list":{"0":"post-2600","1":"product","2":"type-product","3":"status-publish","4":"has-post-thumbnail","6":"product_cat-hauts","8":"first","9":"outofstock","10":"taxable","11":"shipping-taxable","12":"product-type-variable","13":"has-default-attributes"},"yoast_head":"<!-- This site is optimized with the Yoast SEO plugin v27.2 - https:\/\/yoast.com\/product\/yoast-seo-wordpress\/ -->\n<title>Chemise Ray\u00e9e CHARLOTTE rose - Popeline Store, boutique pr\u00eat \u00e0 porter sur B\u00e9ziers<\/title>\n<meta name=\"robots\" content=\"index, follow, max-snippet:-1, max-image-preview:large, max-video-preview:-1\" \/>\n<link rel=\"canonical\" href=\"https:\/\/www.popeline-store.com\/index.php\/produit\/chemise-rayee-charlotte-rose\/\" \/>\n<meta property=\"og:locale\" content=\"fr_FR\" \/>\n<meta property=\"og:type\" content=\"article\" \/>\n<meta property=\"og:title\" content=\"Chemise Ray\u00e9e CHARLOTTE rose - Popeline Store, boutique pr\u00eat \u00e0 porter sur B\u00e9ziers\" \/>\n<meta property=\"og:description\" content=\"Apportez une touche de fra\u00eecheur et de f\u00e9minit\u00e9 \u00e0 votre dressing avec notre chemise ray\u00e9e rose. Son tissu l\u00e9ger et fluide offre un confort absolu tout au long de la journ\u00e9e, tandis que sa coupe l\u00e9g\u00e8rement oversize assure un look tendance et d\u00e9contract\u00e9. \ud83c\udf38 Le conseil mode POPELINE : Associez cette chemise avec un jean large et des baskets pour une allure chic et effortless, ou nouez-la \u00e0 la taille avec un short en \u00e9t\u00e9 pour un look boh\u00e8me et d\u00e9contract\u00e9.\" \/>\n<meta property=\"og:url\" content=\"https:\/\/www.popeline-store.com\/index.php\/produit\/chemise-rayee-charlotte-rose\/\" \/>\n<meta property=\"og:site_name\" content=\"Popeline Store, boutique pr\u00eat \u00e0 porter sur B\u00e9ziers\" \/>\n<meta property=\"article:modified_time\" content=\"2025-05-02T15:13:10+00:00\" \/>\n<meta name=\"twitter:card\" content=\"summary_large_image\" \/>\n<script type=\"application\/ld+json\" class=\"yoast-schema-graph\">{\"@context\":\"https:\/\/schema.org\",\"@graph\":[{\"@type\":\"WebPage\",\"@id\":\"https:\/\/www.popeline-store.com\/index.php\/produit\/chemise-rayee-charlotte-rose\/\",\"url\":\"https:\/\/www.popeline-store.com\/index.php\/produit\/chemise-rayee-charlotte-rose\/\",\"name\":\"Chemise Ray\u00e9e CHARLOTTE rose - Popeline Store, boutique pr\u00eat \u00e0 porter sur B\u00e9ziers\",\"isPartOf\":{\"@id\":\"https:\/\/www.popeline-store.com\/#website\"},\"primaryImageOfPage\":{\"@id\":\"https:\/\/www.popeline-store.com\/index.php\/produit\/chemise-rayee-charlotte-rose\/#primaryimage\"},\"image\":{\"@id\":\"https:\/\/www.popeline-store.com\/index.php\/produit\/chemise-rayee-charlotte-rose\/#primaryimage\"},\"thumbnailUrl\":\"https:\/\/www.popeline-store.com\/wp-content\/uploads\/2025\/03\/NEWS17-scaled.jpg\",\"datePublished\":\"2025-03-04T21:26:54+00:00\",\"dateModified\":\"2025-05-02T15:13:10+00:00\",\"breadcrumb\":{\"@id\":\"https:\/\/www.popeline-store.com\/index.php\/produit\/chemise-rayee-charlotte-rose\/#breadcrumb\"},\"inLanguage\":\"fr-FR\",\"potentialAction\":[{\"@type\":\"ReadAction\",\"target\":[\"https:\/\/www.popeline-store.com\/index.php\/produit\/chemise-rayee-charlotte-rose\/\"]}]},{\"@type\":\"ImageObject\",\"inLanguage\":\"fr-FR\",\"@id\":\"https:\/\/www.popeline-store.com\/index.php\/produit\/chemise-rayee-charlotte-rose\/#primaryimage\",\"url\":\"https:\/\/www.popeline-store.com\/wp-content\/uploads\/2025\/03\/NEWS17-scaled.jpg\",\"contentUrl\":\"https:\/\/www.popeline-store.com\/wp-content\/uploads\/2025\/03\/NEWS17-scaled.jpg\",\"width\":1440,\"height\":2560},{\"@type\":\"BreadcrumbList\",\"@id\":\"https:\/\/www.popeline-store.com\/index.php\/produit\/chemise-rayee-charlotte-rose\/#breadcrumb\",\"itemListElement\":[{\"@type\":\"ListItem\",\"position\":1,\"name\":\"Accueil\",\"item\":\"https:\/\/www.popeline-store.com\/\"},{\"@type\":\"ListItem\",\"position\":2,\"name\":\"Boutique\",\"item\":\"https:\/\/www.popeline-store.com\/index.php\/popeline-beziers-page-boutique\/\"},{\"@type\":\"ListItem\",\"position\":3,\"name\":\"Chemise Ray\u00e9e CHARLOTTE rose\"}]},{\"@type\":\"WebSite\",\"@id\":\"https:\/\/www.popeline-store.com\/#website\",\"url\":\"https:\/\/www.popeline-store.com\/\",\"name\":\"Popeline B\u00e9ziers, boutique pr\u00eat \u00e0 porter sur B\u00e9ziers\",\"description\":\"Popeline est une boutique de mode f\u00e9minine situ\u00e9e \u00e0 B\u00e9ziers, H\u00e9rault, France. Vous y trouverez une large gamme de v\u00eatements tendance, accessoires \u00e9l\u00e9gants ..\",\"publisher\":{\"@id\":\"https:\/\/www.popeline-store.com\/#organization\"},\"potentialAction\":[{\"@type\":\"SearchAction\",\"target\":{\"@type\":\"EntryPoint\",\"urlTemplate\":\"https:\/\/www.popeline-store.com\/?s={search_term_string}\"},\"query-input\":{\"@type\":\"PropertyValueSpecification\",\"valueRequired\":true,\"valueName\":\"search_term_string\"}}],\"inLanguage\":\"fr-FR\"},{\"@type\":\"Organization\",\"@id\":\"https:\/\/www.popeline-store.com\/#organization\",\"name\":\"Popeline \u00e0 B\u00e9ziers, boutique pr\u00eat \u00e0 porter sur B\u00e9ziers\",\"url\":\"https:\/\/www.popeline-store.com\/\",\"logo\":{\"@type\":\"ImageObject\",\"inLanguage\":\"fr-FR\",\"@id\":\"https:\/\/www.popeline-store.com\/#\/schema\/logo\/image\/\",\"url\":\"https:\/\/www.popeline-store.com\/wp-content\/uploads\/2024\/12\/PopLogoReduc.png\",\"contentUrl\":\"https:\/\/www.popeline-store.com\/wp-content\/uploads\/2024\/12\/PopLogoReduc.png\",\"width\":500,\"height\":500,\"caption\":\"Popeline \u00e0 B\u00e9ziers, boutique pr\u00eat \u00e0 porter sur B\u00e9ziers\"},\"image\":{\"@id\":\"https:\/\/www.popeline-store.com\/#\/schema\/logo\/image\/\"},\"sameAs\":[\"https:\/\/www.instagram.com\/popeline_beziers\/\"]}]}<\/script>\n<!-- \/ Yoast SEO plugin. -->","yoast_head_json":{"title":"Chemise Ray\u00e9e CHARLOTTE rose - Popeline Store, boutique pr\u00eat \u00e0 porter sur B\u00e9ziers","robots":{"index":"index","follow":"follow","max-snippet":"max-snippet:-1","max-image-preview":"max-image-preview:large","max-video-preview":"max-video-preview:-1"},"canonical":"https:\/\/www.popeline-store.com\/index.php\/produit\/chemise-rayee-charlotte-rose\/","og_locale":"fr_FR","og_type":"article","og_title":"Chemise Ray\u00e9e CHARLOTTE rose - Popeline Store, boutique pr\u00eat \u00e0 porter sur B\u00e9ziers","og_description":"Apportez une touche de fra\u00eecheur et de f\u00e9minit\u00e9 \u00e0 votre dressing avec notre chemise ray\u00e9e rose. Son tissu l\u00e9ger et fluide offre un confort absolu tout au long de la journ\u00e9e, tandis que sa coupe l\u00e9g\u00e8rement oversize assure un look tendance et d\u00e9contract\u00e9. \ud83c\udf38 Le conseil mode POPELINE : Associez cette chemise avec un jean large et des baskets pour une allure chic et effortless, ou nouez-la \u00e0 la taille avec un short en \u00e9t\u00e9 pour un look boh\u00e8me et d\u00e9contract\u00e9.","og_url":"https:\/\/www.popeline-store.com\/index.php\/produit\/chemise-rayee-charlotte-rose\/","og_site_name":"Popeline Store, boutique pr\u00eat \u00e0 porter sur B\u00e9ziers","article_modified_time":"2025-05-02T15:13:10+00:00","twitter_card":"summary_large_image","schema":{"@context":"https:\/\/schema.org","@graph":[{"@type":"WebPage","@id":"https:\/\/www.popeline-store.com\/index.php\/produit\/chemise-rayee-charlotte-rose\/","url":"https:\/\/www.popeline-store.com\/index.php\/produit\/chemise-rayee-charlotte-rose\/","name":"Chemise Ray\u00e9e CHARLOTTE rose - Popeline Store, boutique pr\u00eat \u00e0 porter sur B\u00e9ziers","isPartOf":{"@id":"https:\/\/www.popeline-store.com\/#website"},"primaryImageOfPage":{"@id":"https:\/\/www.popeline-store.com\/index.php\/produit\/chemise-rayee-charlotte-rose\/#primaryimage"},"image":{"@id":"https:\/\/www.popeline-store.com\/index.php\/produit\/chemise-rayee-charlotte-rose\/#primaryimage"},"thumbnailUrl":"https:\/\/www.popeline-store.com\/wp-content\/uploads\/2025\/03\/NEWS17-scaled.jpg","datePublished":"2025-03-04T21:26:54+00:00","dateModified":"2025-05-02T15:13:10+00:00","breadcrumb":{"@id":"https:\/\/www.popeline-store.com\/index.php\/produit\/chemise-rayee-charlotte-rose\/#breadcrumb"},"inLanguage":"fr-FR","potentialAction":[{"@type":"ReadAction","target":["https:\/\/www.popeline-store.com\/index.php\/produit\/chemise-rayee-charlotte-rose\/"]}]},{"@type":"ImageObject","inLanguage":"fr-FR","@id":"https:\/\/www.popeline-store.com\/index.php\/produit\/chemise-rayee-charlotte-rose\/#primaryimage","url":"https:\/\/www.popeline-store.com\/wp-content\/uploads\/2025\/03\/NEWS17-scaled.jpg","contentUrl":"https:\/\/www.popeline-store.com\/wp-content\/uploads\/2025\/03\/NEWS17-scaled.jpg","width":1440,"height":2560},{"@type":"BreadcrumbList","@id":"https:\/\/www.popeline-store.com\/index.php\/produit\/chemise-rayee-charlotte-rose\/#breadcrumb","itemListElement":[{"@type":"ListItem","position":1,"name":"Accueil","item":"https:\/\/www.popeline-store.com\/"},{"@type":"ListItem","position":2,"name":"Boutique","item":"https:\/\/www.popeline-store.com\/index.php\/popeline-beziers-page-boutique\/"},{"@type":"ListItem","position":3,"name":"Chemise Ray\u00e9e CHARLOTTE rose"}]},{"@type":"WebSite","@id":"https:\/\/www.popeline-store.com\/#website","url":"https:\/\/www.popeline-store.com\/","name":"Popeline B\u00e9ziers, boutique pr\u00eat \u00e0 porter sur B\u00e9ziers","description":"Popeline est une boutique de mode f\u00e9minine situ\u00e9e \u00e0 B\u00e9ziers, H\u00e9rault, France. Vous y trouverez une large gamme de v\u00eatements tendance, accessoires \u00e9l\u00e9gants ..","publisher":{"@id":"https:\/\/www.popeline-store.com\/#organization"},"potentialAction":[{"@type":"SearchAction","target":{"@type":"EntryPoint","urlTemplate":"https:\/\/www.popeline-store.com\/?s={search_term_string}"},"query-input":{"@type":"PropertyValueSpecification","valueRequired":true,"valueName":"search_term_string"}}],"inLanguage":"fr-FR"},{"@type":"Organization","@id":"https:\/\/www.popeline-store.com\/#organization","name":"Popeline \u00e0 B\u00e9ziers, boutique pr\u00eat \u00e0 porter sur B\u00e9ziers","url":"https:\/\/www.popeline-store.com\/","logo":{"@type":"ImageObject","inLanguage":"fr-FR","@id":"https:\/\/www.popeline-store.com\/#\/schema\/logo\/image\/","url":"https:\/\/www.popeline-store.com\/wp-content\/uploads\/2024\/12\/PopLogoReduc.png","contentUrl":"https:\/\/www.popeline-store.com\/wp-content\/uploads\/2024\/12\/PopLogoReduc.png","width":500,"height":500,"caption":"Popeline \u00e0 B\u00e9ziers, boutique pr\u00eat \u00e0 porter sur B\u00e9ziers"},"image":{"@id":"https:\/\/www.popeline-store.com\/#\/schema\/logo\/image\/"},"sameAs":["https:\/\/www.instagram.com\/popeline_beziers\/"]}]}},"jetpack_sharing_enabled":true,"_links":{"self":[{"href":"https:\/\/www.popeline-store.com\/index.php\/wp-json\/wp\/v2\/product\/2600","targetHints":{"allow":["GET"]}}],"collection":[{"href":"https:\/\/www.popeline-store.com\/index.php\/wp-json\/wp\/v2\/product"}],"about":[{"href":"https:\/\/www.popeline-store.com\/index.php\/wp-json\/wp\/v2\/types\/product"}],"replies":[{"embeddable":true,"href":"https:\/\/www.popeline-store.com\/index.php\/wp-json\/wp\/v2\/comments?post=2600"}],"wp:featuredmedia":[{"embeddable":true,"href":"https:\/\/www.popeline-store.com\/index.php\/wp-json\/wp\/v2\/media\/2603"}],"wp:attachment":[{"href":"https:\/\/www.popeline-store.com\/index.php\/wp-json\/wp\/v2\/media?parent=2600"}],"wp:term":[{"taxonomy":"product_brand","embeddable":true,"href":"https:\/\/www.popeline-store.com\/index.php\/wp-json\/wp\/v2\/product_brand?post=2600"},{"taxonomy":"product_cat","embeddable":true,"href":"https:\/\/www.popeline-store.com\/index.php\/wp-json\/wp\/v2\/product_cat?post=2600"},{"taxonomy":"product_tag","embeddable":true,"href":"https:\/\/www.popeline-store.com\/index.php\/wp-json\/wp\/v2\/product_tag?post=2600"}],"curies":[{"name":"wp","href":"https:\/\/api.w.org\/{rel}","templated":true}]}}