{"id":2662,"date":"2025-04-01T14:02:01","date_gmt":"2025-04-01T12:02:01","guid":{"rendered":"https:\/\/www.popeline-store.com\/?post_type=product&#038;p=2662"},"modified":"2025-12-30T16:01:24","modified_gmt":"2025-12-30T15:01:24","slug":"pochette-tressee-avec-chaine-doree-amovible-ruby-vert-amande","status":"publish","type":"product","link":"https:\/\/www.popeline-store.com\/index.php\/produit\/pochette-tressee-avec-chaine-doree-amovible-ruby-vert-amande\/","title":{"rendered":"Pochette tress\u00e9e avec chaine dor\u00e9e amovible RUBY vert amande"},"content":{"rendered":"<h4 data-start=\"624\" data-end=\"653\"><strong>Pochette tress\u00e9e avec chaine dor\u00e9e amovible RUBY vert amande<\/strong><\/h4>\n<p class=\"\" data-start=\"624\" data-end=\"653\"><strong data-start=\"627\" data-end=\"651\">D\u00e9tails du produit :<\/strong><\/p>\n<ul data-start=\"654\" data-end=\"847\">\n<li class=\"\" data-start=\"654\" data-end=\"683\">\n<p class=\"\" data-start=\"656\" data-end=\"683\">Mati\u00e8re : Raphia crochet\u00e9<\/p>\n<\/li>\n<li class=\"\" data-start=\"684\" data-end=\"710\">\n<p class=\"\" data-start=\"686\" data-end=\"710\">Coloris : Vert amande<\/p>\n<\/li>\n<li class=\"\" data-start=\"739\" data-end=\"790\">\n<p class=\"\" data-start=\"741\" data-end=\"790\">Port\u00e9 : \u00c9paule ou main gr\u00e2ce \u00e0 une cha\u00eene dor\u00e9e<\/p>\n<\/li>\n<li data-start=\"739\" data-end=\"790\">Fermeture : Clip r\u00e9tro m\u00e9tallique<\/li>\n<li class=\"\" data-start=\"791\" data-end=\"847\">\n<p class=\"\" data-start=\"793\" data-end=\"847\">Dimensions : 30x22x8cm<\/p>\n<\/li>\n<\/ul>\n<p class=\"\" data-start=\"849\" data-end=\"879\"><strong data-start=\"852\" data-end=\"877\">Pourquoi on l&rsquo;adore ?<\/strong><\/p>\n<ul data-start=\"880\" data-end=\"998\">\n<li class=\"\" data-start=\"880\" data-end=\"911\">\n<p class=\"\" data-start=\"882\" data-end=\"911\">Son design artisanal unique<\/p>\n<\/li>\n<li class=\"\" data-start=\"912\" data-end=\"956\">\n<p class=\"\" data-start=\"914\" data-end=\"956\">Sa teinte douce et intemporelle<\/p>\n<\/li>\n<li class=\"\" data-start=\"957\" data-end=\"998\">\n<p class=\"\" data-start=\"959\" data-end=\"998\">Son format id\u00e9al pour les beaux jours<\/p>\n<\/li>\n<\/ul>\n<p class=\"\" data-start=\"1000\" data-end=\"1064\">Un incontournable pour accessoiriser vos tenues avec style !<\/p>\n<p class=\"\"><span class=\"\">Composition: <\/span>100% Paille<\/p>\n","protected":false},"excerpt":{"rendered":"<p>Ajoutez une touche boh\u00e8me et \u00e9l\u00e9gante \u00e0 votre look avec ce magnifique sac en raphia crochet\u00e9.<\/p>\n<p>Son motif ajour\u00e9 apporte une note artisanale et tendance.<\/p>\n<p>Sa teinte vert amande doux et raffin\u00e9 en fait un accessoire parfait pour une allure \u00e9l\u00e9gante et printani\u00e8re.<\/p>\n<p>Dot\u00e9e d&rsquo;une cha\u00eene dor\u00e9e d\u00e9licate, ce sac peut \u00eatre port\u00e9 \u00e0 l&rsquo;\u00e9paule ou \u00e0 la main pour un style chic et d\u00e9contract\u00e9.<\/p>\n<p>Son format pratique vous permet d&#8217;emporter vos essentiels du quotidien avec \u00e9l\u00e9gance.<\/p>\n","protected":false},"featured_media":2664,"comment_status":"open","ping_status":"closed","template":"","meta":{"_et_pb_use_builder":"","_et_pb_old_content":"","_et_gb_content_width":"","om_disable_all_campaigns":false},"product_brand":[],"product_cat":[42],"product_tag":[],"class_list":{"0":"post-2662","1":"product","2":"type-product","3":"status-publish","4":"has-post-thumbnail","6":"product_cat-accessoires","8":"first","9":"instock","10":"taxable","11":"shipping-taxable","12":"purchasable","13":"product-type-simple"},"yoast_head":"<!-- This site is optimized with the Yoast SEO plugin v27.2 - https:\/\/yoast.com\/product\/yoast-seo-wordpress\/ -->\n<title>Pochette tress\u00e9e avec chaine dor\u00e9e amovible RUBY vert amande - Popeline Store, boutique pr\u00eat \u00e0 porter sur B\u00e9ziers<\/title>\n<meta name=\"robots\" content=\"index, follow, max-snippet:-1, max-image-preview:large, max-video-preview:-1\" \/>\n<link rel=\"canonical\" href=\"https:\/\/www.popeline-store.com\/index.php\/produit\/pochette-tressee-avec-chaine-doree-amovible-ruby-vert-amande\/\" \/>\n<meta property=\"og:locale\" content=\"fr_FR\" \/>\n<meta property=\"og:type\" content=\"article\" \/>\n<meta property=\"og:title\" content=\"Pochette tress\u00e9e avec chaine dor\u00e9e amovible RUBY vert amande - Popeline Store, boutique pr\u00eat \u00e0 porter sur B\u00e9ziers\" \/>\n<meta property=\"og:description\" content=\"Ajoutez une touche boh\u00e8me et \u00e9l\u00e9gante \u00e0 votre look avec ce magnifique sac en raphia crochet\u00e9.  Son motif ajour\u00e9 apporte une note artisanale et tendance.  Sa teinte vert amande doux et raffin\u00e9 en fait un accessoire parfait pour une allure \u00e9l\u00e9gante et printani\u00e8re.  Dot\u00e9e d&#039;une cha\u00eene dor\u00e9e d\u00e9licate, ce sac peut \u00eatre port\u00e9 \u00e0 l&#039;\u00e9paule ou \u00e0 la main pour un style chic et d\u00e9contract\u00e9.  Son format pratique vous permet d&#039;emporter vos essentiels du quotidien avec \u00e9l\u00e9gance.\" \/>\n<meta property=\"og:url\" content=\"https:\/\/www.popeline-store.com\/index.php\/produit\/pochette-tressee-avec-chaine-doree-amovible-ruby-vert-amande\/\" \/>\n<meta property=\"og:site_name\" content=\"Popeline Store, boutique pr\u00eat \u00e0 porter sur B\u00e9ziers\" \/>\n<meta property=\"article:modified_time\" content=\"2025-12-30T15:01:24+00:00\" \/>\n<meta property=\"og:image\" content=\"https:\/\/www.popeline-store.com\/wp-content\/uploads\/2025\/04\/Sac-RUBY-amande1.png\" \/>\n\t<meta property=\"og:image:width\" content=\"630\" \/>\n\t<meta property=\"og:image:height\" content=\"966\" \/>\n\t<meta property=\"og:image:type\" content=\"image\/png\" \/>\n<meta name=\"twitter:card\" content=\"summary_large_image\" \/>\n<script type=\"application\/ld+json\" class=\"yoast-schema-graph\">{\"@context\":\"https:\/\/schema.org\",\"@graph\":[{\"@type\":\"WebPage\",\"@id\":\"https:\/\/www.popeline-store.com\/index.php\/produit\/pochette-tressee-avec-chaine-doree-amovible-ruby-vert-amande\/\",\"url\":\"https:\/\/www.popeline-store.com\/index.php\/produit\/pochette-tressee-avec-chaine-doree-amovible-ruby-vert-amande\/\",\"name\":\"Pochette tress\u00e9e avec chaine dor\u00e9e amovible RUBY vert amande - Popeline Store, boutique pr\u00eat \u00e0 porter sur B\u00e9ziers\",\"isPartOf\":{\"@id\":\"https:\/\/www.popeline-store.com\/#website\"},\"primaryImageOfPage\":{\"@id\":\"https:\/\/www.popeline-store.com\/index.php\/produit\/pochette-tressee-avec-chaine-doree-amovible-ruby-vert-amande\/#primaryimage\"},\"image\":{\"@id\":\"https:\/\/www.popeline-store.com\/index.php\/produit\/pochette-tressee-avec-chaine-doree-amovible-ruby-vert-amande\/#primaryimage\"},\"thumbnailUrl\":\"https:\/\/www.popeline-store.com\/wp-content\/uploads\/2025\/04\/Sac-RUBY-amande1.png\",\"datePublished\":\"2025-04-01T12:02:01+00:00\",\"dateModified\":\"2025-12-30T15:01:24+00:00\",\"breadcrumb\":{\"@id\":\"https:\/\/www.popeline-store.com\/index.php\/produit\/pochette-tressee-avec-chaine-doree-amovible-ruby-vert-amande\/#breadcrumb\"},\"inLanguage\":\"fr-FR\",\"potentialAction\":[{\"@type\":\"ReadAction\",\"target\":[\"https:\/\/www.popeline-store.com\/index.php\/produit\/pochette-tressee-avec-chaine-doree-amovible-ruby-vert-amande\/\"]}]},{\"@type\":\"ImageObject\",\"inLanguage\":\"fr-FR\",\"@id\":\"https:\/\/www.popeline-store.com\/index.php\/produit\/pochette-tressee-avec-chaine-doree-amovible-ruby-vert-amande\/#primaryimage\",\"url\":\"https:\/\/www.popeline-store.com\/wp-content\/uploads\/2025\/04\/Sac-RUBY-amande1.png\",\"contentUrl\":\"https:\/\/www.popeline-store.com\/wp-content\/uploads\/2025\/04\/Sac-RUBY-amande1.png\",\"width\":630,\"height\":966},{\"@type\":\"BreadcrumbList\",\"@id\":\"https:\/\/www.popeline-store.com\/index.php\/produit\/pochette-tressee-avec-chaine-doree-amovible-ruby-vert-amande\/#breadcrumb\",\"itemListElement\":[{\"@type\":\"ListItem\",\"position\":1,\"name\":\"Accueil\",\"item\":\"https:\/\/www.popeline-store.com\/\"},{\"@type\":\"ListItem\",\"position\":2,\"name\":\"Boutique\",\"item\":\"https:\/\/www.popeline-store.com\/index.php\/popeline-beziers-page-boutique\/\"},{\"@type\":\"ListItem\",\"position\":3,\"name\":\"Pochette tress\u00e9e avec chaine dor\u00e9e amovible RUBY vert amande\"}]},{\"@type\":\"WebSite\",\"@id\":\"https:\/\/www.popeline-store.com\/#website\",\"url\":\"https:\/\/www.popeline-store.com\/\",\"name\":\"Popeline B\u00e9ziers, boutique pr\u00eat \u00e0 porter sur B\u00e9ziers\",\"description\":\"Popeline est une boutique de mode f\u00e9minine situ\u00e9e \u00e0 B\u00e9ziers, H\u00e9rault, France. Vous y trouverez une large gamme de v\u00eatements tendance, accessoires \u00e9l\u00e9gants ..\",\"publisher\":{\"@id\":\"https:\/\/www.popeline-store.com\/#organization\"},\"potentialAction\":[{\"@type\":\"SearchAction\",\"target\":{\"@type\":\"EntryPoint\",\"urlTemplate\":\"https:\/\/www.popeline-store.com\/?s={search_term_string}\"},\"query-input\":{\"@type\":\"PropertyValueSpecification\",\"valueRequired\":true,\"valueName\":\"search_term_string\"}}],\"inLanguage\":\"fr-FR\"},{\"@type\":\"Organization\",\"@id\":\"https:\/\/www.popeline-store.com\/#organization\",\"name\":\"Popeline \u00e0 B\u00e9ziers, boutique pr\u00eat \u00e0 porter sur B\u00e9ziers\",\"url\":\"https:\/\/www.popeline-store.com\/\",\"logo\":{\"@type\":\"ImageObject\",\"inLanguage\":\"fr-FR\",\"@id\":\"https:\/\/www.popeline-store.com\/#\/schema\/logo\/image\/\",\"url\":\"https:\/\/www.popeline-store.com\/wp-content\/uploads\/2024\/12\/PopLogoReduc.png\",\"contentUrl\":\"https:\/\/www.popeline-store.com\/wp-content\/uploads\/2024\/12\/PopLogoReduc.png\",\"width\":500,\"height\":500,\"caption\":\"Popeline \u00e0 B\u00e9ziers, boutique pr\u00eat \u00e0 porter sur B\u00e9ziers\"},\"image\":{\"@id\":\"https:\/\/www.popeline-store.com\/#\/schema\/logo\/image\/\"},\"sameAs\":[\"https:\/\/www.instagram.com\/popeline_beziers\/\"]}]}<\/script>\n<!-- \/ Yoast SEO plugin. -->","yoast_head_json":{"title":"Pochette tress\u00e9e avec chaine dor\u00e9e amovible RUBY vert amande - Popeline Store, boutique pr\u00eat \u00e0 porter sur B\u00e9ziers","robots":{"index":"index","follow":"follow","max-snippet":"max-snippet:-1","max-image-preview":"max-image-preview:large","max-video-preview":"max-video-preview:-1"},"canonical":"https:\/\/www.popeline-store.com\/index.php\/produit\/pochette-tressee-avec-chaine-doree-amovible-ruby-vert-amande\/","og_locale":"fr_FR","og_type":"article","og_title":"Pochette tress\u00e9e avec chaine dor\u00e9e amovible RUBY vert amande - Popeline Store, boutique pr\u00eat \u00e0 porter sur B\u00e9ziers","og_description":"Ajoutez une touche boh\u00e8me et \u00e9l\u00e9gante \u00e0 votre look avec ce magnifique sac en raphia crochet\u00e9.  Son motif ajour\u00e9 apporte une note artisanale et tendance.  Sa teinte vert amande doux et raffin\u00e9 en fait un accessoire parfait pour une allure \u00e9l\u00e9gante et printani\u00e8re.  Dot\u00e9e d'une cha\u00eene dor\u00e9e d\u00e9licate, ce sac peut \u00eatre port\u00e9 \u00e0 l'\u00e9paule ou \u00e0 la main pour un style chic et d\u00e9contract\u00e9.  Son format pratique vous permet d'emporter vos essentiels du quotidien avec \u00e9l\u00e9gance.","og_url":"https:\/\/www.popeline-store.com\/index.php\/produit\/pochette-tressee-avec-chaine-doree-amovible-ruby-vert-amande\/","og_site_name":"Popeline Store, boutique pr\u00eat \u00e0 porter sur B\u00e9ziers","article_modified_time":"2025-12-30T15:01:24+00:00","og_image":[{"width":630,"height":966,"url":"https:\/\/www.popeline-store.com\/wp-content\/uploads\/2025\/04\/Sac-RUBY-amande1.png","type":"image\/png"}],"twitter_card":"summary_large_image","schema":{"@context":"https:\/\/schema.org","@graph":[{"@type":"WebPage","@id":"https:\/\/www.popeline-store.com\/index.php\/produit\/pochette-tressee-avec-chaine-doree-amovible-ruby-vert-amande\/","url":"https:\/\/www.popeline-store.com\/index.php\/produit\/pochette-tressee-avec-chaine-doree-amovible-ruby-vert-amande\/","name":"Pochette tress\u00e9e avec chaine dor\u00e9e amovible RUBY vert amande - Popeline Store, boutique pr\u00eat \u00e0 porter sur B\u00e9ziers","isPartOf":{"@id":"https:\/\/www.popeline-store.com\/#website"},"primaryImageOfPage":{"@id":"https:\/\/www.popeline-store.com\/index.php\/produit\/pochette-tressee-avec-chaine-doree-amovible-ruby-vert-amande\/#primaryimage"},"image":{"@id":"https:\/\/www.popeline-store.com\/index.php\/produit\/pochette-tressee-avec-chaine-doree-amovible-ruby-vert-amande\/#primaryimage"},"thumbnailUrl":"https:\/\/www.popeline-store.com\/wp-content\/uploads\/2025\/04\/Sac-RUBY-amande1.png","datePublished":"2025-04-01T12:02:01+00:00","dateModified":"2025-12-30T15:01:24+00:00","breadcrumb":{"@id":"https:\/\/www.popeline-store.com\/index.php\/produit\/pochette-tressee-avec-chaine-doree-amovible-ruby-vert-amande\/#breadcrumb"},"inLanguage":"fr-FR","potentialAction":[{"@type":"ReadAction","target":["https:\/\/www.popeline-store.com\/index.php\/produit\/pochette-tressee-avec-chaine-doree-amovible-ruby-vert-amande\/"]}]},{"@type":"ImageObject","inLanguage":"fr-FR","@id":"https:\/\/www.popeline-store.com\/index.php\/produit\/pochette-tressee-avec-chaine-doree-amovible-ruby-vert-amande\/#primaryimage","url":"https:\/\/www.popeline-store.com\/wp-content\/uploads\/2025\/04\/Sac-RUBY-amande1.png","contentUrl":"https:\/\/www.popeline-store.com\/wp-content\/uploads\/2025\/04\/Sac-RUBY-amande1.png","width":630,"height":966},{"@type":"BreadcrumbList","@id":"https:\/\/www.popeline-store.com\/index.php\/produit\/pochette-tressee-avec-chaine-doree-amovible-ruby-vert-amande\/#breadcrumb","itemListElement":[{"@type":"ListItem","position":1,"name":"Accueil","item":"https:\/\/www.popeline-store.com\/"},{"@type":"ListItem","position":2,"name":"Boutique","item":"https:\/\/www.popeline-store.com\/index.php\/popeline-beziers-page-boutique\/"},{"@type":"ListItem","position":3,"name":"Pochette tress\u00e9e avec chaine dor\u00e9e amovible RUBY vert amande"}]},{"@type":"WebSite","@id":"https:\/\/www.popeline-store.com\/#website","url":"https:\/\/www.popeline-store.com\/","name":"Popeline B\u00e9ziers, boutique pr\u00eat \u00e0 porter sur B\u00e9ziers","description":"Popeline est une boutique de mode f\u00e9minine situ\u00e9e \u00e0 B\u00e9ziers, H\u00e9rault, France. Vous y trouverez une large gamme de v\u00eatements tendance, accessoires \u00e9l\u00e9gants ..","publisher":{"@id":"https:\/\/www.popeline-store.com\/#organization"},"potentialAction":[{"@type":"SearchAction","target":{"@type":"EntryPoint","urlTemplate":"https:\/\/www.popeline-store.com\/?s={search_term_string}"},"query-input":{"@type":"PropertyValueSpecification","valueRequired":true,"valueName":"search_term_string"}}],"inLanguage":"fr-FR"},{"@type":"Organization","@id":"https:\/\/www.popeline-store.com\/#organization","name":"Popeline \u00e0 B\u00e9ziers, boutique pr\u00eat \u00e0 porter sur B\u00e9ziers","url":"https:\/\/www.popeline-store.com\/","logo":{"@type":"ImageObject","inLanguage":"fr-FR","@id":"https:\/\/www.popeline-store.com\/#\/schema\/logo\/image\/","url":"https:\/\/www.popeline-store.com\/wp-content\/uploads\/2024\/12\/PopLogoReduc.png","contentUrl":"https:\/\/www.popeline-store.com\/wp-content\/uploads\/2024\/12\/PopLogoReduc.png","width":500,"height":500,"caption":"Popeline \u00e0 B\u00e9ziers, boutique pr\u00eat \u00e0 porter sur B\u00e9ziers"},"image":{"@id":"https:\/\/www.popeline-store.com\/#\/schema\/logo\/image\/"},"sameAs":["https:\/\/www.instagram.com\/popeline_beziers\/"]}]}},"jetpack_sharing_enabled":true,"_links":{"self":[{"href":"https:\/\/www.popeline-store.com\/index.php\/wp-json\/wp\/v2\/product\/2662","targetHints":{"allow":["GET"]}}],"collection":[{"href":"https:\/\/www.popeline-store.com\/index.php\/wp-json\/wp\/v2\/product"}],"about":[{"href":"https:\/\/www.popeline-store.com\/index.php\/wp-json\/wp\/v2\/types\/product"}],"replies":[{"embeddable":true,"href":"https:\/\/www.popeline-store.com\/index.php\/wp-json\/wp\/v2\/comments?post=2662"}],"wp:featuredmedia":[{"embeddable":true,"href":"https:\/\/www.popeline-store.com\/index.php\/wp-json\/wp\/v2\/media\/2664"}],"wp:attachment":[{"href":"https:\/\/www.popeline-store.com\/index.php\/wp-json\/wp\/v2\/media?parent=2662"}],"wp:term":[{"taxonomy":"product_brand","embeddable":true,"href":"https:\/\/www.popeline-store.com\/index.php\/wp-json\/wp\/v2\/product_brand?post=2662"},{"taxonomy":"product_cat","embeddable":true,"href":"https:\/\/www.popeline-store.com\/index.php\/wp-json\/wp\/v2\/product_cat?post=2662"},{"taxonomy":"product_tag","embeddable":true,"href":"https:\/\/www.popeline-store.com\/index.php\/wp-json\/wp\/v2\/product_tag?post=2662"}],"curies":[{"name":"wp","href":"https:\/\/api.w.org\/{rel}","templated":true}]}}