{"id":2780,"date":"2025-04-11T11:39:07","date_gmt":"2025-04-11T09:39:07","guid":{"rendered":"https:\/\/www.popeline-store.com\/?post_type=product&#038;p=2780"},"modified":"2025-12-21T16:34:37","modified_gmt":"2025-12-21T15:34:37","slug":"caraco-blanc-josy-debardeur-avec-dentelle-dos-boutonne-bretelles-reglables","status":"publish","type":"product","link":"https:\/\/www.popeline-store.com\/index.php\/produit\/caraco-blanc-josy-debardeur-avec-dentelle-dos-boutonne-bretelles-reglables\/","title":{"rendered":"Caraco blanc JOSY \u2013 D\u00e9bardeur avec dentelle \u2013 Dos boutonn\u00e9 \u2013 Bretelles r\u00e9glables"},"content":{"rendered":"<h4><strong>Caraco blanc JOSY \u2013 D\u00e9bardeur avec dentelle \u2013 Dos boutonn\u00e9 \u2013 Bretelles r\u00e9glables<\/strong><\/h4>\n<p class=\"\" data-start=\"808\" data-end=\"1065\">Son <strong data-start=\"812\" data-end=\"838\">col en V devant et dos<\/strong>, subtilement soulign\u00e9 par une <strong data-start=\"869\" data-end=\"886\">dentelle fine<\/strong>, d\u00e9voile juste ce qu\u2019il faut avec \u00e9l\u00e9gance. Le d\u00e9tail qui fait toute la diff\u00e9rence ? Les <strong data-start=\"976\" data-end=\"1018\">trois petits boutons recouverts au dos<\/strong>, pour une finition d\u00e9licate et ultra f\u00e9minine.<\/p>\n<p class=\"\" data-start=\"1067\" data-end=\"1294\">Ses <strong data-start=\"1071\" data-end=\"1100\">bretelles fines r\u00e9glables<\/strong> permettent d\u2019ajuster parfaitement le top \u00e0 votre silhouette. Fluide et doux au toucher, ce d\u00e9bardeur se porte aussi bien rentr\u00e9 dans un pantalon taille haute qu\u2019en superposition sous une veste.<\/p>\n<p class=\"\" data-start=\"1296\" data-end=\"1389\">Un vrai <strong data-start=\"1304\" data-end=\"1318\">alli\u00e9 chic<\/strong> pour toutes vos envies de tenues boh\u00e8mes, romantiques ou minimalistes.<\/p>\n<h3 class=\"\" data-start=\"1396\" data-end=\"1430\">\ud83d\udccc <strong data-start=\"1403\" data-end=\"1428\">D\u00e9tails &amp; composition<\/strong><\/h3>\n<ul data-start=\"1431\" data-end=\"1730\">\n<li class=\"\" data-start=\"1431\" data-end=\"1459\">\n<p class=\"\" data-start=\"1433\" data-end=\"1459\">Coloris : Blanc \u00e9clatant<\/p>\n<\/li>\n<li class=\"\" data-start=\"1460\" data-end=\"1514\">\n<p class=\"\" data-start=\"1462\" data-end=\"1514\">Col V devant et dos, avec incrustation de dentelle<\/p>\n<\/li>\n<li class=\"\" data-start=\"1515\" data-end=\"1546\">\n<p class=\"\" data-start=\"1517\" data-end=\"1546\">3 boutons recouverts au dos<\/p>\n<\/li>\n<li class=\"\" data-start=\"1547\" data-end=\"1576\">\n<p class=\"\" data-start=\"1549\" data-end=\"1576\">Bretelles fines r\u00e9glables<\/p>\n<\/li>\n<li class=\"\" data-start=\"1577\" data-end=\"1625\">\n<p class=\"\" data-start=\"1579\" data-end=\"1625\">Longueur : 50 cm (hors bretelles, taille 36)<\/p>\n<\/li>\n<li class=\"\" data-start=\"1626\" data-end=\"1654\">\n<p class=\"\" data-start=\"1628\" data-end=\"1654\">Mati\u00e8re : 100% polyester<\/p>\n<\/li>\n<li class=\"\" data-start=\"1655\" data-end=\"1677\">\n<p class=\"\" data-start=\"1657\" data-end=\"1677\">Taille normalement<\/p>\n<\/li>\n<li class=\"\" data-start=\"1678\" data-end=\"1704\">\n<p class=\"\" data-start=\"1680\" data-end=\"1704\">Disponible du S au L<\/p>\n<\/li>\n<\/ul>\n<h3 class=\"\" data-start=\"1737\" data-end=\"1759\">\ud83e\uddfc <strong data-start=\"1744\" data-end=\"1757\">Entretien<\/strong><\/h3>\n<ul data-start=\"1760\" data-end=\"1861\">\n<li class=\"\" data-start=\"1760\" data-end=\"1790\">\n<p class=\"\" data-start=\"1762\" data-end=\"1790\">Lavage \u00e0 la main conseill\u00e9<\/p>\n<\/li>\n<li class=\"\" data-start=\"1791\" data-end=\"1809\">\n<p class=\"\" data-start=\"1793\" data-end=\"1809\">Repassage doux<\/p>\n<\/li>\n<li class=\"\" data-start=\"1810\" data-end=\"1834\">\n<p class=\"\" data-start=\"1812\" data-end=\"1834\">Blanchiment interdit<\/p>\n<\/li>\n<li class=\"\" data-start=\"1835\" data-end=\"1861\">\n<p class=\"\" data-start=\"1837\" data-end=\"1861\">Ne pas s\u00e9cher en machine<\/p>\n<\/li>\n<\/ul>\n<h3 class=\"\" data-start=\"1868\" data-end=\"1905\">\ud83d\udc57 <strong data-start=\"1875\" data-end=\"1903\">Conseil look by POPELINE<\/strong><\/h3>\n<p class=\"\" data-start=\"1906\" data-end=\"2063\">\u00c0 porter avec un pantalon fluide comme le <a href=\"https:\/\/www.popeline-store.com\/index.php\/produit\/pantalon-droit-fluide-paro-jaune-taille-elastique-crepe-look-chic-et-decontracte\/\"><strong data-start=\"1948\" data-end=\"1962\">PARO jaune<\/strong><\/a> pour un contraste lumineux ou gliss\u00e9 dans une jupe taille haute pour une silhouette plus romantique.<\/p>\n","protected":false},"excerpt":{"rendered":"<p>Un top d\u00e9licat et raffin\u00e9 qui sublime votre silhouette en toute simplicit\u00e9.<\/p>\n<p>Le <strong data-start=\"629\" data-end=\"650\">caraco JOSY blanc<\/strong> est une pi\u00e8ce incontournable du dressing f\u00e9minin.<\/p>\n<p>\u00c0 la fois <strong data-start=\"711\" data-end=\"736\">f\u00e9minin et intemporel<\/strong>, il apporte une touche de l\u00e9g\u00e8ret\u00e9 et d\u2019\u00e9l\u00e9gance \u00e0 toutes vos tenues.<\/p>\n","protected":false},"featured_media":2787,"comment_status":"open","ping_status":"closed","template":"","meta":{"_et_pb_use_builder":"","_et_pb_old_content":"","_et_gb_content_width":"","om_disable_all_campaigns":false},"product_brand":[],"product_cat":[37],"product_tag":[],"class_list":{"0":"post-2780","1":"product","2":"type-product","3":"status-publish","4":"has-post-thumbnail","6":"product_cat-hauts","8":"first","9":"instock","10":"taxable","11":"shipping-taxable","12":"purchasable","13":"product-type-variable","14":"has-default-attributes"},"yoast_head":"<!-- This site is optimized with the Yoast SEO plugin v27.2 - https:\/\/yoast.com\/product\/yoast-seo-wordpress\/ -->\n<title>Caraco blanc JOSY \u2013 D\u00e9bardeur avec dentelle \u2013 Dos boutonn\u00e9 \u2013 Bretelles r\u00e9glables - Popeline Store, boutique pr\u00eat \u00e0 porter sur B\u00e9ziers<\/title>\n<meta name=\"robots\" content=\"index, follow, max-snippet:-1, max-image-preview:large, max-video-preview:-1\" \/>\n<link rel=\"canonical\" href=\"https:\/\/www.popeline-store.com\/index.php\/produit\/caraco-blanc-josy-debardeur-avec-dentelle-dos-boutonne-bretelles-reglables\/\" \/>\n<meta property=\"og:locale\" content=\"fr_FR\" \/>\n<meta property=\"og:type\" content=\"article\" \/>\n<meta property=\"og:title\" content=\"Caraco blanc JOSY \u2013 D\u00e9bardeur avec dentelle \u2013 Dos boutonn\u00e9 \u2013 Bretelles r\u00e9glables - Popeline Store, boutique pr\u00eat \u00e0 porter sur B\u00e9ziers\" \/>\n<meta property=\"og:description\" content=\"Un top d\u00e9licat et raffin\u00e9 qui sublime votre silhouette en toute simplicit\u00e9.  Le caraco JOSY blanc est une pi\u00e8ce incontournable du dressing f\u00e9minin.  \u00c0 la fois f\u00e9minin et intemporel, il apporte une touche de l\u00e9g\u00e8ret\u00e9 et d\u2019\u00e9l\u00e9gance \u00e0 toutes vos tenues.\" \/>\n<meta property=\"og:url\" content=\"https:\/\/www.popeline-store.com\/index.php\/produit\/caraco-blanc-josy-debardeur-avec-dentelle-dos-boutonne-bretelles-reglables\/\" \/>\n<meta property=\"og:site_name\" content=\"Popeline Store, boutique pr\u00eat \u00e0 porter sur B\u00e9ziers\" \/>\n<meta property=\"article:modified_time\" content=\"2025-12-21T15:34:37+00:00\" \/>\n<meta property=\"og:image\" content=\"https:\/\/www.popeline-store.com\/wp-content\/uploads\/2025\/04\/Caraco-dentelle-blanc-JOSY-1-min-1.png\" \/>\n\t<meta property=\"og:image:width\" content=\"1492\" \/>\n\t<meta property=\"og:image:height\" content=\"1318\" \/>\n\t<meta property=\"og:image:type\" content=\"image\/png\" \/>\n<meta name=\"twitter:card\" content=\"summary_large_image\" \/>\n<meta name=\"twitter:label1\" content=\"Dur\u00e9e de lecture estim\u00e9e\" \/>\n\t<meta name=\"twitter:data1\" content=\"2 minutes\" \/>\n<script type=\"application\/ld+json\" class=\"yoast-schema-graph\">{\"@context\":\"https:\/\/schema.org\",\"@graph\":[{\"@type\":\"WebPage\",\"@id\":\"https:\/\/www.popeline-store.com\/index.php\/produit\/caraco-blanc-josy-debardeur-avec-dentelle-dos-boutonne-bretelles-reglables\/\",\"url\":\"https:\/\/www.popeline-store.com\/index.php\/produit\/caraco-blanc-josy-debardeur-avec-dentelle-dos-boutonne-bretelles-reglables\/\",\"name\":\"Caraco blanc JOSY \u2013 D\u00e9bardeur avec dentelle \u2013 Dos boutonn\u00e9 \u2013 Bretelles r\u00e9glables - Popeline Store, boutique pr\u00eat \u00e0 porter sur B\u00e9ziers\",\"isPartOf\":{\"@id\":\"https:\/\/www.popeline-store.com\/#website\"},\"primaryImageOfPage\":{\"@id\":\"https:\/\/www.popeline-store.com\/index.php\/produit\/caraco-blanc-josy-debardeur-avec-dentelle-dos-boutonne-bretelles-reglables\/#primaryimage\"},\"image\":{\"@id\":\"https:\/\/www.popeline-store.com\/index.php\/produit\/caraco-blanc-josy-debardeur-avec-dentelle-dos-boutonne-bretelles-reglables\/#primaryimage\"},\"thumbnailUrl\":\"https:\/\/www.popeline-store.com\/wp-content\/uploads\/2025\/04\/Caraco-dentelle-blanc-JOSY-1-min-1.png\",\"datePublished\":\"2025-04-11T09:39:07+00:00\",\"dateModified\":\"2025-12-21T15:34:37+00:00\",\"breadcrumb\":{\"@id\":\"https:\/\/www.popeline-store.com\/index.php\/produit\/caraco-blanc-josy-debardeur-avec-dentelle-dos-boutonne-bretelles-reglables\/#breadcrumb\"},\"inLanguage\":\"fr-FR\",\"potentialAction\":[{\"@type\":\"ReadAction\",\"target\":[\"https:\/\/www.popeline-store.com\/index.php\/produit\/caraco-blanc-josy-debardeur-avec-dentelle-dos-boutonne-bretelles-reglables\/\"]}]},{\"@type\":\"ImageObject\",\"inLanguage\":\"fr-FR\",\"@id\":\"https:\/\/www.popeline-store.com\/index.php\/produit\/caraco-blanc-josy-debardeur-avec-dentelle-dos-boutonne-bretelles-reglables\/#primaryimage\",\"url\":\"https:\/\/www.popeline-store.com\/wp-content\/uploads\/2025\/04\/Caraco-dentelle-blanc-JOSY-1-min-1.png\",\"contentUrl\":\"https:\/\/www.popeline-store.com\/wp-content\/uploads\/2025\/04\/Caraco-dentelle-blanc-JOSY-1-min-1.png\",\"width\":1492,\"height\":1318},{\"@type\":\"BreadcrumbList\",\"@id\":\"https:\/\/www.popeline-store.com\/index.php\/produit\/caraco-blanc-josy-debardeur-avec-dentelle-dos-boutonne-bretelles-reglables\/#breadcrumb\",\"itemListElement\":[{\"@type\":\"ListItem\",\"position\":1,\"name\":\"Accueil\",\"item\":\"https:\/\/www.popeline-store.com\/\"},{\"@type\":\"ListItem\",\"position\":2,\"name\":\"Boutique\",\"item\":\"https:\/\/www.popeline-store.com\/index.php\/popeline-beziers-page-boutique\/\"},{\"@type\":\"ListItem\",\"position\":3,\"name\":\"Caraco blanc JOSY \u2013 D\u00e9bardeur avec dentelle \u2013 Dos boutonn\u00e9 \u2013 Bretelles r\u00e9glables\"}]},{\"@type\":\"WebSite\",\"@id\":\"https:\/\/www.popeline-store.com\/#website\",\"url\":\"https:\/\/www.popeline-store.com\/\",\"name\":\"Popeline B\u00e9ziers, boutique pr\u00eat \u00e0 porter sur B\u00e9ziers\",\"description\":\"Popeline est une boutique de mode f\u00e9minine situ\u00e9e \u00e0 B\u00e9ziers, H\u00e9rault, France. Vous y trouverez une large gamme de v\u00eatements tendance, accessoires \u00e9l\u00e9gants ..\",\"publisher\":{\"@id\":\"https:\/\/www.popeline-store.com\/#organization\"},\"potentialAction\":[{\"@type\":\"SearchAction\",\"target\":{\"@type\":\"EntryPoint\",\"urlTemplate\":\"https:\/\/www.popeline-store.com\/?s={search_term_string}\"},\"query-input\":{\"@type\":\"PropertyValueSpecification\",\"valueRequired\":true,\"valueName\":\"search_term_string\"}}],\"inLanguage\":\"fr-FR\"},{\"@type\":\"Organization\",\"@id\":\"https:\/\/www.popeline-store.com\/#organization\",\"name\":\"Popeline \u00e0 B\u00e9ziers, boutique pr\u00eat \u00e0 porter sur B\u00e9ziers\",\"url\":\"https:\/\/www.popeline-store.com\/\",\"logo\":{\"@type\":\"ImageObject\",\"inLanguage\":\"fr-FR\",\"@id\":\"https:\/\/www.popeline-store.com\/#\/schema\/logo\/image\/\",\"url\":\"https:\/\/www.popeline-store.com\/wp-content\/uploads\/2024\/12\/PopLogoReduc.png\",\"contentUrl\":\"https:\/\/www.popeline-store.com\/wp-content\/uploads\/2024\/12\/PopLogoReduc.png\",\"width\":500,\"height\":500,\"caption\":\"Popeline \u00e0 B\u00e9ziers, boutique pr\u00eat \u00e0 porter sur B\u00e9ziers\"},\"image\":{\"@id\":\"https:\/\/www.popeline-store.com\/#\/schema\/logo\/image\/\"},\"sameAs\":[\"https:\/\/www.instagram.com\/popeline_beziers\/\"]}]}<\/script>\n<!-- \/ Yoast SEO plugin. -->","yoast_head_json":{"title":"Caraco blanc JOSY \u2013 D\u00e9bardeur avec dentelle \u2013 Dos boutonn\u00e9 \u2013 Bretelles r\u00e9glables - Popeline Store, boutique pr\u00eat \u00e0 porter sur B\u00e9ziers","robots":{"index":"index","follow":"follow","max-snippet":"max-snippet:-1","max-image-preview":"max-image-preview:large","max-video-preview":"max-video-preview:-1"},"canonical":"https:\/\/www.popeline-store.com\/index.php\/produit\/caraco-blanc-josy-debardeur-avec-dentelle-dos-boutonne-bretelles-reglables\/","og_locale":"fr_FR","og_type":"article","og_title":"Caraco blanc JOSY \u2013 D\u00e9bardeur avec dentelle \u2013 Dos boutonn\u00e9 \u2013 Bretelles r\u00e9glables - Popeline Store, boutique pr\u00eat \u00e0 porter sur B\u00e9ziers","og_description":"Un top d\u00e9licat et raffin\u00e9 qui sublime votre silhouette en toute simplicit\u00e9.  Le caraco JOSY blanc est une pi\u00e8ce incontournable du dressing f\u00e9minin.  \u00c0 la fois f\u00e9minin et intemporel, il apporte une touche de l\u00e9g\u00e8ret\u00e9 et d\u2019\u00e9l\u00e9gance \u00e0 toutes vos tenues.","og_url":"https:\/\/www.popeline-store.com\/index.php\/produit\/caraco-blanc-josy-debardeur-avec-dentelle-dos-boutonne-bretelles-reglables\/","og_site_name":"Popeline Store, boutique pr\u00eat \u00e0 porter sur B\u00e9ziers","article_modified_time":"2025-12-21T15:34:37+00:00","og_image":[{"width":1492,"height":1318,"url":"https:\/\/www.popeline-store.com\/wp-content\/uploads\/2025\/04\/Caraco-dentelle-blanc-JOSY-1-min-1.png","type":"image\/png"}],"twitter_card":"summary_large_image","twitter_misc":{"Dur\u00e9e de lecture estim\u00e9e":"2 minutes"},"schema":{"@context":"https:\/\/schema.org","@graph":[{"@type":"WebPage","@id":"https:\/\/www.popeline-store.com\/index.php\/produit\/caraco-blanc-josy-debardeur-avec-dentelle-dos-boutonne-bretelles-reglables\/","url":"https:\/\/www.popeline-store.com\/index.php\/produit\/caraco-blanc-josy-debardeur-avec-dentelle-dos-boutonne-bretelles-reglables\/","name":"Caraco blanc JOSY \u2013 D\u00e9bardeur avec dentelle \u2013 Dos boutonn\u00e9 \u2013 Bretelles r\u00e9glables - Popeline Store, boutique pr\u00eat \u00e0 porter sur B\u00e9ziers","isPartOf":{"@id":"https:\/\/www.popeline-store.com\/#website"},"primaryImageOfPage":{"@id":"https:\/\/www.popeline-store.com\/index.php\/produit\/caraco-blanc-josy-debardeur-avec-dentelle-dos-boutonne-bretelles-reglables\/#primaryimage"},"image":{"@id":"https:\/\/www.popeline-store.com\/index.php\/produit\/caraco-blanc-josy-debardeur-avec-dentelle-dos-boutonne-bretelles-reglables\/#primaryimage"},"thumbnailUrl":"https:\/\/www.popeline-store.com\/wp-content\/uploads\/2025\/04\/Caraco-dentelle-blanc-JOSY-1-min-1.png","datePublished":"2025-04-11T09:39:07+00:00","dateModified":"2025-12-21T15:34:37+00:00","breadcrumb":{"@id":"https:\/\/www.popeline-store.com\/index.php\/produit\/caraco-blanc-josy-debardeur-avec-dentelle-dos-boutonne-bretelles-reglables\/#breadcrumb"},"inLanguage":"fr-FR","potentialAction":[{"@type":"ReadAction","target":["https:\/\/www.popeline-store.com\/index.php\/produit\/caraco-blanc-josy-debardeur-avec-dentelle-dos-boutonne-bretelles-reglables\/"]}]},{"@type":"ImageObject","inLanguage":"fr-FR","@id":"https:\/\/www.popeline-store.com\/index.php\/produit\/caraco-blanc-josy-debardeur-avec-dentelle-dos-boutonne-bretelles-reglables\/#primaryimage","url":"https:\/\/www.popeline-store.com\/wp-content\/uploads\/2025\/04\/Caraco-dentelle-blanc-JOSY-1-min-1.png","contentUrl":"https:\/\/www.popeline-store.com\/wp-content\/uploads\/2025\/04\/Caraco-dentelle-blanc-JOSY-1-min-1.png","width":1492,"height":1318},{"@type":"BreadcrumbList","@id":"https:\/\/www.popeline-store.com\/index.php\/produit\/caraco-blanc-josy-debardeur-avec-dentelle-dos-boutonne-bretelles-reglables\/#breadcrumb","itemListElement":[{"@type":"ListItem","position":1,"name":"Accueil","item":"https:\/\/www.popeline-store.com\/"},{"@type":"ListItem","position":2,"name":"Boutique","item":"https:\/\/www.popeline-store.com\/index.php\/popeline-beziers-page-boutique\/"},{"@type":"ListItem","position":3,"name":"Caraco blanc JOSY \u2013 D\u00e9bardeur avec dentelle \u2013 Dos boutonn\u00e9 \u2013 Bretelles r\u00e9glables"}]},{"@type":"WebSite","@id":"https:\/\/www.popeline-store.com\/#website","url":"https:\/\/www.popeline-store.com\/","name":"Popeline B\u00e9ziers, boutique pr\u00eat \u00e0 porter sur B\u00e9ziers","description":"Popeline est une boutique de mode f\u00e9minine situ\u00e9e \u00e0 B\u00e9ziers, H\u00e9rault, France. Vous y trouverez une large gamme de v\u00eatements tendance, accessoires \u00e9l\u00e9gants ..","publisher":{"@id":"https:\/\/www.popeline-store.com\/#organization"},"potentialAction":[{"@type":"SearchAction","target":{"@type":"EntryPoint","urlTemplate":"https:\/\/www.popeline-store.com\/?s={search_term_string}"},"query-input":{"@type":"PropertyValueSpecification","valueRequired":true,"valueName":"search_term_string"}}],"inLanguage":"fr-FR"},{"@type":"Organization","@id":"https:\/\/www.popeline-store.com\/#organization","name":"Popeline \u00e0 B\u00e9ziers, boutique pr\u00eat \u00e0 porter sur B\u00e9ziers","url":"https:\/\/www.popeline-store.com\/","logo":{"@type":"ImageObject","inLanguage":"fr-FR","@id":"https:\/\/www.popeline-store.com\/#\/schema\/logo\/image\/","url":"https:\/\/www.popeline-store.com\/wp-content\/uploads\/2024\/12\/PopLogoReduc.png","contentUrl":"https:\/\/www.popeline-store.com\/wp-content\/uploads\/2024\/12\/PopLogoReduc.png","width":500,"height":500,"caption":"Popeline \u00e0 B\u00e9ziers, boutique pr\u00eat \u00e0 porter sur B\u00e9ziers"},"image":{"@id":"https:\/\/www.popeline-store.com\/#\/schema\/logo\/image\/"},"sameAs":["https:\/\/www.instagram.com\/popeline_beziers\/"]}]}},"jetpack_sharing_enabled":true,"_links":{"self":[{"href":"https:\/\/www.popeline-store.com\/index.php\/wp-json\/wp\/v2\/product\/2780","targetHints":{"allow":["GET"]}}],"collection":[{"href":"https:\/\/www.popeline-store.com\/index.php\/wp-json\/wp\/v2\/product"}],"about":[{"href":"https:\/\/www.popeline-store.com\/index.php\/wp-json\/wp\/v2\/types\/product"}],"replies":[{"embeddable":true,"href":"https:\/\/www.popeline-store.com\/index.php\/wp-json\/wp\/v2\/comments?post=2780"}],"wp:featuredmedia":[{"embeddable":true,"href":"https:\/\/www.popeline-store.com\/index.php\/wp-json\/wp\/v2\/media\/2787"}],"wp:attachment":[{"href":"https:\/\/www.popeline-store.com\/index.php\/wp-json\/wp\/v2\/media?parent=2780"}],"wp:term":[{"taxonomy":"product_brand","embeddable":true,"href":"https:\/\/www.popeline-store.com\/index.php\/wp-json\/wp\/v2\/product_brand?post=2780"},{"taxonomy":"product_cat","embeddable":true,"href":"https:\/\/www.popeline-store.com\/index.php\/wp-json\/wp\/v2\/product_cat?post=2780"},{"taxonomy":"product_tag","embeddable":true,"href":"https:\/\/www.popeline-store.com\/index.php\/wp-json\/wp\/v2\/product_tag?post=2780"}],"curies":[{"name":"wp","href":"https:\/\/api.w.org\/{rel}","templated":true}]}}