{"id":2801,"date":"2025-04-11T11:56:37","date_gmt":"2025-04-11T09:56:37","guid":{"rendered":"https:\/\/www.popeline-store.com\/?post_type=product&#038;p=2801"},"modified":"2025-10-01T18:27:22","modified_gmt":"2025-10-01T16:27:22","slug":"pantalon-large-3-4-leon-noir-lin-leger-taille-haute-style-chic-decontracte","status":"publish","type":"product","link":"https:\/\/www.popeline-store.com\/index.php\/produit\/pantalon-large-3-4-leon-noir-lin-leger-taille-haute-style-chic-decontracte\/","title":{"rendered":"Pantalon large 3\/4 L\u00c9ON noir \u2013 Lin l\u00e9ger \u2013 Taille haute \u2013 Style chic d\u00e9contract\u00e9"},"content":{"rendered":"<h4><strong>Pantalon large 3\/4 L\u00c9ON noir \u2013 Lin l\u00e9ger \u2013 Taille haute \u2013 Style chic d\u00e9contract\u00e9<\/strong><\/h4>\n<p class=\"\" data-start=\"830\" data-end=\"1088\">Confectionn\u00e9 en <strong data-start=\"846\" data-end=\"859\">lin l\u00e9ger<\/strong>, il pr\u00e9sente une <strong data-start=\"877\" data-end=\"896\">coupe ample 3\/4<\/strong> ultra flatteuse, id\u00e9ale pour les <strong data-start=\"930\" data-end=\"949\">petites tailles<\/strong> (coucou la #Team1m55 \ud83d\udc4b). Sur les silhouettes plus grandes, il d\u00e9voile subtilement les chevilles pour un effet d\u00e9contract\u00e9 ultra tendance.<\/p>\n<p class=\"\" data-start=\"1090\" data-end=\"1334\">Sa <strong data-start=\"1093\" data-end=\"1109\">taille haute<\/strong> met en valeur la silhouette, et sa coupe droite garantit un tomb\u00e9 parfait. C\u2019est le genre de pi\u00e8ce <strong data-start=\"1209\" data-end=\"1226\">indispensable<\/strong> qu\u2019on aime porter aussi bien avec un caraco f\u00e9minin qu\u2019un t-shirt oversize rentr\u00e9 pour un effet loose chic.<\/p>\n<h3 class=\"\" data-start=\"1341\" data-end=\"1375\">\ud83d\udccc <strong data-start=\"1348\" data-end=\"1373\">D\u00e9tails &amp; composition<\/strong><\/h3>\n<ul data-start=\"1376\" data-end=\"1672\">\n<li class=\"\" data-start=\"1376\" data-end=\"1402\">\n<p class=\"\" data-start=\"1378\" data-end=\"1402\">Coloris : Noir intense<\/p>\n<\/li>\n<li class=\"\" data-start=\"1403\" data-end=\"1424\">\n<p class=\"\" data-start=\"1405\" data-end=\"1424\">Coupe : Large 3\/4<\/p>\n<\/li>\n<li class=\"\" data-start=\"1425\" data-end=\"1474\">\n<p class=\"\" data-start=\"1427\" data-end=\"1474\">Taille haute, ceinture \u00e9lastiqu\u00e9e dans le dos<\/p>\n<\/li>\n<li class=\"\" data-start=\"1475\" data-end=\"1536\">\n<p class=\"\" data-start=\"1477\" data-end=\"1536\">Longueur id\u00e9ale pour les petites (pantalon long sur 1m55)<\/p>\n<\/li>\n<li class=\"\" data-start=\"1537\" data-end=\"1609\">\n<p class=\"\" data-start=\"1539\" data-end=\"1564\">Disponible en 3 tailles :<\/p>\n<ul data-start=\"1567\" data-end=\"1609\">\n<li class=\"\" data-start=\"1567\" data-end=\"1580\">\n<p class=\"\" data-start=\"1569\" data-end=\"1580\">S : 34\/36<\/p>\n<\/li>\n<li class=\"\" data-start=\"1583\" data-end=\"1596\">\n<p class=\"\" data-start=\"1585\" data-end=\"1596\">M : 38\/40<\/p>\n<\/li>\n<li class=\"\" data-start=\"1599\" data-end=\"1609\">\n<p class=\"\" data-start=\"1601\" data-end=\"1609\">L : 42<\/p>\n<\/li>\n<\/ul>\n<\/li>\n<li class=\"\" data-start=\"1610\" data-end=\"1646\">\n<p class=\"\" data-start=\"1612\" data-end=\"1646\">Mati\u00e8re : 70% polyester, 30% lin<\/p>\n<\/li>\n<\/ul>\n<h3 class=\"\" data-start=\"1679\" data-end=\"1701\">\ud83e\uddfc <strong data-start=\"1686\" data-end=\"1699\">Entretien<\/strong><\/h3>\n<ul data-start=\"1702\" data-end=\"1804\">\n<li class=\"\" data-start=\"1702\" data-end=\"1733\">\n<p class=\"\" data-start=\"1704\" data-end=\"1733\">Lavage \u00e0 la main recommand\u00e9<\/p>\n<\/li>\n<li class=\"\" data-start=\"1734\" data-end=\"1758\">\n<p class=\"\" data-start=\"1736\" data-end=\"1758\">Blanchiment interdit<\/p>\n<\/li>\n<li class=\"\" data-start=\"1759\" data-end=\"1777\">\n<p class=\"\" data-start=\"1761\" data-end=\"1777\">Repassage doux<\/p>\n<\/li>\n<li class=\"\" data-start=\"1778\" data-end=\"1804\">\n<p class=\"\" data-start=\"1780\" data-end=\"1804\">Ne pas s\u00e9cher en machine<\/p>\n<\/li>\n<\/ul>\n<h3 class=\"\" data-start=\"1811\" data-end=\"1848\">\ud83d\udc57 <strong data-start=\"1818\" data-end=\"1846\">Conseil look by POPELINE<\/strong><\/h3>\n<p class=\"\" data-start=\"1849\" data-end=\"2005\">Associe-le avec le <a href=\"https:\/\/www.popeline-store.com\/index.php\/produit\/caraco-blanc-josy-debardeur-avec-dentelle-dos-boutonne-bretelles-reglables\/\"><strong data-start=\"1868\" data-end=\"1889\">caraco JOSY blanc<\/strong><\/a> pour un look black &amp; white tout en contraste, ou avec le <a href=\"https:\/\/www.popeline-store.com\/index.php\/produit\/t-shirt-hugo-camel-oversize-coton-taille-unique-made-in-italy-style-casual-chic\/\"><strong data-start=\"1947\" data-end=\"1978\">t-shirt oversize HUGO camel<\/strong> <\/a>pour une vibe casual-chic.<\/p>\n","protected":false},"excerpt":{"rendered":"<p class=\"\" data-start=\"526\" data-end=\"627\">Un basique ultra styl\u00e9 en lin, parfait pour les journ\u00e9es ensoleill\u00e9es ou les looks minimalistes chic.<\/p>\n<p data-start=\"526\" data-end=\"627\">Le <strong data-start=\"685\" data-end=\"707\">pantalon L\u00c9ON noir<\/strong> est un v\u00e9ritable alli\u00e9 pour celles qui recherchent une <strong data-start=\"763\" data-end=\"796\">silhouette fluide et \u00e9l\u00e9gante<\/strong>, sans compromis sur le confort.<\/p>\n","protected":false},"featured_media":2805,"comment_status":"open","ping_status":"closed","template":"","meta":{"_et_pb_use_builder":"","_et_pb_old_content":"","_et_gb_content_width":"","om_disable_all_campaigns":false},"product_brand":[],"product_cat":[40],"product_tag":[],"class_list":{"0":"post-2801","1":"product","2":"type-product","3":"status-publish","4":"has-post-thumbnail","6":"product_cat-bas","8":"first","9":"outofstock","10":"taxable","11":"shipping-taxable","12":"product-type-variable","13":"has-default-attributes"},"yoast_head":"<!-- This site is optimized with the Yoast SEO plugin v27.2 - https:\/\/yoast.com\/product\/yoast-seo-wordpress\/ -->\n<title>Pantalon large 3\/4 L\u00c9ON noir \u2013 Lin l\u00e9ger \u2013 Taille haute \u2013 Style chic d\u00e9contract\u00e9 - Popeline Store, boutique pr\u00eat \u00e0 porter sur B\u00e9ziers<\/title>\n<meta name=\"robots\" content=\"index, follow, max-snippet:-1, max-image-preview:large, max-video-preview:-1\" \/>\n<link rel=\"canonical\" href=\"https:\/\/www.popeline-store.com\/index.php\/produit\/pantalon-large-3-4-leon-noir-lin-leger-taille-haute-style-chic-decontracte\/\" \/>\n<meta property=\"og:locale\" content=\"fr_FR\" \/>\n<meta property=\"og:type\" content=\"article\" \/>\n<meta property=\"og:title\" content=\"Pantalon large 3\/4 L\u00c9ON noir \u2013 Lin l\u00e9ger \u2013 Taille haute \u2013 Style chic d\u00e9contract\u00e9 - Popeline Store, boutique pr\u00eat \u00e0 porter sur B\u00e9ziers\" \/>\n<meta property=\"og:description\" content=\"Un basique ultra styl\u00e9 en lin, parfait pour les journ\u00e9es ensoleill\u00e9es ou les looks minimalistes chic. Le pantalon L\u00c9ON noir est un v\u00e9ritable alli\u00e9 pour celles qui recherchent une silhouette fluide et \u00e9l\u00e9gante, sans compromis sur le confort.\" \/>\n<meta property=\"og:url\" content=\"https:\/\/www.popeline-store.com\/index.php\/produit\/pantalon-large-3-4-leon-noir-lin-leger-taille-haute-style-chic-decontracte\/\" \/>\n<meta property=\"og:site_name\" content=\"Popeline Store, boutique pr\u00eat \u00e0 porter sur B\u00e9ziers\" \/>\n<meta property=\"article:modified_time\" content=\"2025-10-01T16:27:22+00:00\" \/>\n<meta property=\"og:image\" content=\"https:\/\/www.popeline-store.com\/wp-content\/uploads\/2025\/04\/Pantalon-lin-noir-LEON-1-min.png\" \/>\n\t<meta property=\"og:image:width\" content=\"688\" \/>\n\t<meta property=\"og:image:height\" content=\"1244\" \/>\n\t<meta property=\"og:image:type\" content=\"image\/png\" \/>\n<meta name=\"twitter:card\" content=\"summary_large_image\" \/>\n<meta name=\"twitter:label1\" content=\"Dur\u00e9e de lecture estim\u00e9e\" \/>\n\t<meta name=\"twitter:data1\" content=\"2 minutes\" \/>\n<script type=\"application\/ld+json\" class=\"yoast-schema-graph\">{\"@context\":\"https:\/\/schema.org\",\"@graph\":[{\"@type\":\"WebPage\",\"@id\":\"https:\/\/www.popeline-store.com\/index.php\/produit\/pantalon-large-3-4-leon-noir-lin-leger-taille-haute-style-chic-decontracte\/\",\"url\":\"https:\/\/www.popeline-store.com\/index.php\/produit\/pantalon-large-3-4-leon-noir-lin-leger-taille-haute-style-chic-decontracte\/\",\"name\":\"Pantalon large 3\/4 L\u00c9ON noir \u2013 Lin l\u00e9ger \u2013 Taille haute \u2013 Style chic d\u00e9contract\u00e9 - Popeline Store, boutique pr\u00eat \u00e0 porter sur B\u00e9ziers\",\"isPartOf\":{\"@id\":\"https:\/\/www.popeline-store.com\/#website\"},\"primaryImageOfPage\":{\"@id\":\"https:\/\/www.popeline-store.com\/index.php\/produit\/pantalon-large-3-4-leon-noir-lin-leger-taille-haute-style-chic-decontracte\/#primaryimage\"},\"image\":{\"@id\":\"https:\/\/www.popeline-store.com\/index.php\/produit\/pantalon-large-3-4-leon-noir-lin-leger-taille-haute-style-chic-decontracte\/#primaryimage\"},\"thumbnailUrl\":\"https:\/\/www.popeline-store.com\/wp-content\/uploads\/2025\/04\/Pantalon-lin-noir-LEON-1-min.png\",\"datePublished\":\"2025-04-11T09:56:37+00:00\",\"dateModified\":\"2025-10-01T16:27:22+00:00\",\"breadcrumb\":{\"@id\":\"https:\/\/www.popeline-store.com\/index.php\/produit\/pantalon-large-3-4-leon-noir-lin-leger-taille-haute-style-chic-decontracte\/#breadcrumb\"},\"inLanguage\":\"fr-FR\",\"potentialAction\":[{\"@type\":\"ReadAction\",\"target\":[\"https:\/\/www.popeline-store.com\/index.php\/produit\/pantalon-large-3-4-leon-noir-lin-leger-taille-haute-style-chic-decontracte\/\"]}]},{\"@type\":\"ImageObject\",\"inLanguage\":\"fr-FR\",\"@id\":\"https:\/\/www.popeline-store.com\/index.php\/produit\/pantalon-large-3-4-leon-noir-lin-leger-taille-haute-style-chic-decontracte\/#primaryimage\",\"url\":\"https:\/\/www.popeline-store.com\/wp-content\/uploads\/2025\/04\/Pantalon-lin-noir-LEON-1-min.png\",\"contentUrl\":\"https:\/\/www.popeline-store.com\/wp-content\/uploads\/2025\/04\/Pantalon-lin-noir-LEON-1-min.png\",\"width\":688,\"height\":1244},{\"@type\":\"BreadcrumbList\",\"@id\":\"https:\/\/www.popeline-store.com\/index.php\/produit\/pantalon-large-3-4-leon-noir-lin-leger-taille-haute-style-chic-decontracte\/#breadcrumb\",\"itemListElement\":[{\"@type\":\"ListItem\",\"position\":1,\"name\":\"Accueil\",\"item\":\"https:\/\/www.popeline-store.com\/\"},{\"@type\":\"ListItem\",\"position\":2,\"name\":\"Boutique\",\"item\":\"https:\/\/www.popeline-store.com\/index.php\/popeline-beziers-page-boutique\/\"},{\"@type\":\"ListItem\",\"position\":3,\"name\":\"Pantalon large 3\/4 L\u00c9ON noir \u2013 Lin l\u00e9ger \u2013 Taille haute \u2013 Style chic d\u00e9contract\u00e9\"}]},{\"@type\":\"WebSite\",\"@id\":\"https:\/\/www.popeline-store.com\/#website\",\"url\":\"https:\/\/www.popeline-store.com\/\",\"name\":\"Popeline B\u00e9ziers, boutique pr\u00eat \u00e0 porter sur B\u00e9ziers\",\"description\":\"Popeline est une boutique de mode f\u00e9minine situ\u00e9e \u00e0 B\u00e9ziers, H\u00e9rault, France. Vous y trouverez une large gamme de v\u00eatements tendance, accessoires \u00e9l\u00e9gants ..\",\"publisher\":{\"@id\":\"https:\/\/www.popeline-store.com\/#organization\"},\"potentialAction\":[{\"@type\":\"SearchAction\",\"target\":{\"@type\":\"EntryPoint\",\"urlTemplate\":\"https:\/\/www.popeline-store.com\/?s={search_term_string}\"},\"query-input\":{\"@type\":\"PropertyValueSpecification\",\"valueRequired\":true,\"valueName\":\"search_term_string\"}}],\"inLanguage\":\"fr-FR\"},{\"@type\":\"Organization\",\"@id\":\"https:\/\/www.popeline-store.com\/#organization\",\"name\":\"Popeline \u00e0 B\u00e9ziers, boutique pr\u00eat \u00e0 porter sur B\u00e9ziers\",\"url\":\"https:\/\/www.popeline-store.com\/\",\"logo\":{\"@type\":\"ImageObject\",\"inLanguage\":\"fr-FR\",\"@id\":\"https:\/\/www.popeline-store.com\/#\/schema\/logo\/image\/\",\"url\":\"https:\/\/www.popeline-store.com\/wp-content\/uploads\/2024\/12\/PopLogoReduc.png\",\"contentUrl\":\"https:\/\/www.popeline-store.com\/wp-content\/uploads\/2024\/12\/PopLogoReduc.png\",\"width\":500,\"height\":500,\"caption\":\"Popeline \u00e0 B\u00e9ziers, boutique pr\u00eat \u00e0 porter sur B\u00e9ziers\"},\"image\":{\"@id\":\"https:\/\/www.popeline-store.com\/#\/schema\/logo\/image\/\"},\"sameAs\":[\"https:\/\/www.instagram.com\/popeline_beziers\/\"]}]}<\/script>\n<!-- \/ Yoast SEO plugin. -->","yoast_head_json":{"title":"Pantalon large 3\/4 L\u00c9ON noir \u2013 Lin l\u00e9ger \u2013 Taille haute \u2013 Style chic d\u00e9contract\u00e9 - Popeline Store, boutique pr\u00eat \u00e0 porter sur B\u00e9ziers","robots":{"index":"index","follow":"follow","max-snippet":"max-snippet:-1","max-image-preview":"max-image-preview:large","max-video-preview":"max-video-preview:-1"},"canonical":"https:\/\/www.popeline-store.com\/index.php\/produit\/pantalon-large-3-4-leon-noir-lin-leger-taille-haute-style-chic-decontracte\/","og_locale":"fr_FR","og_type":"article","og_title":"Pantalon large 3\/4 L\u00c9ON noir \u2013 Lin l\u00e9ger \u2013 Taille haute \u2013 Style chic d\u00e9contract\u00e9 - Popeline Store, boutique pr\u00eat \u00e0 porter sur B\u00e9ziers","og_description":"Un basique ultra styl\u00e9 en lin, parfait pour les journ\u00e9es ensoleill\u00e9es ou les looks minimalistes chic. Le pantalon L\u00c9ON noir est un v\u00e9ritable alli\u00e9 pour celles qui recherchent une silhouette fluide et \u00e9l\u00e9gante, sans compromis sur le confort.","og_url":"https:\/\/www.popeline-store.com\/index.php\/produit\/pantalon-large-3-4-leon-noir-lin-leger-taille-haute-style-chic-decontracte\/","og_site_name":"Popeline Store, boutique pr\u00eat \u00e0 porter sur B\u00e9ziers","article_modified_time":"2025-10-01T16:27:22+00:00","og_image":[{"width":688,"height":1244,"url":"https:\/\/www.popeline-store.com\/wp-content\/uploads\/2025\/04\/Pantalon-lin-noir-LEON-1-min.png","type":"image\/png"}],"twitter_card":"summary_large_image","twitter_misc":{"Dur\u00e9e de lecture estim\u00e9e":"2 minutes"},"schema":{"@context":"https:\/\/schema.org","@graph":[{"@type":"WebPage","@id":"https:\/\/www.popeline-store.com\/index.php\/produit\/pantalon-large-3-4-leon-noir-lin-leger-taille-haute-style-chic-decontracte\/","url":"https:\/\/www.popeline-store.com\/index.php\/produit\/pantalon-large-3-4-leon-noir-lin-leger-taille-haute-style-chic-decontracte\/","name":"Pantalon large 3\/4 L\u00c9ON noir \u2013 Lin l\u00e9ger \u2013 Taille haute \u2013 Style chic d\u00e9contract\u00e9 - Popeline Store, boutique pr\u00eat \u00e0 porter sur B\u00e9ziers","isPartOf":{"@id":"https:\/\/www.popeline-store.com\/#website"},"primaryImageOfPage":{"@id":"https:\/\/www.popeline-store.com\/index.php\/produit\/pantalon-large-3-4-leon-noir-lin-leger-taille-haute-style-chic-decontracte\/#primaryimage"},"image":{"@id":"https:\/\/www.popeline-store.com\/index.php\/produit\/pantalon-large-3-4-leon-noir-lin-leger-taille-haute-style-chic-decontracte\/#primaryimage"},"thumbnailUrl":"https:\/\/www.popeline-store.com\/wp-content\/uploads\/2025\/04\/Pantalon-lin-noir-LEON-1-min.png","datePublished":"2025-04-11T09:56:37+00:00","dateModified":"2025-10-01T16:27:22+00:00","breadcrumb":{"@id":"https:\/\/www.popeline-store.com\/index.php\/produit\/pantalon-large-3-4-leon-noir-lin-leger-taille-haute-style-chic-decontracte\/#breadcrumb"},"inLanguage":"fr-FR","potentialAction":[{"@type":"ReadAction","target":["https:\/\/www.popeline-store.com\/index.php\/produit\/pantalon-large-3-4-leon-noir-lin-leger-taille-haute-style-chic-decontracte\/"]}]},{"@type":"ImageObject","inLanguage":"fr-FR","@id":"https:\/\/www.popeline-store.com\/index.php\/produit\/pantalon-large-3-4-leon-noir-lin-leger-taille-haute-style-chic-decontracte\/#primaryimage","url":"https:\/\/www.popeline-store.com\/wp-content\/uploads\/2025\/04\/Pantalon-lin-noir-LEON-1-min.png","contentUrl":"https:\/\/www.popeline-store.com\/wp-content\/uploads\/2025\/04\/Pantalon-lin-noir-LEON-1-min.png","width":688,"height":1244},{"@type":"BreadcrumbList","@id":"https:\/\/www.popeline-store.com\/index.php\/produit\/pantalon-large-3-4-leon-noir-lin-leger-taille-haute-style-chic-decontracte\/#breadcrumb","itemListElement":[{"@type":"ListItem","position":1,"name":"Accueil","item":"https:\/\/www.popeline-store.com\/"},{"@type":"ListItem","position":2,"name":"Boutique","item":"https:\/\/www.popeline-store.com\/index.php\/popeline-beziers-page-boutique\/"},{"@type":"ListItem","position":3,"name":"Pantalon large 3\/4 L\u00c9ON noir \u2013 Lin l\u00e9ger \u2013 Taille haute \u2013 Style chic d\u00e9contract\u00e9"}]},{"@type":"WebSite","@id":"https:\/\/www.popeline-store.com\/#website","url":"https:\/\/www.popeline-store.com\/","name":"Popeline B\u00e9ziers, boutique pr\u00eat \u00e0 porter sur B\u00e9ziers","description":"Popeline est une boutique de mode f\u00e9minine situ\u00e9e \u00e0 B\u00e9ziers, H\u00e9rault, France. Vous y trouverez une large gamme de v\u00eatements tendance, accessoires \u00e9l\u00e9gants ..","publisher":{"@id":"https:\/\/www.popeline-store.com\/#organization"},"potentialAction":[{"@type":"SearchAction","target":{"@type":"EntryPoint","urlTemplate":"https:\/\/www.popeline-store.com\/?s={search_term_string}"},"query-input":{"@type":"PropertyValueSpecification","valueRequired":true,"valueName":"search_term_string"}}],"inLanguage":"fr-FR"},{"@type":"Organization","@id":"https:\/\/www.popeline-store.com\/#organization","name":"Popeline \u00e0 B\u00e9ziers, boutique pr\u00eat \u00e0 porter sur B\u00e9ziers","url":"https:\/\/www.popeline-store.com\/","logo":{"@type":"ImageObject","inLanguage":"fr-FR","@id":"https:\/\/www.popeline-store.com\/#\/schema\/logo\/image\/","url":"https:\/\/www.popeline-store.com\/wp-content\/uploads\/2024\/12\/PopLogoReduc.png","contentUrl":"https:\/\/www.popeline-store.com\/wp-content\/uploads\/2024\/12\/PopLogoReduc.png","width":500,"height":500,"caption":"Popeline \u00e0 B\u00e9ziers, boutique pr\u00eat \u00e0 porter sur B\u00e9ziers"},"image":{"@id":"https:\/\/www.popeline-store.com\/#\/schema\/logo\/image\/"},"sameAs":["https:\/\/www.instagram.com\/popeline_beziers\/"]}]}},"jetpack_sharing_enabled":true,"_links":{"self":[{"href":"https:\/\/www.popeline-store.com\/index.php\/wp-json\/wp\/v2\/product\/2801","targetHints":{"allow":["GET"]}}],"collection":[{"href":"https:\/\/www.popeline-store.com\/index.php\/wp-json\/wp\/v2\/product"}],"about":[{"href":"https:\/\/www.popeline-store.com\/index.php\/wp-json\/wp\/v2\/types\/product"}],"replies":[{"embeddable":true,"href":"https:\/\/www.popeline-store.com\/index.php\/wp-json\/wp\/v2\/comments?post=2801"}],"wp:featuredmedia":[{"embeddable":true,"href":"https:\/\/www.popeline-store.com\/index.php\/wp-json\/wp\/v2\/media\/2805"}],"wp:attachment":[{"href":"https:\/\/www.popeline-store.com\/index.php\/wp-json\/wp\/v2\/media?parent=2801"}],"wp:term":[{"taxonomy":"product_brand","embeddable":true,"href":"https:\/\/www.popeline-store.com\/index.php\/wp-json\/wp\/v2\/product_brand?post=2801"},{"taxonomy":"product_cat","embeddable":true,"href":"https:\/\/www.popeline-store.com\/index.php\/wp-json\/wp\/v2\/product_cat?post=2801"},{"taxonomy":"product_tag","embeddable":true,"href":"https:\/\/www.popeline-store.com\/index.php\/wp-json\/wp\/v2\/product_tag?post=2801"}],"curies":[{"name":"wp","href":"https:\/\/api.w.org\/{rel}","templated":true}]}}