{"id":2807,"date":"2025-04-11T12:53:35","date_gmt":"2025-04-11T10:53:35","guid":{"rendered":"https:\/\/www.popeline-store.com\/?post_type=product&#038;p=2807"},"modified":"2025-09-27T13:10:49","modified_gmt":"2025-09-27T11:10:49","slug":"veste-en-jean-louisa-coupe-droite-denim-bleu-classique","status":"publish","type":"product","link":"https:\/\/www.popeline-store.com\/index.php\/produit\/veste-en-jean-louisa-coupe-droite-denim-bleu-classique\/","title":{"rendered":"Veste en jean LOUISA \u2013 Coupe droite \u2013 Denim bleu classique"},"content":{"rendered":"<h4><strong>Veste en jean LOUISA \u2013 Coupe droite \u2013 Denim bleu classique<\/strong><\/h4>\n<p class=\"\" data-start=\"856\" data-end=\"1082\">En denim bleu l\u00e9g\u00e8rement d\u00e9lav\u00e9, elle se porte aussi bien sur une <strong data-start=\"922\" data-end=\"937\">robe fluide<\/strong>, qu\u2019avec un <strong data-start=\"950\" data-end=\"975\">pantalon taille haute<\/strong> ou une <strong data-start=\"983\" data-end=\"996\">jupe midi<\/strong>. Son style casual permet toutes les associations : du look boh\u00e8me au style rock chic.<\/p>\n<h3 class=\"\" data-start=\"1089\" data-end=\"1123\">\ud83d\udccc <strong data-start=\"1096\" data-end=\"1121\">D\u00e9tails &amp; composition<\/strong><\/h3>\n<ul data-start=\"1124\" data-end=\"1377\">\n<li class=\"\" data-start=\"1124\" data-end=\"1148\">\n<p class=\"\" data-start=\"1126\" data-end=\"1148\">Coloris : Bleu denim<\/p>\n<\/li>\n<li class=\"\" data-start=\"1149\" data-end=\"1193\">\n<p class=\"\" data-start=\"1151\" data-end=\"1193\">Coupe : Droite, ajust\u00e9e mais confortable<\/p>\n<\/li>\n<li class=\"\" data-start=\"1194\" data-end=\"1234\">\n<p class=\"\" data-start=\"1196\" data-end=\"1234\">Fermeture : Boutons en m\u00e9tal argent\u00e9<\/p>\n<\/li>\n<li class=\"\" data-start=\"1235\" data-end=\"1277\">\n<p class=\"\" data-start=\"1237\" data-end=\"1277\">Poches poitrine \u00e0 rabat + poches c\u00f4t\u00e9s<\/p>\n<\/li>\n<li class=\"\" data-start=\"1278\" data-end=\"1321\">\n<p class=\"\" data-start=\"1280\" data-end=\"1321\">Tailles disponibles : 36 \u2013 38 \u2013 40 \u2013 42<\/p>\n<\/li>\n<li class=\"\" data-start=\"1322\" data-end=\"1350\">\n<p class=\"\" data-start=\"1324\" data-end=\"1350\">Composition : 100% coton<\/p>\n<\/li>\n<\/ul>\n<h3 class=\"\" data-start=\"1384\" data-end=\"1406\">\ud83e\uddfc <strong data-start=\"1391\" data-end=\"1404\">Entretien<\/strong><\/h3>\n<ul data-start=\"1407\" data-end=\"1488\">\n<li class=\"\" data-start=\"1407\" data-end=\"1435\">\n<p class=\"\" data-start=\"1409\" data-end=\"1435\">Lavage en machine \u00e0 30\u00b0C<\/p>\n<\/li>\n<li class=\"\" data-start=\"1436\" data-end=\"1467\">\n<p class=\"\" data-start=\"1438\" data-end=\"1467\">Repassage doux sur l\u2019envers<\/p>\n<\/li>\n<li class=\"\" data-start=\"1468\" data-end=\"1488\">\n<p class=\"\" data-start=\"1470\" data-end=\"1488\">Pas de s\u00e8che-linge<\/p>\n<\/li>\n<\/ul>\n<h3 class=\"\" data-start=\"1495\" data-end=\"1532\">\ud83d\udc57 <strong data-start=\"1502\" data-end=\"1530\">Conseil look by POPELINE<\/strong><\/h3>\n<p class=\"\" data-start=\"1533\" data-end=\"1792\">La veste LOUISA fait sensation port\u00e9e ouverte sur une <a href=\"https:\/\/www.popeline-store.com\/index.php\/produit\/robe-pauline-tiedie-kaki\/\"><strong data-start=\"1587\" data-end=\"1609\">robe longue fluide<\/strong><\/a>, ou nou\u00e9e \u00e0 la taille sur une <strong data-start=\"1640\" data-end=\"1661\">jupe taille haute<\/strong>pour une silhouette f\u00e9minine et moderne. On l\u2019adore aussi en total look denim avec un <strong data-start=\"1748\" data-end=\"1769\">jean taille haute<\/strong> pour un style affirm\u00e9.<\/p>\n<p>&nbsp;<\/p>\n","protected":false},"excerpt":{"rendered":"<p>La veste en jean parfaite pour la mi-saison, \u00e0 porter sans mod\u00e9ration !<\/p>\n<p>La <strong data-start=\"565\" data-end=\"589\">veste en jean LOUISA<\/strong> est un <strong data-start=\"597\" data-end=\"625\">grand classique revisit\u00e9<\/strong> avec une coupe droite l\u00e9g\u00e8rement ajust\u00e9e pour flatter toutes les silhouettes.<\/p>\n<p>Elle incarne le parfait \u00e9quilibre entre <strong data-start=\"744\" data-end=\"761\">intemporalit\u00e9<\/strong> et <strong data-start=\"765\" data-end=\"786\">tendance actuelle<\/strong> : un must-have absolu dans son dressing, surtout en cette saison !<\/p>\n","protected":false},"featured_media":2812,"comment_status":"open","ping_status":"closed","template":"","meta":{"_et_pb_use_builder":"","_et_pb_old_content":"","_et_gb_content_width":"","om_disable_all_campaigns":false},"product_brand":[],"product_cat":[41],"product_tag":[],"class_list":{"0":"post-2807","1":"product","2":"type-product","3":"status-publish","4":"has-post-thumbnail","6":"product_cat-vestes-manteaux","8":"first","9":"outofstock","10":"taxable","11":"shipping-taxable","12":"product-type-variable","13":"has-default-attributes"},"yoast_head":"<!-- This site is optimized with the Yoast SEO plugin v27.2 - https:\/\/yoast.com\/product\/yoast-seo-wordpress\/ -->\n<title>Veste en jean LOUISA \u2013 Coupe droite \u2013 Denim bleu classique - Popeline Store, boutique pr\u00eat \u00e0 porter sur B\u00e9ziers<\/title>\n<meta name=\"robots\" content=\"index, follow, max-snippet:-1, max-image-preview:large, max-video-preview:-1\" \/>\n<link rel=\"canonical\" href=\"https:\/\/www.popeline-store.com\/index.php\/produit\/veste-en-jean-louisa-coupe-droite-denim-bleu-classique\/\" \/>\n<meta property=\"og:locale\" content=\"fr_FR\" \/>\n<meta property=\"og:type\" content=\"article\" \/>\n<meta property=\"og:title\" content=\"Veste en jean LOUISA \u2013 Coupe droite \u2013 Denim bleu classique - Popeline Store, boutique pr\u00eat \u00e0 porter sur B\u00e9ziers\" \/>\n<meta property=\"og:description\" content=\"La veste en jean parfaite pour la mi-saison, \u00e0 porter sans mod\u00e9ration !  La veste en jean LOUISA est un grand classique revisit\u00e9 avec une coupe droite l\u00e9g\u00e8rement ajust\u00e9e pour flatter toutes les silhouettes.  Elle incarne le parfait \u00e9quilibre entre intemporalit\u00e9 et tendance actuelle : un must-have absolu dans son dressing, surtout en cette saison !\" \/>\n<meta property=\"og:url\" content=\"https:\/\/www.popeline-store.com\/index.php\/produit\/veste-en-jean-louisa-coupe-droite-denim-bleu-classique\/\" \/>\n<meta property=\"og:site_name\" content=\"Popeline Store, boutique pr\u00eat \u00e0 porter sur B\u00e9ziers\" \/>\n<meta property=\"article:modified_time\" content=\"2025-09-27T11:10:49+00:00\" \/>\n<meta property=\"og:image\" content=\"https:\/\/www.popeline-store.com\/wp-content\/uploads\/2025\/04\/Veste-en-jean-LOUISA-5-min.png\" \/>\n\t<meta property=\"og:image:width\" content=\"990\" \/>\n\t<meta property=\"og:image:height\" content=\"1320\" \/>\n\t<meta property=\"og:image:type\" content=\"image\/png\" \/>\n<meta name=\"twitter:card\" content=\"summary_large_image\" \/>\n<meta name=\"twitter:label1\" content=\"Dur\u00e9e de lecture estim\u00e9e\" \/>\n\t<meta name=\"twitter:data1\" content=\"1 minute\" \/>\n<script type=\"application\/ld+json\" class=\"yoast-schema-graph\">{\"@context\":\"https:\/\/schema.org\",\"@graph\":[{\"@type\":\"WebPage\",\"@id\":\"https:\/\/www.popeline-store.com\/index.php\/produit\/veste-en-jean-louisa-coupe-droite-denim-bleu-classique\/\",\"url\":\"https:\/\/www.popeline-store.com\/index.php\/produit\/veste-en-jean-louisa-coupe-droite-denim-bleu-classique\/\",\"name\":\"Veste en jean LOUISA \u2013 Coupe droite \u2013 Denim bleu classique - Popeline Store, boutique pr\u00eat \u00e0 porter sur B\u00e9ziers\",\"isPartOf\":{\"@id\":\"https:\/\/www.popeline-store.com\/#website\"},\"primaryImageOfPage\":{\"@id\":\"https:\/\/www.popeline-store.com\/index.php\/produit\/veste-en-jean-louisa-coupe-droite-denim-bleu-classique\/#primaryimage\"},\"image\":{\"@id\":\"https:\/\/www.popeline-store.com\/index.php\/produit\/veste-en-jean-louisa-coupe-droite-denim-bleu-classique\/#primaryimage\"},\"thumbnailUrl\":\"https:\/\/www.popeline-store.com\/wp-content\/uploads\/2025\/04\/Veste-en-jean-LOUISA-5-min.png\",\"datePublished\":\"2025-04-11T10:53:35+00:00\",\"dateModified\":\"2025-09-27T11:10:49+00:00\",\"breadcrumb\":{\"@id\":\"https:\/\/www.popeline-store.com\/index.php\/produit\/veste-en-jean-louisa-coupe-droite-denim-bleu-classique\/#breadcrumb\"},\"inLanguage\":\"fr-FR\",\"potentialAction\":[{\"@type\":\"ReadAction\",\"target\":[\"https:\/\/www.popeline-store.com\/index.php\/produit\/veste-en-jean-louisa-coupe-droite-denim-bleu-classique\/\"]}]},{\"@type\":\"ImageObject\",\"inLanguage\":\"fr-FR\",\"@id\":\"https:\/\/www.popeline-store.com\/index.php\/produit\/veste-en-jean-louisa-coupe-droite-denim-bleu-classique\/#primaryimage\",\"url\":\"https:\/\/www.popeline-store.com\/wp-content\/uploads\/2025\/04\/Veste-en-jean-LOUISA-5-min.png\",\"contentUrl\":\"https:\/\/www.popeline-store.com\/wp-content\/uploads\/2025\/04\/Veste-en-jean-LOUISA-5-min.png\",\"width\":990,\"height\":1320},{\"@type\":\"BreadcrumbList\",\"@id\":\"https:\/\/www.popeline-store.com\/index.php\/produit\/veste-en-jean-louisa-coupe-droite-denim-bleu-classique\/#breadcrumb\",\"itemListElement\":[{\"@type\":\"ListItem\",\"position\":1,\"name\":\"Accueil\",\"item\":\"https:\/\/www.popeline-store.com\/\"},{\"@type\":\"ListItem\",\"position\":2,\"name\":\"Boutique\",\"item\":\"https:\/\/www.popeline-store.com\/index.php\/popeline-beziers-page-boutique\/\"},{\"@type\":\"ListItem\",\"position\":3,\"name\":\"Veste en jean LOUISA \u2013 Coupe droite \u2013 Denim bleu classique\"}]},{\"@type\":\"WebSite\",\"@id\":\"https:\/\/www.popeline-store.com\/#website\",\"url\":\"https:\/\/www.popeline-store.com\/\",\"name\":\"Popeline B\u00e9ziers, boutique pr\u00eat \u00e0 porter sur B\u00e9ziers\",\"description\":\"Popeline est une boutique de mode f\u00e9minine situ\u00e9e \u00e0 B\u00e9ziers, H\u00e9rault, France. Vous y trouverez une large gamme de v\u00eatements tendance, accessoires \u00e9l\u00e9gants ..\",\"publisher\":{\"@id\":\"https:\/\/www.popeline-store.com\/#organization\"},\"potentialAction\":[{\"@type\":\"SearchAction\",\"target\":{\"@type\":\"EntryPoint\",\"urlTemplate\":\"https:\/\/www.popeline-store.com\/?s={search_term_string}\"},\"query-input\":{\"@type\":\"PropertyValueSpecification\",\"valueRequired\":true,\"valueName\":\"search_term_string\"}}],\"inLanguage\":\"fr-FR\"},{\"@type\":\"Organization\",\"@id\":\"https:\/\/www.popeline-store.com\/#organization\",\"name\":\"Popeline \u00e0 B\u00e9ziers, boutique pr\u00eat \u00e0 porter sur B\u00e9ziers\",\"url\":\"https:\/\/www.popeline-store.com\/\",\"logo\":{\"@type\":\"ImageObject\",\"inLanguage\":\"fr-FR\",\"@id\":\"https:\/\/www.popeline-store.com\/#\/schema\/logo\/image\/\",\"url\":\"https:\/\/www.popeline-store.com\/wp-content\/uploads\/2024\/12\/PopLogoReduc.png\",\"contentUrl\":\"https:\/\/www.popeline-store.com\/wp-content\/uploads\/2024\/12\/PopLogoReduc.png\",\"width\":500,\"height\":500,\"caption\":\"Popeline \u00e0 B\u00e9ziers, boutique pr\u00eat \u00e0 porter sur B\u00e9ziers\"},\"image\":{\"@id\":\"https:\/\/www.popeline-store.com\/#\/schema\/logo\/image\/\"},\"sameAs\":[\"https:\/\/www.instagram.com\/popeline_beziers\/\"]}]}<\/script>\n<!-- \/ Yoast SEO plugin. -->","yoast_head_json":{"title":"Veste en jean LOUISA \u2013 Coupe droite \u2013 Denim bleu classique - Popeline Store, boutique pr\u00eat \u00e0 porter sur B\u00e9ziers","robots":{"index":"index","follow":"follow","max-snippet":"max-snippet:-1","max-image-preview":"max-image-preview:large","max-video-preview":"max-video-preview:-1"},"canonical":"https:\/\/www.popeline-store.com\/index.php\/produit\/veste-en-jean-louisa-coupe-droite-denim-bleu-classique\/","og_locale":"fr_FR","og_type":"article","og_title":"Veste en jean LOUISA \u2013 Coupe droite \u2013 Denim bleu classique - Popeline Store, boutique pr\u00eat \u00e0 porter sur B\u00e9ziers","og_description":"La veste en jean parfaite pour la mi-saison, \u00e0 porter sans mod\u00e9ration !  La veste en jean LOUISA est un grand classique revisit\u00e9 avec une coupe droite l\u00e9g\u00e8rement ajust\u00e9e pour flatter toutes les silhouettes.  Elle incarne le parfait \u00e9quilibre entre intemporalit\u00e9 et tendance actuelle : un must-have absolu dans son dressing, surtout en cette saison !","og_url":"https:\/\/www.popeline-store.com\/index.php\/produit\/veste-en-jean-louisa-coupe-droite-denim-bleu-classique\/","og_site_name":"Popeline Store, boutique pr\u00eat \u00e0 porter sur B\u00e9ziers","article_modified_time":"2025-09-27T11:10:49+00:00","og_image":[{"width":990,"height":1320,"url":"https:\/\/www.popeline-store.com\/wp-content\/uploads\/2025\/04\/Veste-en-jean-LOUISA-5-min.png","type":"image\/png"}],"twitter_card":"summary_large_image","twitter_misc":{"Dur\u00e9e de lecture estim\u00e9e":"1 minute"},"schema":{"@context":"https:\/\/schema.org","@graph":[{"@type":"WebPage","@id":"https:\/\/www.popeline-store.com\/index.php\/produit\/veste-en-jean-louisa-coupe-droite-denim-bleu-classique\/","url":"https:\/\/www.popeline-store.com\/index.php\/produit\/veste-en-jean-louisa-coupe-droite-denim-bleu-classique\/","name":"Veste en jean LOUISA \u2013 Coupe droite \u2013 Denim bleu classique - Popeline Store, boutique pr\u00eat \u00e0 porter sur B\u00e9ziers","isPartOf":{"@id":"https:\/\/www.popeline-store.com\/#website"},"primaryImageOfPage":{"@id":"https:\/\/www.popeline-store.com\/index.php\/produit\/veste-en-jean-louisa-coupe-droite-denim-bleu-classique\/#primaryimage"},"image":{"@id":"https:\/\/www.popeline-store.com\/index.php\/produit\/veste-en-jean-louisa-coupe-droite-denim-bleu-classique\/#primaryimage"},"thumbnailUrl":"https:\/\/www.popeline-store.com\/wp-content\/uploads\/2025\/04\/Veste-en-jean-LOUISA-5-min.png","datePublished":"2025-04-11T10:53:35+00:00","dateModified":"2025-09-27T11:10:49+00:00","breadcrumb":{"@id":"https:\/\/www.popeline-store.com\/index.php\/produit\/veste-en-jean-louisa-coupe-droite-denim-bleu-classique\/#breadcrumb"},"inLanguage":"fr-FR","potentialAction":[{"@type":"ReadAction","target":["https:\/\/www.popeline-store.com\/index.php\/produit\/veste-en-jean-louisa-coupe-droite-denim-bleu-classique\/"]}]},{"@type":"ImageObject","inLanguage":"fr-FR","@id":"https:\/\/www.popeline-store.com\/index.php\/produit\/veste-en-jean-louisa-coupe-droite-denim-bleu-classique\/#primaryimage","url":"https:\/\/www.popeline-store.com\/wp-content\/uploads\/2025\/04\/Veste-en-jean-LOUISA-5-min.png","contentUrl":"https:\/\/www.popeline-store.com\/wp-content\/uploads\/2025\/04\/Veste-en-jean-LOUISA-5-min.png","width":990,"height":1320},{"@type":"BreadcrumbList","@id":"https:\/\/www.popeline-store.com\/index.php\/produit\/veste-en-jean-louisa-coupe-droite-denim-bleu-classique\/#breadcrumb","itemListElement":[{"@type":"ListItem","position":1,"name":"Accueil","item":"https:\/\/www.popeline-store.com\/"},{"@type":"ListItem","position":2,"name":"Boutique","item":"https:\/\/www.popeline-store.com\/index.php\/popeline-beziers-page-boutique\/"},{"@type":"ListItem","position":3,"name":"Veste en jean LOUISA \u2013 Coupe droite \u2013 Denim bleu classique"}]},{"@type":"WebSite","@id":"https:\/\/www.popeline-store.com\/#website","url":"https:\/\/www.popeline-store.com\/","name":"Popeline B\u00e9ziers, boutique pr\u00eat \u00e0 porter sur B\u00e9ziers","description":"Popeline est une boutique de mode f\u00e9minine situ\u00e9e \u00e0 B\u00e9ziers, H\u00e9rault, France. Vous y trouverez une large gamme de v\u00eatements tendance, accessoires \u00e9l\u00e9gants ..","publisher":{"@id":"https:\/\/www.popeline-store.com\/#organization"},"potentialAction":[{"@type":"SearchAction","target":{"@type":"EntryPoint","urlTemplate":"https:\/\/www.popeline-store.com\/?s={search_term_string}"},"query-input":{"@type":"PropertyValueSpecification","valueRequired":true,"valueName":"search_term_string"}}],"inLanguage":"fr-FR"},{"@type":"Organization","@id":"https:\/\/www.popeline-store.com\/#organization","name":"Popeline \u00e0 B\u00e9ziers, boutique pr\u00eat \u00e0 porter sur B\u00e9ziers","url":"https:\/\/www.popeline-store.com\/","logo":{"@type":"ImageObject","inLanguage":"fr-FR","@id":"https:\/\/www.popeline-store.com\/#\/schema\/logo\/image\/","url":"https:\/\/www.popeline-store.com\/wp-content\/uploads\/2024\/12\/PopLogoReduc.png","contentUrl":"https:\/\/www.popeline-store.com\/wp-content\/uploads\/2024\/12\/PopLogoReduc.png","width":500,"height":500,"caption":"Popeline \u00e0 B\u00e9ziers, boutique pr\u00eat \u00e0 porter sur B\u00e9ziers"},"image":{"@id":"https:\/\/www.popeline-store.com\/#\/schema\/logo\/image\/"},"sameAs":["https:\/\/www.instagram.com\/popeline_beziers\/"]}]}},"jetpack_sharing_enabled":true,"_links":{"self":[{"href":"https:\/\/www.popeline-store.com\/index.php\/wp-json\/wp\/v2\/product\/2807","targetHints":{"allow":["GET"]}}],"collection":[{"href":"https:\/\/www.popeline-store.com\/index.php\/wp-json\/wp\/v2\/product"}],"about":[{"href":"https:\/\/www.popeline-store.com\/index.php\/wp-json\/wp\/v2\/types\/product"}],"replies":[{"embeddable":true,"href":"https:\/\/www.popeline-store.com\/index.php\/wp-json\/wp\/v2\/comments?post=2807"}],"wp:featuredmedia":[{"embeddable":true,"href":"https:\/\/www.popeline-store.com\/index.php\/wp-json\/wp\/v2\/media\/2812"}],"wp:attachment":[{"href":"https:\/\/www.popeline-store.com\/index.php\/wp-json\/wp\/v2\/media?parent=2807"}],"wp:term":[{"taxonomy":"product_brand","embeddable":true,"href":"https:\/\/www.popeline-store.com\/index.php\/wp-json\/wp\/v2\/product_brand?post=2807"},{"taxonomy":"product_cat","embeddable":true,"href":"https:\/\/www.popeline-store.com\/index.php\/wp-json\/wp\/v2\/product_cat?post=2807"},{"taxonomy":"product_tag","embeddable":true,"href":"https:\/\/www.popeline-store.com\/index.php\/wp-json\/wp\/v2\/product_tag?post=2807"}],"curies":[{"name":"wp","href":"https:\/\/api.w.org\/{rel}","templated":true}]}}