{"id":3270,"date":"2025-05-14T18:04:52","date_gmt":"2025-05-14T16:04:52","guid":{"rendered":"https:\/\/www.popeline-store.com\/?post_type=product&#038;p=3270"},"modified":"2025-12-18T14:11:38","modified_gmt":"2025-12-18T13:11:38","slug":"pantalon-fluide-harry-beige-le-basique-doux-et-chic","status":"publish","type":"product","link":"https:\/\/www.popeline-store.com\/index.php\/produit\/pantalon-fluide-harry-beige-le-basique-doux-et-chic\/","title":{"rendered":"Pantalon fluide HARRY beige \u2013 Le basique doux et chic"},"content":{"rendered":"<h4><strong>Pantalon fluide HARRY beige \u2013 Le basique doux et chic <\/strong><\/h4>\n<h3 class=\"\" data-start=\"2046\" data-end=\"2072\">\u2728 D\u00e9tails du produit :<\/h3>\n<ul data-start=\"2073\" data-end=\"2199\">\n<li class=\"\" data-start=\"2073\" data-end=\"2096\">\n<p class=\"\" data-start=\"2075\" data-end=\"2096\">Coupe fluide et ample<\/p>\n<\/li>\n<li class=\"\" data-start=\"2097\" data-end=\"2131\">\n<p class=\"\" data-start=\"2099\" data-end=\"2131\">Taille haute \u00e0 nouer sur le c\u00f4t\u00e9<\/p>\n<\/li>\n<li class=\"\" data-start=\"2132\" data-end=\"2155\">\n<p class=\"\" data-start=\"2134\" data-end=\"2155\">Petites pinces devant<\/p>\n<\/li>\n<li class=\"\" data-start=\"2156\" data-end=\"2175\">\n<p class=\"\" data-start=\"2158\" data-end=\"2175\">Longueur cheville<\/p>\n<\/li>\n<li class=\"\" data-start=\"2176\" data-end=\"2199\">\n<p class=\"\" data-start=\"2178\" data-end=\"2199\">Coloris beige naturel<\/p>\n<\/li>\n<\/ul>\n<h3 class=\"\" data-start=\"2201\" data-end=\"2229\">\ud83d\udccf Tailles disponibles :<\/h3>\n<ul data-start=\"2230\" data-end=\"2295\">\n<li class=\"\" data-start=\"2230\" data-end=\"2237\">\n<p class=\"\" data-start=\"2232\" data-end=\"2237\">S<\/p>\n<\/li>\n<li data-start=\"2230\" data-end=\"2237\">M<\/li>\n<li class=\"\" data-start=\"2238\" data-end=\"2295\">\n<p class=\"\" data-start=\"2240\" data-end=\"2295\">L<br data-start=\"2243\" data-end=\"2246\" \/>(Taille bien. Optez pour votre taille habituelle)<\/p>\n<\/li>\n<\/ul>\n<h3 class=\"\" data-start=\"2297\" data-end=\"2317\">\ud83e\uddf5 Composition :<\/h3>\n<ul data-start=\"2318\" data-end=\"2334\">\n<li class=\"\" data-start=\"2318\" data-end=\"2334\">\n<p class=\"\" data-start=\"2320\" data-end=\"2334\">100% polyester<\/p>\n<\/li>\n<\/ul>\n<h3 class=\"\" data-start=\"2341\" data-end=\"2364\">\ud83d\udc57 Conseils style :<\/h3>\n<ul data-start=\"2365\" data-end=\"2596\">\n<li class=\"\" data-start=\"2365\" data-end=\"2436\">\n<p class=\"\" data-start=\"2367\" data-end=\"2436\">Associez-le \u00e0 un <strong data-start=\"2384\" data-end=\"2398\">top color\u00e9<\/strong> ou imprim\u00e9 pour jouer les contrastes.<\/p>\n<\/li>\n<li class=\"\" data-start=\"2437\" data-end=\"2522\">\n<p class=\"\" data-start=\"2439\" data-end=\"2522\">Parfait avec un gilet en tweed comme le <strong data-start=\"2479\" data-end=\"2496\">CAMILLA rose<\/strong> pour un look casual chic.<\/p>\n<\/li>\n<li class=\"\" data-start=\"2523\" data-end=\"2596\">\n<p class=\"\" data-start=\"2525\" data-end=\"2596\">Pour une silhouette allong\u00e9e, portez-le avec des sandales \u00e0 plateforme.<\/p>\n<\/li>\n<\/ul>\n<h3 class=\"\" data-start=\"2603\" data-end=\"2634\">\u2753FAQ \u2013 Pantalon HARRY beige<\/h3>\n<p class=\"\" data-start=\"2636\" data-end=\"2735\"><strong data-start=\"2636\" data-end=\"2659\">Est-il froissable ?<\/strong><br data-start=\"2659\" data-end=\"2662\" \/>Peu froissable. La mati\u00e8re fluide garde une belle tenue toute la journ\u00e9e.<\/p>\n<p class=\"\" data-start=\"2737\" data-end=\"2846\"><strong data-start=\"2737\" data-end=\"2781\">Est-ce qu\u2019il marque les sous-v\u00eatements ?<\/strong><br data-start=\"2781\" data-end=\"2784\" \/>Privil\u00e9gier des dessous couleur chair pour un rendu invisible.<\/p>\n<p class=\"\" data-start=\"2848\" data-end=\"2945\"><strong data-start=\"2848\" data-end=\"2877\">Peut-on faire un revers ?<\/strong><br data-start=\"2877\" data-end=\"2880\" \/>Oui, la coupe permet de retrousser le bas selon l\u2019effet souhait\u00e9.<\/p>\n","protected":false},"excerpt":{"rendered":"<p><strong data-start=\"1747\" data-end=\"1794\">Un essentiel revisit\u00e9 pour les beaux jours.<\/strong><\/p>\n<p><br data-start=\"1794\" data-end=\"1797\" \/>Le pantalon HARRY en coloris beige se distingue par sa douceur visuelle et sa coupe a\u00e9rienne. Nou\u00e9 sur le c\u00f4t\u00e9, il apporte un charme discret et raffin\u00e9 \u00e0 toutes vos tenues estivales. Un indispensable \u00e0 adopter pour un style casual et \u00e9l\u00e9gant.<\/p>\n","protected":false},"featured_media":3408,"comment_status":"open","ping_status":"closed","template":"","meta":{"_et_pb_use_builder":"","_et_pb_old_content":"","_et_gb_content_width":"","om_disable_all_campaigns":false},"product_brand":[],"product_cat":[40],"product_tag":[],"class_list":{"0":"post-3270","1":"product","2":"type-product","3":"status-publish","4":"has-post-thumbnail","6":"product_cat-bas","8":"first","9":"outofstock","10":"taxable","11":"shipping-taxable","12":"product-type-variable","13":"has-default-attributes"},"yoast_head":"<!-- This site is optimized with the Yoast SEO plugin v27.2 - https:\/\/yoast.com\/product\/yoast-seo-wordpress\/ -->\n<title>Pantalon fluide HARRY beige \u2013 Le basique doux et chic - Popeline Store, boutique pr\u00eat \u00e0 porter sur B\u00e9ziers<\/title>\n<meta name=\"robots\" content=\"index, follow, max-snippet:-1, max-image-preview:large, max-video-preview:-1\" \/>\n<link rel=\"canonical\" href=\"https:\/\/www.popeline-store.com\/index.php\/produit\/pantalon-fluide-harry-beige-le-basique-doux-et-chic\/\" \/>\n<meta property=\"og:locale\" content=\"fr_FR\" \/>\n<meta property=\"og:type\" content=\"article\" \/>\n<meta property=\"og:title\" content=\"Pantalon fluide HARRY beige \u2013 Le basique doux et chic - Popeline Store, boutique pr\u00eat \u00e0 porter sur B\u00e9ziers\" \/>\n<meta property=\"og:description\" content=\"Un essentiel revisit\u00e9 pour les beaux jours.  Le pantalon HARRY en coloris beige se distingue par sa douceur visuelle et sa coupe a\u00e9rienne. Nou\u00e9 sur le c\u00f4t\u00e9, il apporte un charme discret et raffin\u00e9 \u00e0 toutes vos tenues estivales. Un indispensable \u00e0 adopter pour un style casual et \u00e9l\u00e9gant.\" \/>\n<meta property=\"og:url\" content=\"https:\/\/www.popeline-store.com\/index.php\/produit\/pantalon-fluide-harry-beige-le-basique-doux-et-chic\/\" \/>\n<meta property=\"og:site_name\" content=\"Popeline Store, boutique pr\u00eat \u00e0 porter sur B\u00e9ziers\" \/>\n<meta property=\"article:modified_time\" content=\"2025-12-18T13:11:38+00:00\" \/>\n<meta property=\"og:image\" content=\"https:\/\/www.popeline-store.com\/wp-content\/uploads\/2025\/05\/PANTALON-LIN-BEIGE-HARRY-scaled.jpeg\" \/>\n\t<meta property=\"og:image:width\" content=\"2560\" \/>\n\t<meta property=\"og:image:height\" content=\"2560\" \/>\n\t<meta property=\"og:image:type\" content=\"image\/jpeg\" \/>\n<meta name=\"twitter:card\" content=\"summary_large_image\" \/>\n<meta name=\"twitter:label1\" content=\"Dur\u00e9e de lecture estim\u00e9e\" \/>\n\t<meta name=\"twitter:data1\" content=\"1 minute\" \/>\n<script type=\"application\/ld+json\" class=\"yoast-schema-graph\">{\"@context\":\"https:\/\/schema.org\",\"@graph\":[{\"@type\":\"WebPage\",\"@id\":\"https:\/\/www.popeline-store.com\/index.php\/produit\/pantalon-fluide-harry-beige-le-basique-doux-et-chic\/\",\"url\":\"https:\/\/www.popeline-store.com\/index.php\/produit\/pantalon-fluide-harry-beige-le-basique-doux-et-chic\/\",\"name\":\"Pantalon fluide HARRY beige \u2013 Le basique doux et chic - Popeline Store, boutique pr\u00eat \u00e0 porter sur B\u00e9ziers\",\"isPartOf\":{\"@id\":\"https:\/\/www.popeline-store.com\/#website\"},\"primaryImageOfPage\":{\"@id\":\"https:\/\/www.popeline-store.com\/index.php\/produit\/pantalon-fluide-harry-beige-le-basique-doux-et-chic\/#primaryimage\"},\"image\":{\"@id\":\"https:\/\/www.popeline-store.com\/index.php\/produit\/pantalon-fluide-harry-beige-le-basique-doux-et-chic\/#primaryimage\"},\"thumbnailUrl\":\"https:\/\/www.popeline-store.com\/wp-content\/uploads\/2025\/05\/PANTALON-LIN-BEIGE-HARRY-scaled.jpeg\",\"datePublished\":\"2025-05-14T16:04:52+00:00\",\"dateModified\":\"2025-12-18T13:11:38+00:00\",\"breadcrumb\":{\"@id\":\"https:\/\/www.popeline-store.com\/index.php\/produit\/pantalon-fluide-harry-beige-le-basique-doux-et-chic\/#breadcrumb\"},\"inLanguage\":\"fr-FR\",\"potentialAction\":[{\"@type\":\"ReadAction\",\"target\":[\"https:\/\/www.popeline-store.com\/index.php\/produit\/pantalon-fluide-harry-beige-le-basique-doux-et-chic\/\"]}]},{\"@type\":\"ImageObject\",\"inLanguage\":\"fr-FR\",\"@id\":\"https:\/\/www.popeline-store.com\/index.php\/produit\/pantalon-fluide-harry-beige-le-basique-doux-et-chic\/#primaryimage\",\"url\":\"https:\/\/www.popeline-store.com\/wp-content\/uploads\/2025\/05\/PANTALON-LIN-BEIGE-HARRY-scaled.jpeg\",\"contentUrl\":\"https:\/\/www.popeline-store.com\/wp-content\/uploads\/2025\/05\/PANTALON-LIN-BEIGE-HARRY-scaled.jpeg\",\"width\":2560,\"height\":2560},{\"@type\":\"BreadcrumbList\",\"@id\":\"https:\/\/www.popeline-store.com\/index.php\/produit\/pantalon-fluide-harry-beige-le-basique-doux-et-chic\/#breadcrumb\",\"itemListElement\":[{\"@type\":\"ListItem\",\"position\":1,\"name\":\"Accueil\",\"item\":\"https:\/\/www.popeline-store.com\/\"},{\"@type\":\"ListItem\",\"position\":2,\"name\":\"Boutique\",\"item\":\"https:\/\/www.popeline-store.com\/index.php\/popeline-beziers-page-boutique\/\"},{\"@type\":\"ListItem\",\"position\":3,\"name\":\"Pantalon fluide HARRY beige \u2013 Le basique doux et chic\"}]},{\"@type\":\"WebSite\",\"@id\":\"https:\/\/www.popeline-store.com\/#website\",\"url\":\"https:\/\/www.popeline-store.com\/\",\"name\":\"Popeline B\u00e9ziers, boutique pr\u00eat \u00e0 porter sur B\u00e9ziers\",\"description\":\"Popeline est une boutique de mode f\u00e9minine situ\u00e9e \u00e0 B\u00e9ziers, H\u00e9rault, France. Vous y trouverez une large gamme de v\u00eatements tendance, accessoires \u00e9l\u00e9gants ..\",\"publisher\":{\"@id\":\"https:\/\/www.popeline-store.com\/#organization\"},\"potentialAction\":[{\"@type\":\"SearchAction\",\"target\":{\"@type\":\"EntryPoint\",\"urlTemplate\":\"https:\/\/www.popeline-store.com\/?s={search_term_string}\"},\"query-input\":{\"@type\":\"PropertyValueSpecification\",\"valueRequired\":true,\"valueName\":\"search_term_string\"}}],\"inLanguage\":\"fr-FR\"},{\"@type\":\"Organization\",\"@id\":\"https:\/\/www.popeline-store.com\/#organization\",\"name\":\"Popeline \u00e0 B\u00e9ziers, boutique pr\u00eat \u00e0 porter sur B\u00e9ziers\",\"url\":\"https:\/\/www.popeline-store.com\/\",\"logo\":{\"@type\":\"ImageObject\",\"inLanguage\":\"fr-FR\",\"@id\":\"https:\/\/www.popeline-store.com\/#\/schema\/logo\/image\/\",\"url\":\"https:\/\/www.popeline-store.com\/wp-content\/uploads\/2024\/12\/PopLogoReduc.png\",\"contentUrl\":\"https:\/\/www.popeline-store.com\/wp-content\/uploads\/2024\/12\/PopLogoReduc.png\",\"width\":500,\"height\":500,\"caption\":\"Popeline \u00e0 B\u00e9ziers, boutique pr\u00eat \u00e0 porter sur B\u00e9ziers\"},\"image\":{\"@id\":\"https:\/\/www.popeline-store.com\/#\/schema\/logo\/image\/\"},\"sameAs\":[\"https:\/\/www.instagram.com\/popeline_beziers\/\"]}]}<\/script>\n<!-- \/ Yoast SEO plugin. -->","yoast_head_json":{"title":"Pantalon fluide HARRY beige \u2013 Le basique doux et chic - Popeline Store, boutique pr\u00eat \u00e0 porter sur B\u00e9ziers","robots":{"index":"index","follow":"follow","max-snippet":"max-snippet:-1","max-image-preview":"max-image-preview:large","max-video-preview":"max-video-preview:-1"},"canonical":"https:\/\/www.popeline-store.com\/index.php\/produit\/pantalon-fluide-harry-beige-le-basique-doux-et-chic\/","og_locale":"fr_FR","og_type":"article","og_title":"Pantalon fluide HARRY beige \u2013 Le basique doux et chic - Popeline Store, boutique pr\u00eat \u00e0 porter sur B\u00e9ziers","og_description":"Un essentiel revisit\u00e9 pour les beaux jours.  Le pantalon HARRY en coloris beige se distingue par sa douceur visuelle et sa coupe a\u00e9rienne. Nou\u00e9 sur le c\u00f4t\u00e9, il apporte un charme discret et raffin\u00e9 \u00e0 toutes vos tenues estivales. Un indispensable \u00e0 adopter pour un style casual et \u00e9l\u00e9gant.","og_url":"https:\/\/www.popeline-store.com\/index.php\/produit\/pantalon-fluide-harry-beige-le-basique-doux-et-chic\/","og_site_name":"Popeline Store, boutique pr\u00eat \u00e0 porter sur B\u00e9ziers","article_modified_time":"2025-12-18T13:11:38+00:00","og_image":[{"width":2560,"height":2560,"url":"https:\/\/www.popeline-store.com\/wp-content\/uploads\/2025\/05\/PANTALON-LIN-BEIGE-HARRY-scaled.jpeg","type":"image\/jpeg"}],"twitter_card":"summary_large_image","twitter_misc":{"Dur\u00e9e de lecture estim\u00e9e":"1 minute"},"schema":{"@context":"https:\/\/schema.org","@graph":[{"@type":"WebPage","@id":"https:\/\/www.popeline-store.com\/index.php\/produit\/pantalon-fluide-harry-beige-le-basique-doux-et-chic\/","url":"https:\/\/www.popeline-store.com\/index.php\/produit\/pantalon-fluide-harry-beige-le-basique-doux-et-chic\/","name":"Pantalon fluide HARRY beige \u2013 Le basique doux et chic - Popeline Store, boutique pr\u00eat \u00e0 porter sur B\u00e9ziers","isPartOf":{"@id":"https:\/\/www.popeline-store.com\/#website"},"primaryImageOfPage":{"@id":"https:\/\/www.popeline-store.com\/index.php\/produit\/pantalon-fluide-harry-beige-le-basique-doux-et-chic\/#primaryimage"},"image":{"@id":"https:\/\/www.popeline-store.com\/index.php\/produit\/pantalon-fluide-harry-beige-le-basique-doux-et-chic\/#primaryimage"},"thumbnailUrl":"https:\/\/www.popeline-store.com\/wp-content\/uploads\/2025\/05\/PANTALON-LIN-BEIGE-HARRY-scaled.jpeg","datePublished":"2025-05-14T16:04:52+00:00","dateModified":"2025-12-18T13:11:38+00:00","breadcrumb":{"@id":"https:\/\/www.popeline-store.com\/index.php\/produit\/pantalon-fluide-harry-beige-le-basique-doux-et-chic\/#breadcrumb"},"inLanguage":"fr-FR","potentialAction":[{"@type":"ReadAction","target":["https:\/\/www.popeline-store.com\/index.php\/produit\/pantalon-fluide-harry-beige-le-basique-doux-et-chic\/"]}]},{"@type":"ImageObject","inLanguage":"fr-FR","@id":"https:\/\/www.popeline-store.com\/index.php\/produit\/pantalon-fluide-harry-beige-le-basique-doux-et-chic\/#primaryimage","url":"https:\/\/www.popeline-store.com\/wp-content\/uploads\/2025\/05\/PANTALON-LIN-BEIGE-HARRY-scaled.jpeg","contentUrl":"https:\/\/www.popeline-store.com\/wp-content\/uploads\/2025\/05\/PANTALON-LIN-BEIGE-HARRY-scaled.jpeg","width":2560,"height":2560},{"@type":"BreadcrumbList","@id":"https:\/\/www.popeline-store.com\/index.php\/produit\/pantalon-fluide-harry-beige-le-basique-doux-et-chic\/#breadcrumb","itemListElement":[{"@type":"ListItem","position":1,"name":"Accueil","item":"https:\/\/www.popeline-store.com\/"},{"@type":"ListItem","position":2,"name":"Boutique","item":"https:\/\/www.popeline-store.com\/index.php\/popeline-beziers-page-boutique\/"},{"@type":"ListItem","position":3,"name":"Pantalon fluide HARRY beige \u2013 Le basique doux et chic"}]},{"@type":"WebSite","@id":"https:\/\/www.popeline-store.com\/#website","url":"https:\/\/www.popeline-store.com\/","name":"Popeline B\u00e9ziers, boutique pr\u00eat \u00e0 porter sur B\u00e9ziers","description":"Popeline est une boutique de mode f\u00e9minine situ\u00e9e \u00e0 B\u00e9ziers, H\u00e9rault, France. Vous y trouverez une large gamme de v\u00eatements tendance, accessoires \u00e9l\u00e9gants ..","publisher":{"@id":"https:\/\/www.popeline-store.com\/#organization"},"potentialAction":[{"@type":"SearchAction","target":{"@type":"EntryPoint","urlTemplate":"https:\/\/www.popeline-store.com\/?s={search_term_string}"},"query-input":{"@type":"PropertyValueSpecification","valueRequired":true,"valueName":"search_term_string"}}],"inLanguage":"fr-FR"},{"@type":"Organization","@id":"https:\/\/www.popeline-store.com\/#organization","name":"Popeline \u00e0 B\u00e9ziers, boutique pr\u00eat \u00e0 porter sur B\u00e9ziers","url":"https:\/\/www.popeline-store.com\/","logo":{"@type":"ImageObject","inLanguage":"fr-FR","@id":"https:\/\/www.popeline-store.com\/#\/schema\/logo\/image\/","url":"https:\/\/www.popeline-store.com\/wp-content\/uploads\/2024\/12\/PopLogoReduc.png","contentUrl":"https:\/\/www.popeline-store.com\/wp-content\/uploads\/2024\/12\/PopLogoReduc.png","width":500,"height":500,"caption":"Popeline \u00e0 B\u00e9ziers, boutique pr\u00eat \u00e0 porter sur B\u00e9ziers"},"image":{"@id":"https:\/\/www.popeline-store.com\/#\/schema\/logo\/image\/"},"sameAs":["https:\/\/www.instagram.com\/popeline_beziers\/"]}]}},"jetpack_sharing_enabled":true,"_links":{"self":[{"href":"https:\/\/www.popeline-store.com\/index.php\/wp-json\/wp\/v2\/product\/3270","targetHints":{"allow":["GET"]}}],"collection":[{"href":"https:\/\/www.popeline-store.com\/index.php\/wp-json\/wp\/v2\/product"}],"about":[{"href":"https:\/\/www.popeline-store.com\/index.php\/wp-json\/wp\/v2\/types\/product"}],"replies":[{"embeddable":true,"href":"https:\/\/www.popeline-store.com\/index.php\/wp-json\/wp\/v2\/comments?post=3270"}],"wp:featuredmedia":[{"embeddable":true,"href":"https:\/\/www.popeline-store.com\/index.php\/wp-json\/wp\/v2\/media\/3408"}],"wp:attachment":[{"href":"https:\/\/www.popeline-store.com\/index.php\/wp-json\/wp\/v2\/media?parent=3270"}],"wp:term":[{"taxonomy":"product_brand","embeddable":true,"href":"https:\/\/www.popeline-store.com\/index.php\/wp-json\/wp\/v2\/product_brand?post=3270"},{"taxonomy":"product_cat","embeddable":true,"href":"https:\/\/www.popeline-store.com\/index.php\/wp-json\/wp\/v2\/product_cat?post=3270"},{"taxonomy":"product_tag","embeddable":true,"href":"https:\/\/www.popeline-store.com\/index.php\/wp-json\/wp\/v2\/product_tag?post=3270"}],"curies":[{"name":"wp","href":"https:\/\/api.w.org\/{rel}","templated":true}]}}