{"id":3764,"date":"2025-06-29T11:04:05","date_gmt":"2025-06-29T09:04:05","guid":{"rendered":"https:\/\/www.popeline-store.com\/?post_type=product&#038;p=3764"},"modified":"2025-07-16T11:04:17","modified_gmt":"2025-07-16T09:04:17","slug":"robe-longue-fleurie-marjorie-bretelles-ajustables-dos-smocke","status":"publish","type":"product","link":"https:\/\/www.popeline-store.com\/index.php\/produit\/robe-longue-fleurie-marjorie-bretelles-ajustables-dos-smocke\/","title":{"rendered":"Robe longue fleurie MARJORIE \u2013 bretelles ajustables &#038; dos smock\u00e9"},"content":{"rendered":"<h4><strong>Robe longue fleurie MARJORIE \u2013 bretelles ajustables &amp; dos smock\u00e9<\/strong><\/h4>\n<ul data-start=\"600\" data-end=\"863\">\n<li data-start=\"600\" data-end=\"620\">\n<p data-start=\"602\" data-end=\"620\">Robe longue fluide<\/p>\n<\/li>\n<li data-start=\"621\" data-end=\"656\">\n<p data-start=\"623\" data-end=\"656\">Bretelles fines et ajustables<\/p>\n<\/li>\n<li data-start=\"657\" data-end=\"710\">\n<p data-start=\"659\" data-end=\"710\">Dos smock\u00e9 (\u00e9lastiqu\u00e9) pour un maintien parfait<\/p>\n<\/li>\n<li data-start=\"711\" data-end=\"747\">\n<p data-start=\"713\" data-end=\"747\">Encolure droite l\u00e9g\u00e8rement fronc\u00e9e<\/p>\n<\/li>\n<li data-start=\"748\" data-end=\"774\">\n<p data-start=\"750\" data-end=\"774\">Motif floral d\u00e9licat<\/p>\n<\/li>\n<li data-start=\"775\" data-end=\"834\">\n<p data-start=\"777\" data-end=\"834\">Coloris : cama\u00efeu de vert sauge, beige sable et camel<\/p>\n<\/li>\n<li data-start=\"835\" data-end=\"863\">\n<p data-start=\"837\" data-end=\"863\">Coupe \u00e9vas\u00e9e, tomb\u00e9 a\u00e9rien<\/p>\n<\/li>\n<\/ul>\n<p data-start=\"870\" data-end=\"902\"><strong>Composition &amp; entretien :<\/strong><\/p>\n<ul data-start=\"903\" data-end=\"1030\">\n<li data-start=\"903\" data-end=\"923\">\n<p data-start=\"905\" data-end=\"923\"><strong data-start=\"905\" data-end=\"923\">100% polyester<\/strong><\/p>\n<\/li>\n<li data-start=\"924\" data-end=\"961\">\n<p data-start=\"926\" data-end=\"961\">Tissu l\u00e9ger, infroissable et fluide<\/p>\n<\/li>\n<li data-start=\"962\" data-end=\"1030\">\n<p data-start=\"964\" data-end=\"1030\"><strong data-start=\"964\" data-end=\"994\">Lavage \u00e0 la main conseill\u00e9<\/strong>, \u00e0 l\u2019eau froide ou en cycle d\u00e9licat<\/p>\n<\/li>\n<\/ul>\n<p data-start=\"1037\" data-end=\"1079\"><strong>Guide des tailles &amp; conseils look :<\/strong><\/p>\n<ul data-start=\"1080\" data-end=\"1331\">\n<li data-start=\"1080\" data-end=\"1133\">\n<p data-start=\"1082\" data-end=\"1133\">Taille normalement : prenez votre taille habituelle<\/p>\n<\/li>\n<li data-start=\"1134\" data-end=\"1224\">\n<p data-start=\"1136\" data-end=\"1224\">Gr\u00e2ce au dos smock\u00e9 et aux bretelles r\u00e9glables, elle s\u2019adapte \u00e0 diff\u00e9rentes morphologies<\/p>\n<\/li>\n<li data-start=\"1225\" data-end=\"1331\">\n<p data-start=\"1227\" data-end=\"1331\">\u00c0 porter avec des sandales plates ou compens\u00e9es, un panier et un chapeau pour une allure estivale boh\u00e8me<\/p>\n<\/li>\n<\/ul>\n<p data-start=\"1338\" data-end=\"1375\"><strong>Pourquoi vous allez l\u2019adorer :<\/strong><\/p>\n<p data-start=\"1376\" data-end=\"1556\">La robe longue MARJORIE est une invitation \u00e0 l\u2019\u00e9t\u00e9 : confortable, f\u00e9minine, facile \u00e0 accessoiriser, elle vous accompagne aussi bien \u00e0 la plage qu\u2019en ville ou pour une soir\u00e9e d\u2019\u00e9t\u00e9.<\/p>\n","protected":false},"excerpt":{"rendered":"<p><strong data-start=\"271\" data-end=\"340\">Craquez pour la l\u00e9g\u00e8ret\u00e9 et l\u2019\u00e9l\u00e9gance de la robe longue MARJORIE<\/strong>,<\/p>\n<p>Ou comment allier le style romantique au style boh\u00e8me. Avec ses fines bretelles r\u00e9glables, son dos smock\u00e9 ultra confortable et son imprim\u00e9 floral doux dans des tons naturels, c\u2019est la robe d\u2019\u00e9t\u00e9 parfaite pour un look f\u00e9minin et raffin\u00e9.<\/p>\n","protected":false},"featured_media":3768,"comment_status":"open","ping_status":"closed","template":"","meta":{"_et_pb_use_builder":"","_et_pb_old_content":"","_et_gb_content_width":"","om_disable_all_campaigns":false},"product_brand":[],"product_cat":[39],"product_tag":[],"class_list":{"0":"post-3764","1":"product","2":"type-product","3":"status-publish","4":"has-post-thumbnail","6":"product_cat-robes-ensembles","8":"first","9":"outofstock","10":"taxable","11":"shipping-taxable","12":"product-type-variable","13":"has-default-attributes"},"yoast_head":"<!-- This site is optimized with the Yoast SEO plugin v27.2 - https:\/\/yoast.com\/product\/yoast-seo-wordpress\/ -->\n<title>Robe longue fleurie MARJORIE \u2013 bretelles ajustables &amp; dos smock\u00e9 - Popeline Store, boutique pr\u00eat \u00e0 porter sur B\u00e9ziers<\/title>\n<meta name=\"robots\" content=\"index, follow, max-snippet:-1, max-image-preview:large, max-video-preview:-1\" \/>\n<link rel=\"canonical\" href=\"https:\/\/www.popeline-store.com\/index.php\/produit\/robe-longue-fleurie-marjorie-bretelles-ajustables-dos-smocke\/\" \/>\n<meta property=\"og:locale\" content=\"fr_FR\" \/>\n<meta property=\"og:type\" content=\"article\" \/>\n<meta property=\"og:title\" content=\"Robe longue fleurie MARJORIE \u2013 bretelles ajustables &amp; dos smock\u00e9 - Popeline Store, boutique pr\u00eat \u00e0 porter sur B\u00e9ziers\" \/>\n<meta property=\"og:description\" content=\"Craquez pour la l\u00e9g\u00e8ret\u00e9 et l\u2019\u00e9l\u00e9gance de la robe longue MARJORIE,  Ou comment allier le style romantique au style boh\u00e8me. Avec ses fines bretelles r\u00e9glables, son dos smock\u00e9 ultra confortable et son imprim\u00e9 floral doux dans des tons naturels, c\u2019est la robe d\u2019\u00e9t\u00e9 parfaite pour un look f\u00e9minin et raffin\u00e9.\" \/>\n<meta property=\"og:url\" content=\"https:\/\/www.popeline-store.com\/index.php\/produit\/robe-longue-fleurie-marjorie-bretelles-ajustables-dos-smocke\/\" \/>\n<meta property=\"og:site_name\" content=\"Popeline Store, boutique pr\u00eat \u00e0 porter sur B\u00e9ziers\" \/>\n<meta property=\"article:modified_time\" content=\"2025-07-16T09:04:17+00:00\" \/>\n<meta property=\"og:image\" content=\"https:\/\/www.popeline-store.com\/wp-content\/uploads\/2025\/06\/POPELINE-BEZIERS-ROBE-LONGUE-VERTE-MARJORIE-4-scaled.jpeg\" \/>\n\t<meta property=\"og:image:width\" content=\"2560\" \/>\n\t<meta property=\"og:image:height\" content=\"2560\" \/>\n\t<meta property=\"og:image:type\" content=\"image\/jpeg\" \/>\n<meta name=\"twitter:card\" content=\"summary_large_image\" \/>\n<meta name=\"twitter:label1\" content=\"Dur\u00e9e de lecture estim\u00e9e\" \/>\n\t<meta name=\"twitter:data1\" content=\"1 minute\" \/>\n<script type=\"application\/ld+json\" class=\"yoast-schema-graph\">{\"@context\":\"https:\/\/schema.org\",\"@graph\":[{\"@type\":\"WebPage\",\"@id\":\"https:\/\/www.popeline-store.com\/index.php\/produit\/robe-longue-fleurie-marjorie-bretelles-ajustables-dos-smocke\/\",\"url\":\"https:\/\/www.popeline-store.com\/index.php\/produit\/robe-longue-fleurie-marjorie-bretelles-ajustables-dos-smocke\/\",\"name\":\"Robe longue fleurie MARJORIE \u2013 bretelles ajustables & dos smock\u00e9 - Popeline Store, boutique pr\u00eat \u00e0 porter sur B\u00e9ziers\",\"isPartOf\":{\"@id\":\"https:\/\/www.popeline-store.com\/#website\"},\"primaryImageOfPage\":{\"@id\":\"https:\/\/www.popeline-store.com\/index.php\/produit\/robe-longue-fleurie-marjorie-bretelles-ajustables-dos-smocke\/#primaryimage\"},\"image\":{\"@id\":\"https:\/\/www.popeline-store.com\/index.php\/produit\/robe-longue-fleurie-marjorie-bretelles-ajustables-dos-smocke\/#primaryimage\"},\"thumbnailUrl\":\"https:\/\/www.popeline-store.com\/wp-content\/uploads\/2025\/06\/POPELINE-BEZIERS-ROBE-LONGUE-VERTE-MARJORIE-4-scaled.jpeg\",\"datePublished\":\"2025-06-29T09:04:05+00:00\",\"dateModified\":\"2025-07-16T09:04:17+00:00\",\"breadcrumb\":{\"@id\":\"https:\/\/www.popeline-store.com\/index.php\/produit\/robe-longue-fleurie-marjorie-bretelles-ajustables-dos-smocke\/#breadcrumb\"},\"inLanguage\":\"fr-FR\",\"potentialAction\":[{\"@type\":\"ReadAction\",\"target\":[\"https:\/\/www.popeline-store.com\/index.php\/produit\/robe-longue-fleurie-marjorie-bretelles-ajustables-dos-smocke\/\"]}]},{\"@type\":\"ImageObject\",\"inLanguage\":\"fr-FR\",\"@id\":\"https:\/\/www.popeline-store.com\/index.php\/produit\/robe-longue-fleurie-marjorie-bretelles-ajustables-dos-smocke\/#primaryimage\",\"url\":\"https:\/\/www.popeline-store.com\/wp-content\/uploads\/2025\/06\/POPELINE-BEZIERS-ROBE-LONGUE-VERTE-MARJORIE-4-scaled.jpeg\",\"contentUrl\":\"https:\/\/www.popeline-store.com\/wp-content\/uploads\/2025\/06\/POPELINE-BEZIERS-ROBE-LONGUE-VERTE-MARJORIE-4-scaled.jpeg\",\"width\":2560,\"height\":2560},{\"@type\":\"BreadcrumbList\",\"@id\":\"https:\/\/www.popeline-store.com\/index.php\/produit\/robe-longue-fleurie-marjorie-bretelles-ajustables-dos-smocke\/#breadcrumb\",\"itemListElement\":[{\"@type\":\"ListItem\",\"position\":1,\"name\":\"Accueil\",\"item\":\"https:\/\/www.popeline-store.com\/\"},{\"@type\":\"ListItem\",\"position\":2,\"name\":\"Boutique\",\"item\":\"https:\/\/www.popeline-store.com\/index.php\/popeline-beziers-page-boutique\/\"},{\"@type\":\"ListItem\",\"position\":3,\"name\":\"Robe longue fleurie MARJORIE \u2013 bretelles ajustables &#038; dos smock\u00e9\"}]},{\"@type\":\"WebSite\",\"@id\":\"https:\/\/www.popeline-store.com\/#website\",\"url\":\"https:\/\/www.popeline-store.com\/\",\"name\":\"Popeline B\u00e9ziers, boutique pr\u00eat \u00e0 porter sur B\u00e9ziers\",\"description\":\"Popeline est une boutique de mode f\u00e9minine situ\u00e9e \u00e0 B\u00e9ziers, H\u00e9rault, France. Vous y trouverez une large gamme de v\u00eatements tendance, accessoires \u00e9l\u00e9gants ..\",\"publisher\":{\"@id\":\"https:\/\/www.popeline-store.com\/#organization\"},\"potentialAction\":[{\"@type\":\"SearchAction\",\"target\":{\"@type\":\"EntryPoint\",\"urlTemplate\":\"https:\/\/www.popeline-store.com\/?s={search_term_string}\"},\"query-input\":{\"@type\":\"PropertyValueSpecification\",\"valueRequired\":true,\"valueName\":\"search_term_string\"}}],\"inLanguage\":\"fr-FR\"},{\"@type\":\"Organization\",\"@id\":\"https:\/\/www.popeline-store.com\/#organization\",\"name\":\"Popeline \u00e0 B\u00e9ziers, boutique pr\u00eat \u00e0 porter sur B\u00e9ziers\",\"url\":\"https:\/\/www.popeline-store.com\/\",\"logo\":{\"@type\":\"ImageObject\",\"inLanguage\":\"fr-FR\",\"@id\":\"https:\/\/www.popeline-store.com\/#\/schema\/logo\/image\/\",\"url\":\"https:\/\/www.popeline-store.com\/wp-content\/uploads\/2024\/12\/PopLogoReduc.png\",\"contentUrl\":\"https:\/\/www.popeline-store.com\/wp-content\/uploads\/2024\/12\/PopLogoReduc.png\",\"width\":500,\"height\":500,\"caption\":\"Popeline \u00e0 B\u00e9ziers, boutique pr\u00eat \u00e0 porter sur B\u00e9ziers\"},\"image\":{\"@id\":\"https:\/\/www.popeline-store.com\/#\/schema\/logo\/image\/\"},\"sameAs\":[\"https:\/\/www.instagram.com\/popeline_beziers\/\"]}]}<\/script>\n<!-- \/ Yoast SEO plugin. -->","yoast_head_json":{"title":"Robe longue fleurie MARJORIE \u2013 bretelles ajustables & dos smock\u00e9 - Popeline Store, boutique pr\u00eat \u00e0 porter sur B\u00e9ziers","robots":{"index":"index","follow":"follow","max-snippet":"max-snippet:-1","max-image-preview":"max-image-preview:large","max-video-preview":"max-video-preview:-1"},"canonical":"https:\/\/www.popeline-store.com\/index.php\/produit\/robe-longue-fleurie-marjorie-bretelles-ajustables-dos-smocke\/","og_locale":"fr_FR","og_type":"article","og_title":"Robe longue fleurie MARJORIE \u2013 bretelles ajustables & dos smock\u00e9 - Popeline Store, boutique pr\u00eat \u00e0 porter sur B\u00e9ziers","og_description":"Craquez pour la l\u00e9g\u00e8ret\u00e9 et l\u2019\u00e9l\u00e9gance de la robe longue MARJORIE,  Ou comment allier le style romantique au style boh\u00e8me. Avec ses fines bretelles r\u00e9glables, son dos smock\u00e9 ultra confortable et son imprim\u00e9 floral doux dans des tons naturels, c\u2019est la robe d\u2019\u00e9t\u00e9 parfaite pour un look f\u00e9minin et raffin\u00e9.","og_url":"https:\/\/www.popeline-store.com\/index.php\/produit\/robe-longue-fleurie-marjorie-bretelles-ajustables-dos-smocke\/","og_site_name":"Popeline Store, boutique pr\u00eat \u00e0 porter sur B\u00e9ziers","article_modified_time":"2025-07-16T09:04:17+00:00","og_image":[{"width":2560,"height":2560,"url":"https:\/\/www.popeline-store.com\/wp-content\/uploads\/2025\/06\/POPELINE-BEZIERS-ROBE-LONGUE-VERTE-MARJORIE-4-scaled.jpeg","type":"image\/jpeg"}],"twitter_card":"summary_large_image","twitter_misc":{"Dur\u00e9e de lecture estim\u00e9e":"1 minute"},"schema":{"@context":"https:\/\/schema.org","@graph":[{"@type":"WebPage","@id":"https:\/\/www.popeline-store.com\/index.php\/produit\/robe-longue-fleurie-marjorie-bretelles-ajustables-dos-smocke\/","url":"https:\/\/www.popeline-store.com\/index.php\/produit\/robe-longue-fleurie-marjorie-bretelles-ajustables-dos-smocke\/","name":"Robe longue fleurie MARJORIE \u2013 bretelles ajustables & dos smock\u00e9 - Popeline Store, boutique pr\u00eat \u00e0 porter sur B\u00e9ziers","isPartOf":{"@id":"https:\/\/www.popeline-store.com\/#website"},"primaryImageOfPage":{"@id":"https:\/\/www.popeline-store.com\/index.php\/produit\/robe-longue-fleurie-marjorie-bretelles-ajustables-dos-smocke\/#primaryimage"},"image":{"@id":"https:\/\/www.popeline-store.com\/index.php\/produit\/robe-longue-fleurie-marjorie-bretelles-ajustables-dos-smocke\/#primaryimage"},"thumbnailUrl":"https:\/\/www.popeline-store.com\/wp-content\/uploads\/2025\/06\/POPELINE-BEZIERS-ROBE-LONGUE-VERTE-MARJORIE-4-scaled.jpeg","datePublished":"2025-06-29T09:04:05+00:00","dateModified":"2025-07-16T09:04:17+00:00","breadcrumb":{"@id":"https:\/\/www.popeline-store.com\/index.php\/produit\/robe-longue-fleurie-marjorie-bretelles-ajustables-dos-smocke\/#breadcrumb"},"inLanguage":"fr-FR","potentialAction":[{"@type":"ReadAction","target":["https:\/\/www.popeline-store.com\/index.php\/produit\/robe-longue-fleurie-marjorie-bretelles-ajustables-dos-smocke\/"]}]},{"@type":"ImageObject","inLanguage":"fr-FR","@id":"https:\/\/www.popeline-store.com\/index.php\/produit\/robe-longue-fleurie-marjorie-bretelles-ajustables-dos-smocke\/#primaryimage","url":"https:\/\/www.popeline-store.com\/wp-content\/uploads\/2025\/06\/POPELINE-BEZIERS-ROBE-LONGUE-VERTE-MARJORIE-4-scaled.jpeg","contentUrl":"https:\/\/www.popeline-store.com\/wp-content\/uploads\/2025\/06\/POPELINE-BEZIERS-ROBE-LONGUE-VERTE-MARJORIE-4-scaled.jpeg","width":2560,"height":2560},{"@type":"BreadcrumbList","@id":"https:\/\/www.popeline-store.com\/index.php\/produit\/robe-longue-fleurie-marjorie-bretelles-ajustables-dos-smocke\/#breadcrumb","itemListElement":[{"@type":"ListItem","position":1,"name":"Accueil","item":"https:\/\/www.popeline-store.com\/"},{"@type":"ListItem","position":2,"name":"Boutique","item":"https:\/\/www.popeline-store.com\/index.php\/popeline-beziers-page-boutique\/"},{"@type":"ListItem","position":3,"name":"Robe longue fleurie MARJORIE \u2013 bretelles ajustables &#038; dos smock\u00e9"}]},{"@type":"WebSite","@id":"https:\/\/www.popeline-store.com\/#website","url":"https:\/\/www.popeline-store.com\/","name":"Popeline B\u00e9ziers, boutique pr\u00eat \u00e0 porter sur B\u00e9ziers","description":"Popeline est une boutique de mode f\u00e9minine situ\u00e9e \u00e0 B\u00e9ziers, H\u00e9rault, France. Vous y trouverez une large gamme de v\u00eatements tendance, accessoires \u00e9l\u00e9gants ..","publisher":{"@id":"https:\/\/www.popeline-store.com\/#organization"},"potentialAction":[{"@type":"SearchAction","target":{"@type":"EntryPoint","urlTemplate":"https:\/\/www.popeline-store.com\/?s={search_term_string}"},"query-input":{"@type":"PropertyValueSpecification","valueRequired":true,"valueName":"search_term_string"}}],"inLanguage":"fr-FR"},{"@type":"Organization","@id":"https:\/\/www.popeline-store.com\/#organization","name":"Popeline \u00e0 B\u00e9ziers, boutique pr\u00eat \u00e0 porter sur B\u00e9ziers","url":"https:\/\/www.popeline-store.com\/","logo":{"@type":"ImageObject","inLanguage":"fr-FR","@id":"https:\/\/www.popeline-store.com\/#\/schema\/logo\/image\/","url":"https:\/\/www.popeline-store.com\/wp-content\/uploads\/2024\/12\/PopLogoReduc.png","contentUrl":"https:\/\/www.popeline-store.com\/wp-content\/uploads\/2024\/12\/PopLogoReduc.png","width":500,"height":500,"caption":"Popeline \u00e0 B\u00e9ziers, boutique pr\u00eat \u00e0 porter sur B\u00e9ziers"},"image":{"@id":"https:\/\/www.popeline-store.com\/#\/schema\/logo\/image\/"},"sameAs":["https:\/\/www.instagram.com\/popeline_beziers\/"]}]}},"jetpack_sharing_enabled":true,"_links":{"self":[{"href":"https:\/\/www.popeline-store.com\/index.php\/wp-json\/wp\/v2\/product\/3764","targetHints":{"allow":["GET"]}}],"collection":[{"href":"https:\/\/www.popeline-store.com\/index.php\/wp-json\/wp\/v2\/product"}],"about":[{"href":"https:\/\/www.popeline-store.com\/index.php\/wp-json\/wp\/v2\/types\/product"}],"replies":[{"embeddable":true,"href":"https:\/\/www.popeline-store.com\/index.php\/wp-json\/wp\/v2\/comments?post=3764"}],"wp:featuredmedia":[{"embeddable":true,"href":"https:\/\/www.popeline-store.com\/index.php\/wp-json\/wp\/v2\/media\/3768"}],"wp:attachment":[{"href":"https:\/\/www.popeline-store.com\/index.php\/wp-json\/wp\/v2\/media?parent=3764"}],"wp:term":[{"taxonomy":"product_brand","embeddable":true,"href":"https:\/\/www.popeline-store.com\/index.php\/wp-json\/wp\/v2\/product_brand?post=3764"},{"taxonomy":"product_cat","embeddable":true,"href":"https:\/\/www.popeline-store.com\/index.php\/wp-json\/wp\/v2\/product_cat?post=3764"},{"taxonomy":"product_tag","embeddable":true,"href":"https:\/\/www.popeline-store.com\/index.php\/wp-json\/wp\/v2\/product_tag?post=3764"}],"curies":[{"name":"wp","href":"https:\/\/api.w.org\/{rel}","templated":true}]}}