{"id":3859,"date":"2025-07-15T14:52:19","date_gmt":"2025-07-15T12:52:19","guid":{"rendered":"https:\/\/www.popeline-store.com\/?post_type=product&#038;p=3859"},"modified":"2025-12-30T15:53:07","modified_gmt":"2025-12-30T14:53:07","slug":"t-shirt-rouge-yuna-tissu-doux-effet-lumineux","status":"publish","type":"product","link":"https:\/\/www.popeline-store.com\/index.php\/produit\/t-shirt-rouge-yuna-tissu-doux-effet-lumineux\/","title":{"rendered":"T-shirt rouge YUNA \u2013 Tissu doux &#038; effet lumineux"},"content":{"rendered":"<h4><strong>T-shirt rouge YUNA \u2013 Tissu doux &amp; effet lumineux<\/strong><\/h4>\n<p data-start=\"358\" data-end=\"381\"><strong>D\u00e9tails &amp; style :<\/strong><\/p>\n<ul data-start=\"382\" data-end=\"584\">\n<li data-start=\"382\" data-end=\"410\">\n<p data-start=\"384\" data-end=\"410\">Haut \u00e0 <strong data-start=\"391\" data-end=\"410\">manches courtes<\/strong><\/p>\n<\/li>\n<li data-start=\"411\" data-end=\"437\">\n<p data-start=\"413\" data-end=\"437\">Coupe fluide et f\u00e9minine<\/p>\n<\/li>\n<li data-start=\"438\" data-end=\"462\">\n<p data-start=\"440\" data-end=\"462\"><strong data-start=\"440\" data-end=\"462\">Col V<\/strong><\/p>\n<\/li>\n<li data-start=\"463\" data-end=\"528\">\n<p data-start=\"465\" data-end=\"528\">Finition l\u00e9g\u00e8rement brillante pour un <strong data-start=\"503\" data-end=\"528\">effet lumineux subtil<\/strong><\/p>\n<\/li>\n<li data-start=\"529\" data-end=\"558\">\n<p data-start=\"531\" data-end=\"558\">Coloris : <strong data-start=\"541\" data-end=\"558\">rouge intense \u00e0 l\u2019effet lumineux<\/strong><\/p>\n<\/li>\n<\/ul>\n<p data-start=\"591\" data-end=\"623\"><strong>Composition &amp; entretien :<\/strong><\/p>\n<ul data-start=\"624\" data-end=\"727\">\n<li data-start=\"624\" data-end=\"657\">\n<p data-start=\"626\" data-end=\"657\"><strong data-start=\"626\" data-end=\"657\">95% Viscose \u2013 5% \u00c9lasthanne<\/strong><\/p>\n<\/li>\n<li data-start=\"658\" data-end=\"698\">\n<p data-start=\"660\" data-end=\"698\">Tissu stretch l\u00e9ger, doux et respirant<\/p>\n<\/li>\n<\/ul>\n<p data-start=\"734\" data-end=\"762\"><strong>Taille &amp; id\u00e9es look :<\/strong><\/p>\n<ul data-start=\"763\" data-end=\"921\">\n<li data-start=\"763\" data-end=\"801\">\n<p data-start=\"765\" data-end=\"801\">Taille normalement<\/p>\n<\/li>\n<li data-start=\"763\" data-end=\"801\">\n<p data-start=\"765\" data-end=\"801\">\u00c0 porter avec un jean taille haute, une jupe fluide ou un short \u00e9l\u00e9gant<\/p>\n<\/li>\n<li data-start=\"763\" data-end=\"801\">\n<p data-start=\"765\" data-end=\"801\">Id\u00e9al sous une veste l\u00e9g\u00e8re ou un blazer<\/p>\n<\/li>\n<\/ul>\n<p data-start=\"928\" data-end=\"956\"><strong>Pourquoi on l\u2019adore :<\/strong><\/p>\n<p data-start=\"957\" data-end=\"1107\">Le T-shirt YUNA version rouge combine <strong data-start=\"1333\" data-end=\"1369\">confort, brillance et simplicit\u00e9<\/strong>. Une pi\u00e8ce facile \u00e0 associer qui apporte une <strong data-start=\"1415\" data-end=\"1449\">touche de lumi\u00e8re \u00e0 vos tenues<\/strong>, de jour comme de nuit.<\/p>\n","protected":false},"excerpt":{"rendered":"<p data-start=\"258\" data-end=\"356\">Alli\u00e9 du quotidien comme des soir\u00e9es estivales, le <strong data-start=\"310\" data-end=\"332\">T-shirt rouge YUNA<\/strong> s\u00e9duit par sa <strong data-start=\"347\" data-end=\"366\">mati\u00e8re stretch<\/strong> douce et fluide, sublim\u00e9e d\u2019une <strong data-start=\"399\" data-end=\"419\">l\u00e9g\u00e8re brillance<\/strong>.<\/p>\n<p data-start=\"258\" data-end=\"356\">Un indispensable pour une silhouette f\u00e9minine et moderne, \u00e0 porter en toute simplicit\u00e9.<\/p>\n","protected":false},"featured_media":3868,"comment_status":"open","ping_status":"closed","template":"","meta":{"_et_pb_use_builder":"","_et_pb_old_content":"","_et_gb_content_width":"","om_disable_all_campaigns":false},"product_brand":[],"product_cat":[37],"product_tag":[],"class_list":{"0":"post-3859","1":"product","2":"type-product","3":"status-publish","4":"has-post-thumbnail","6":"product_cat-hauts","8":"first","9":"instock","10":"taxable","11":"shipping-taxable","12":"purchasable","13":"product-type-variable","14":"has-default-attributes"},"yoast_head":"<!-- This site is optimized with the Yoast SEO plugin v27.2 - https:\/\/yoast.com\/product\/yoast-seo-wordpress\/ -->\n<title>T-shirt rouge YUNA \u2013 Tissu doux &amp; effet lumineux - Popeline Store, boutique pr\u00eat \u00e0 porter sur B\u00e9ziers<\/title>\n<meta name=\"robots\" content=\"index, follow, max-snippet:-1, max-image-preview:large, max-video-preview:-1\" \/>\n<link rel=\"canonical\" href=\"https:\/\/www.popeline-store.com\/index.php\/produit\/t-shirt-rouge-yuna-tissu-doux-effet-lumineux\/\" \/>\n<meta property=\"og:locale\" content=\"fr_FR\" \/>\n<meta property=\"og:type\" content=\"article\" \/>\n<meta property=\"og:title\" content=\"T-shirt rouge YUNA \u2013 Tissu doux &amp; effet lumineux - Popeline Store, boutique pr\u00eat \u00e0 porter sur B\u00e9ziers\" \/>\n<meta property=\"og:description\" content=\"Alli\u00e9 du quotidien comme des soir\u00e9es estivales, le T-shirt rouge YUNA s\u00e9duit par sa mati\u00e8re stretch douce et fluide, sublim\u00e9e d\u2019une l\u00e9g\u00e8re brillance. Un indispensable pour une silhouette f\u00e9minine et moderne, \u00e0 porter en toute simplicit\u00e9.\" \/>\n<meta property=\"og:url\" content=\"https:\/\/www.popeline-store.com\/index.php\/produit\/t-shirt-rouge-yuna-tissu-doux-effet-lumineux\/\" \/>\n<meta property=\"og:site_name\" content=\"Popeline Store, boutique pr\u00eat \u00e0 porter sur B\u00e9ziers\" \/>\n<meta property=\"article:modified_time\" content=\"2025-12-30T14:53:07+00:00\" \/>\n<meta property=\"og:image\" content=\"https:\/\/www.popeline-store.com\/wp-content\/uploads\/2025\/07\/POPELINE-BEZIERS-TSHIRT-YUNA-ROUGE-7.jpeg\" \/>\n\t<meta property=\"og:image:width\" content=\"2316\" \/>\n\t<meta property=\"og:image:height\" content=\"2316\" \/>\n\t<meta property=\"og:image:type\" content=\"image\/jpeg\" \/>\n<meta name=\"twitter:card\" content=\"summary_large_image\" \/>\n<meta name=\"twitter:label1\" content=\"Dur\u00e9e de lecture estim\u00e9e\" \/>\n\t<meta name=\"twitter:data1\" content=\"1 minute\" \/>\n<script type=\"application\/ld+json\" class=\"yoast-schema-graph\">{\"@context\":\"https:\/\/schema.org\",\"@graph\":[{\"@type\":\"WebPage\",\"@id\":\"https:\/\/www.popeline-store.com\/index.php\/produit\/t-shirt-rouge-yuna-tissu-doux-effet-lumineux\/\",\"url\":\"https:\/\/www.popeline-store.com\/index.php\/produit\/t-shirt-rouge-yuna-tissu-doux-effet-lumineux\/\",\"name\":\"T-shirt rouge YUNA \u2013 Tissu doux & effet lumineux - Popeline Store, boutique pr\u00eat \u00e0 porter sur B\u00e9ziers\",\"isPartOf\":{\"@id\":\"https:\/\/www.popeline-store.com\/#website\"},\"primaryImageOfPage\":{\"@id\":\"https:\/\/www.popeline-store.com\/index.php\/produit\/t-shirt-rouge-yuna-tissu-doux-effet-lumineux\/#primaryimage\"},\"image\":{\"@id\":\"https:\/\/www.popeline-store.com\/index.php\/produit\/t-shirt-rouge-yuna-tissu-doux-effet-lumineux\/#primaryimage\"},\"thumbnailUrl\":\"https:\/\/www.popeline-store.com\/wp-content\/uploads\/2025\/07\/POPELINE-BEZIERS-TSHIRT-YUNA-ROUGE-7.jpeg\",\"datePublished\":\"2025-07-15T12:52:19+00:00\",\"dateModified\":\"2025-12-30T14:53:07+00:00\",\"breadcrumb\":{\"@id\":\"https:\/\/www.popeline-store.com\/index.php\/produit\/t-shirt-rouge-yuna-tissu-doux-effet-lumineux\/#breadcrumb\"},\"inLanguage\":\"fr-FR\",\"potentialAction\":[{\"@type\":\"ReadAction\",\"target\":[\"https:\/\/www.popeline-store.com\/index.php\/produit\/t-shirt-rouge-yuna-tissu-doux-effet-lumineux\/\"]}]},{\"@type\":\"ImageObject\",\"inLanguage\":\"fr-FR\",\"@id\":\"https:\/\/www.popeline-store.com\/index.php\/produit\/t-shirt-rouge-yuna-tissu-doux-effet-lumineux\/#primaryimage\",\"url\":\"https:\/\/www.popeline-store.com\/wp-content\/uploads\/2025\/07\/POPELINE-BEZIERS-TSHIRT-YUNA-ROUGE-7.jpeg\",\"contentUrl\":\"https:\/\/www.popeline-store.com\/wp-content\/uploads\/2025\/07\/POPELINE-BEZIERS-TSHIRT-YUNA-ROUGE-7.jpeg\",\"width\":2316,\"height\":2316},{\"@type\":\"BreadcrumbList\",\"@id\":\"https:\/\/www.popeline-store.com\/index.php\/produit\/t-shirt-rouge-yuna-tissu-doux-effet-lumineux\/#breadcrumb\",\"itemListElement\":[{\"@type\":\"ListItem\",\"position\":1,\"name\":\"Accueil\",\"item\":\"https:\/\/www.popeline-store.com\/\"},{\"@type\":\"ListItem\",\"position\":2,\"name\":\"Boutique\",\"item\":\"https:\/\/www.popeline-store.com\/index.php\/popeline-beziers-page-boutique\/\"},{\"@type\":\"ListItem\",\"position\":3,\"name\":\"T-shirt rouge YUNA \u2013 Tissu doux &#038; effet lumineux\"}]},{\"@type\":\"WebSite\",\"@id\":\"https:\/\/www.popeline-store.com\/#website\",\"url\":\"https:\/\/www.popeline-store.com\/\",\"name\":\"Popeline B\u00e9ziers, boutique pr\u00eat \u00e0 porter sur B\u00e9ziers\",\"description\":\"Popeline est une boutique de mode f\u00e9minine situ\u00e9e \u00e0 B\u00e9ziers, H\u00e9rault, France. Vous y trouverez une large gamme de v\u00eatements tendance, accessoires \u00e9l\u00e9gants ..\",\"publisher\":{\"@id\":\"https:\/\/www.popeline-store.com\/#organization\"},\"potentialAction\":[{\"@type\":\"SearchAction\",\"target\":{\"@type\":\"EntryPoint\",\"urlTemplate\":\"https:\/\/www.popeline-store.com\/?s={search_term_string}\"},\"query-input\":{\"@type\":\"PropertyValueSpecification\",\"valueRequired\":true,\"valueName\":\"search_term_string\"}}],\"inLanguage\":\"fr-FR\"},{\"@type\":\"Organization\",\"@id\":\"https:\/\/www.popeline-store.com\/#organization\",\"name\":\"Popeline \u00e0 B\u00e9ziers, boutique pr\u00eat \u00e0 porter sur B\u00e9ziers\",\"url\":\"https:\/\/www.popeline-store.com\/\",\"logo\":{\"@type\":\"ImageObject\",\"inLanguage\":\"fr-FR\",\"@id\":\"https:\/\/www.popeline-store.com\/#\/schema\/logo\/image\/\",\"url\":\"https:\/\/www.popeline-store.com\/wp-content\/uploads\/2024\/12\/PopLogoReduc.png\",\"contentUrl\":\"https:\/\/www.popeline-store.com\/wp-content\/uploads\/2024\/12\/PopLogoReduc.png\",\"width\":500,\"height\":500,\"caption\":\"Popeline \u00e0 B\u00e9ziers, boutique pr\u00eat \u00e0 porter sur B\u00e9ziers\"},\"image\":{\"@id\":\"https:\/\/www.popeline-store.com\/#\/schema\/logo\/image\/\"},\"sameAs\":[\"https:\/\/www.instagram.com\/popeline_beziers\/\"]}]}<\/script>\n<!-- \/ Yoast SEO plugin. -->","yoast_head_json":{"title":"T-shirt rouge YUNA \u2013 Tissu doux & effet lumineux - Popeline Store, boutique pr\u00eat \u00e0 porter sur B\u00e9ziers","robots":{"index":"index","follow":"follow","max-snippet":"max-snippet:-1","max-image-preview":"max-image-preview:large","max-video-preview":"max-video-preview:-1"},"canonical":"https:\/\/www.popeline-store.com\/index.php\/produit\/t-shirt-rouge-yuna-tissu-doux-effet-lumineux\/","og_locale":"fr_FR","og_type":"article","og_title":"T-shirt rouge YUNA \u2013 Tissu doux & effet lumineux - Popeline Store, boutique pr\u00eat \u00e0 porter sur B\u00e9ziers","og_description":"Alli\u00e9 du quotidien comme des soir\u00e9es estivales, le T-shirt rouge YUNA s\u00e9duit par sa mati\u00e8re stretch douce et fluide, sublim\u00e9e d\u2019une l\u00e9g\u00e8re brillance. Un indispensable pour une silhouette f\u00e9minine et moderne, \u00e0 porter en toute simplicit\u00e9.","og_url":"https:\/\/www.popeline-store.com\/index.php\/produit\/t-shirt-rouge-yuna-tissu-doux-effet-lumineux\/","og_site_name":"Popeline Store, boutique pr\u00eat \u00e0 porter sur B\u00e9ziers","article_modified_time":"2025-12-30T14:53:07+00:00","og_image":[{"width":2316,"height":2316,"url":"https:\/\/www.popeline-store.com\/wp-content\/uploads\/2025\/07\/POPELINE-BEZIERS-TSHIRT-YUNA-ROUGE-7.jpeg","type":"image\/jpeg"}],"twitter_card":"summary_large_image","twitter_misc":{"Dur\u00e9e de lecture estim\u00e9e":"1 minute"},"schema":{"@context":"https:\/\/schema.org","@graph":[{"@type":"WebPage","@id":"https:\/\/www.popeline-store.com\/index.php\/produit\/t-shirt-rouge-yuna-tissu-doux-effet-lumineux\/","url":"https:\/\/www.popeline-store.com\/index.php\/produit\/t-shirt-rouge-yuna-tissu-doux-effet-lumineux\/","name":"T-shirt rouge YUNA \u2013 Tissu doux & effet lumineux - Popeline Store, boutique pr\u00eat \u00e0 porter sur B\u00e9ziers","isPartOf":{"@id":"https:\/\/www.popeline-store.com\/#website"},"primaryImageOfPage":{"@id":"https:\/\/www.popeline-store.com\/index.php\/produit\/t-shirt-rouge-yuna-tissu-doux-effet-lumineux\/#primaryimage"},"image":{"@id":"https:\/\/www.popeline-store.com\/index.php\/produit\/t-shirt-rouge-yuna-tissu-doux-effet-lumineux\/#primaryimage"},"thumbnailUrl":"https:\/\/www.popeline-store.com\/wp-content\/uploads\/2025\/07\/POPELINE-BEZIERS-TSHIRT-YUNA-ROUGE-7.jpeg","datePublished":"2025-07-15T12:52:19+00:00","dateModified":"2025-12-30T14:53:07+00:00","breadcrumb":{"@id":"https:\/\/www.popeline-store.com\/index.php\/produit\/t-shirt-rouge-yuna-tissu-doux-effet-lumineux\/#breadcrumb"},"inLanguage":"fr-FR","potentialAction":[{"@type":"ReadAction","target":["https:\/\/www.popeline-store.com\/index.php\/produit\/t-shirt-rouge-yuna-tissu-doux-effet-lumineux\/"]}]},{"@type":"ImageObject","inLanguage":"fr-FR","@id":"https:\/\/www.popeline-store.com\/index.php\/produit\/t-shirt-rouge-yuna-tissu-doux-effet-lumineux\/#primaryimage","url":"https:\/\/www.popeline-store.com\/wp-content\/uploads\/2025\/07\/POPELINE-BEZIERS-TSHIRT-YUNA-ROUGE-7.jpeg","contentUrl":"https:\/\/www.popeline-store.com\/wp-content\/uploads\/2025\/07\/POPELINE-BEZIERS-TSHIRT-YUNA-ROUGE-7.jpeg","width":2316,"height":2316},{"@type":"BreadcrumbList","@id":"https:\/\/www.popeline-store.com\/index.php\/produit\/t-shirt-rouge-yuna-tissu-doux-effet-lumineux\/#breadcrumb","itemListElement":[{"@type":"ListItem","position":1,"name":"Accueil","item":"https:\/\/www.popeline-store.com\/"},{"@type":"ListItem","position":2,"name":"Boutique","item":"https:\/\/www.popeline-store.com\/index.php\/popeline-beziers-page-boutique\/"},{"@type":"ListItem","position":3,"name":"T-shirt rouge YUNA \u2013 Tissu doux &#038; effet lumineux"}]},{"@type":"WebSite","@id":"https:\/\/www.popeline-store.com\/#website","url":"https:\/\/www.popeline-store.com\/","name":"Popeline B\u00e9ziers, boutique pr\u00eat \u00e0 porter sur B\u00e9ziers","description":"Popeline est une boutique de mode f\u00e9minine situ\u00e9e \u00e0 B\u00e9ziers, H\u00e9rault, France. Vous y trouverez une large gamme de v\u00eatements tendance, accessoires \u00e9l\u00e9gants ..","publisher":{"@id":"https:\/\/www.popeline-store.com\/#organization"},"potentialAction":[{"@type":"SearchAction","target":{"@type":"EntryPoint","urlTemplate":"https:\/\/www.popeline-store.com\/?s={search_term_string}"},"query-input":{"@type":"PropertyValueSpecification","valueRequired":true,"valueName":"search_term_string"}}],"inLanguage":"fr-FR"},{"@type":"Organization","@id":"https:\/\/www.popeline-store.com\/#organization","name":"Popeline \u00e0 B\u00e9ziers, boutique pr\u00eat \u00e0 porter sur B\u00e9ziers","url":"https:\/\/www.popeline-store.com\/","logo":{"@type":"ImageObject","inLanguage":"fr-FR","@id":"https:\/\/www.popeline-store.com\/#\/schema\/logo\/image\/","url":"https:\/\/www.popeline-store.com\/wp-content\/uploads\/2024\/12\/PopLogoReduc.png","contentUrl":"https:\/\/www.popeline-store.com\/wp-content\/uploads\/2024\/12\/PopLogoReduc.png","width":500,"height":500,"caption":"Popeline \u00e0 B\u00e9ziers, boutique pr\u00eat \u00e0 porter sur B\u00e9ziers"},"image":{"@id":"https:\/\/www.popeline-store.com\/#\/schema\/logo\/image\/"},"sameAs":["https:\/\/www.instagram.com\/popeline_beziers\/"]}]}},"jetpack_sharing_enabled":true,"_links":{"self":[{"href":"https:\/\/www.popeline-store.com\/index.php\/wp-json\/wp\/v2\/product\/3859","targetHints":{"allow":["GET"]}}],"collection":[{"href":"https:\/\/www.popeline-store.com\/index.php\/wp-json\/wp\/v2\/product"}],"about":[{"href":"https:\/\/www.popeline-store.com\/index.php\/wp-json\/wp\/v2\/types\/product"}],"replies":[{"embeddable":true,"href":"https:\/\/www.popeline-store.com\/index.php\/wp-json\/wp\/v2\/comments?post=3859"}],"wp:featuredmedia":[{"embeddable":true,"href":"https:\/\/www.popeline-store.com\/index.php\/wp-json\/wp\/v2\/media\/3868"}],"wp:attachment":[{"href":"https:\/\/www.popeline-store.com\/index.php\/wp-json\/wp\/v2\/media?parent=3859"}],"wp:term":[{"taxonomy":"product_brand","embeddable":true,"href":"https:\/\/www.popeline-store.com\/index.php\/wp-json\/wp\/v2\/product_brand?post=3859"},{"taxonomy":"product_cat","embeddable":true,"href":"https:\/\/www.popeline-store.com\/index.php\/wp-json\/wp\/v2\/product_cat?post=3859"},{"taxonomy":"product_tag","embeddable":true,"href":"https:\/\/www.popeline-store.com\/index.php\/wp-json\/wp\/v2\/product_tag?post=3859"}],"curies":[{"name":"wp","href":"https:\/\/api.w.org\/{rel}","templated":true}]}}