{"id":4413,"date":"2025-10-15T18:26:09","date_gmt":"2025-10-15T16:26:09","guid":{"rendered":"https:\/\/www.popeline-store.com\/?post_type=product&#038;p=4413"},"modified":"2025-11-08T15:31:33","modified_gmt":"2025-11-08T14:31:33","slug":"chemise-valencia-aubergine","status":"publish","type":"product","link":"https:\/\/www.popeline-store.com\/index.php\/produit\/chemise-valencia-aubergine\/","title":{"rendered":"Chemise VALENCIA \u2013 aubergine"},"content":{"rendered":"<h4><strong>Chemise VALENCIA \u2013 aubergine<\/strong><\/h4>\n<p data-start=\"502\" data-end=\"829\">Confectionn\u00e9e en Italie, cette chemise associe <strong data-start=\"549\" data-end=\"572\">\u00e9l\u00e9gance et confort<\/strong>.<br data-start=\"573\" data-end=\"576\" \/>Son tissu fluide glisse sur la peau et se pr\u00eate aussi bien \u00e0 une tenue professionnelle qu\u2019\u00e0 un style plus d\u00e9contract\u00e9.<br data-start=\"694\" data-end=\"697\" \/>La teinte <strong data-start=\"707\" data-end=\"729\">aubergine profonde<\/strong> apporte une note automnale et sophistiqu\u00e9e, facile \u00e0 assortir avec du beige, du noir ou du denim.<\/p>\n<p data-start=\"831\" data-end=\"962\"><strong data-start=\"831\" data-end=\"842\">Coupe :<\/strong> Fluide et l\u00e9g\u00e8rement ample<br data-start=\"869\" data-end=\"872\" \/><strong data-start=\"872\" data-end=\"884\">D\u00e9tail :<\/strong> N\u0153ud au col, boutons ton sur ton<br data-start=\"917\" data-end=\"920\" \/><strong data-start=\"920\" data-end=\"931\">Style :<\/strong> \u00c9l\u00e9gant, f\u00e9minin, intemporel<\/p>\n<h4 data-start=\"1004\" data-end=\"1037\"><strong>Caract\u00e9ristiques techniques<\/strong><\/h4>\n<ul data-start=\"1038\" data-end=\"1242\">\n<li data-start=\"1038\" data-end=\"1070\">\n<p data-start=\"1040\" data-end=\"1070\">Composition : 100% polyester<\/p>\n<\/li>\n<li data-start=\"1071\" data-end=\"1096\">\n<p data-start=\"1073\" data-end=\"1096\">Fabrication italienne<\/p>\n<\/li>\n<li data-start=\"1097\" data-end=\"1128\">\n<p data-start=\"1099\" data-end=\"1128\">Coupe fluide et confortable<\/p>\n<\/li>\n<li data-start=\"1129\" data-end=\"1155\">\n<p data-start=\"1131\" data-end=\"1155\">Col lavalli\u00e8re \u00e0 nouer<\/p>\n<\/li>\n<li data-start=\"1156\" data-end=\"1184\">\n<p data-start=\"1158\" data-end=\"1184\">Boutonnage sur le devant<\/p>\n<\/li>\n<li data-start=\"1185\" data-end=\"1225\">\n<p data-start=\"1187\" data-end=\"1225\">Taille unique (convient du 36 au 42)<\/p>\n<\/li>\n<li data-start=\"1226\" data-end=\"1242\">\n<p data-start=\"1228\" data-end=\"1242\">Lavage \u00e0 30\u00b0<\/p>\n<\/li>\n<\/ul>\n<h4 data-start=\"1244\" data-end=\"1266\"><strong>Conseils de look<\/strong><\/h4>\n<p data-start=\"1267\" data-end=\"1536\">Associez la chemise VALENCIA aubergine \u00e0 un <strong data-start=\"1335\" data-end=\"1354\">pantalon fluide<\/strong> comme le mod\u00e8le <strong data-start=\"1371\" data-end=\"1381\">DENVER<\/strong> pour un look chic et moderne.<br data-start=\"1411\" data-end=\"1414\" \/>Pour une allure plus casual, portez-la <strong data-start=\"1453\" data-end=\"1475\">avec un jean clair<\/strong> et des mocassins.<br data-start=\"1493\" data-end=\"1496\" \/>En soir\u00e9e, elle se marie \u00e0 merveille avec une <strong data-start=\"1542\" data-end=\"1563\">jupe midi satin\u00e9e<\/strong> et des talons.<\/p>\n<h4 data-start=\"1538\" data-end=\"1548\"><strong>\u2753FAQ<\/strong><\/h4>\n<p data-start=\"1593\" data-end=\"1719\"><strong data-start=\"1593\" data-end=\"1624\">\u2192 Le n\u0153ud est-il amovible ?<\/strong><br data-start=\"1624\" data-end=\"1627\" \/>Non, il est int\u00e9gr\u00e9 \u00e0 la chemise pour conserver son tomb\u00e9 parfait et son style lavalli\u00e8re.<\/p>\n<p data-start=\"1721\" data-end=\"1845\"><strong data-start=\"1721\" data-end=\"1775\">\u2192 La taille unique convient \u00e0 quelle morphologie ?<\/strong><br data-start=\"1775\" data-end=\"1778\" \/>Elle convient du 36 au 40 gr\u00e2ce \u00e0 sa coupe fluide et confortable.<\/p>\n<p data-start=\"1847\" data-end=\"1986\"><strong data-start=\"1847\" data-end=\"1884\">\u2192 Comment entretenir la chemise ?<\/strong><br data-start=\"1884\" data-end=\"1887\" \/>Lavez-la \u00e0 30\u00b0 et laissez-la s\u00e9cher sur cintre pour pr\u00e9server sa fluidit\u00e9 et \u00e9viter le repassage.<\/p>\n","protected":false},"excerpt":{"rendered":"<h4 data-start=\"214\" data-end=\"252\"><strong>L\u2019\u00e9l\u00e9gance f\u00e9minine au naturel<\/strong><\/h4>\n<p data-start=\"253\" data-end=\"531\">La chemise VALENCIA incarne la f\u00e9minit\u00e9 avec subtilit\u00e9.<\/p>\n<p data-start=\"253\" data-end=\"531\">Sa <strong data-start=\"312\" data-end=\"330\">mati\u00e8re fluide<\/strong>, son <strong data-start=\"336\" data-end=\"351\">n\u0153ud au cou<\/strong> et sa <strong data-start=\"358\" data-end=\"380\">coupe intemporelle<\/strong>en font une pi\u00e8ce aussi chic que confortable.<\/p>\n<p data-start=\"253\" data-end=\"531\"><br data-start=\"426\" data-end=\"429\" \/>Le coloris <strong data-start=\"440\" data-end=\"460\">chocolat profond<\/strong> apporte une touche chaleureuse et raffin\u00e9e, parfaite pour la saison.<\/p>\n","protected":false},"featured_media":4414,"comment_status":"open","ping_status":"closed","template":"","meta":{"_et_pb_use_builder":"","_et_pb_old_content":"","_et_gb_content_width":"","om_disable_all_campaigns":false},"product_brand":[],"product_cat":[37],"product_tag":[],"class_list":{"0":"post-4413","1":"product","2":"type-product","3":"status-publish","4":"has-post-thumbnail","6":"product_cat-hauts","8":"first","9":"outofstock","10":"taxable","11":"shipping-taxable","12":"purchasable","13":"product-type-simple"},"yoast_head":"<!-- This site is optimized with the Yoast SEO plugin v27.2 - https:\/\/yoast.com\/product\/yoast-seo-wordpress\/ -->\n<title>Chemise VALENCIA \u2013 aubergine - Popeline Store, boutique pr\u00eat \u00e0 porter sur B\u00e9ziers<\/title>\n<meta name=\"robots\" content=\"index, follow, max-snippet:-1, max-image-preview:large, max-video-preview:-1\" \/>\n<link rel=\"canonical\" href=\"https:\/\/www.popeline-store.com\/index.php\/produit\/chemise-valencia-aubergine\/\" \/>\n<meta property=\"og:locale\" content=\"fr_FR\" \/>\n<meta property=\"og:type\" content=\"article\" \/>\n<meta property=\"og:title\" content=\"Chemise VALENCIA \u2013 aubergine - Popeline Store, boutique pr\u00eat \u00e0 porter sur B\u00e9ziers\" \/>\n<meta property=\"og:description\" content=\"L\u2019\u00e9l\u00e9gance f\u00e9minine au naturel La chemise VALENCIA incarne la f\u00e9minit\u00e9 avec subtilit\u00e9. Sa mati\u00e8re fluide, son n\u0153ud au cou et sa coupe intemporelleen font une pi\u00e8ce aussi chic que confortable. Le coloris chocolat profond apporte une touche chaleureuse et raffin\u00e9e, parfaite pour la saison.\" \/>\n<meta property=\"og:url\" content=\"https:\/\/www.popeline-store.com\/index.php\/produit\/chemise-valencia-aubergine\/\" \/>\n<meta property=\"og:site_name\" content=\"Popeline Store, boutique pr\u00eat \u00e0 porter sur B\u00e9ziers\" \/>\n<meta property=\"article:modified_time\" content=\"2025-11-08T14:31:33+00:00\" \/>\n<meta property=\"og:image\" content=\"https:\/\/www.popeline-store.com\/wp-content\/uploads\/2025\/10\/POPELINE-BEZIERS-CHEMISE-AVEC-NOEUD-VALENCIA-AUBERGINE-4.jpeg\" \/>\n\t<meta property=\"og:image:width\" content=\"2054\" \/>\n\t<meta property=\"og:image:height\" content=\"2054\" \/>\n\t<meta property=\"og:image:type\" content=\"image\/jpeg\" \/>\n<meta name=\"twitter:card\" content=\"summary_large_image\" \/>\n<meta name=\"twitter:label1\" content=\"Dur\u00e9e de lecture estim\u00e9e\" \/>\n\t<meta name=\"twitter:data1\" content=\"2 minutes\" \/>\n<script type=\"application\/ld+json\" class=\"yoast-schema-graph\">{\"@context\":\"https:\/\/schema.org\",\"@graph\":[{\"@type\":\"WebPage\",\"@id\":\"https:\/\/www.popeline-store.com\/index.php\/produit\/chemise-valencia-aubergine\/\",\"url\":\"https:\/\/www.popeline-store.com\/index.php\/produit\/chemise-valencia-aubergine\/\",\"name\":\"Chemise VALENCIA \u2013 aubergine - Popeline Store, boutique pr\u00eat \u00e0 porter sur B\u00e9ziers\",\"isPartOf\":{\"@id\":\"https:\/\/www.popeline-store.com\/#website\"},\"primaryImageOfPage\":{\"@id\":\"https:\/\/www.popeline-store.com\/index.php\/produit\/chemise-valencia-aubergine\/#primaryimage\"},\"image\":{\"@id\":\"https:\/\/www.popeline-store.com\/index.php\/produit\/chemise-valencia-aubergine\/#primaryimage\"},\"thumbnailUrl\":\"https:\/\/www.popeline-store.com\/wp-content\/uploads\/2025\/10\/POPELINE-BEZIERS-CHEMISE-AVEC-NOEUD-VALENCIA-AUBERGINE-4.jpeg\",\"datePublished\":\"2025-10-15T16:26:09+00:00\",\"dateModified\":\"2025-11-08T14:31:33+00:00\",\"breadcrumb\":{\"@id\":\"https:\/\/www.popeline-store.com\/index.php\/produit\/chemise-valencia-aubergine\/#breadcrumb\"},\"inLanguage\":\"fr-FR\",\"potentialAction\":[{\"@type\":\"ReadAction\",\"target\":[\"https:\/\/www.popeline-store.com\/index.php\/produit\/chemise-valencia-aubergine\/\"]}]},{\"@type\":\"ImageObject\",\"inLanguage\":\"fr-FR\",\"@id\":\"https:\/\/www.popeline-store.com\/index.php\/produit\/chemise-valencia-aubergine\/#primaryimage\",\"url\":\"https:\/\/www.popeline-store.com\/wp-content\/uploads\/2025\/10\/POPELINE-BEZIERS-CHEMISE-AVEC-NOEUD-VALENCIA-AUBERGINE-4.jpeg\",\"contentUrl\":\"https:\/\/www.popeline-store.com\/wp-content\/uploads\/2025\/10\/POPELINE-BEZIERS-CHEMISE-AVEC-NOEUD-VALENCIA-AUBERGINE-4.jpeg\",\"width\":2054,\"height\":2054},{\"@type\":\"BreadcrumbList\",\"@id\":\"https:\/\/www.popeline-store.com\/index.php\/produit\/chemise-valencia-aubergine\/#breadcrumb\",\"itemListElement\":[{\"@type\":\"ListItem\",\"position\":1,\"name\":\"Accueil\",\"item\":\"https:\/\/www.popeline-store.com\/\"},{\"@type\":\"ListItem\",\"position\":2,\"name\":\"Boutique\",\"item\":\"https:\/\/www.popeline-store.com\/index.php\/popeline-beziers-page-boutique\/\"},{\"@type\":\"ListItem\",\"position\":3,\"name\":\"Chemise VALENCIA \u2013 aubergine\"}]},{\"@type\":\"WebSite\",\"@id\":\"https:\/\/www.popeline-store.com\/#website\",\"url\":\"https:\/\/www.popeline-store.com\/\",\"name\":\"Popeline B\u00e9ziers, boutique pr\u00eat \u00e0 porter sur B\u00e9ziers\",\"description\":\"Popeline est une boutique de mode f\u00e9minine situ\u00e9e \u00e0 B\u00e9ziers, H\u00e9rault, France. Vous y trouverez une large gamme de v\u00eatements tendance, accessoires \u00e9l\u00e9gants ..\",\"publisher\":{\"@id\":\"https:\/\/www.popeline-store.com\/#organization\"},\"potentialAction\":[{\"@type\":\"SearchAction\",\"target\":{\"@type\":\"EntryPoint\",\"urlTemplate\":\"https:\/\/www.popeline-store.com\/?s={search_term_string}\"},\"query-input\":{\"@type\":\"PropertyValueSpecification\",\"valueRequired\":true,\"valueName\":\"search_term_string\"}}],\"inLanguage\":\"fr-FR\"},{\"@type\":\"Organization\",\"@id\":\"https:\/\/www.popeline-store.com\/#organization\",\"name\":\"Popeline \u00e0 B\u00e9ziers, boutique pr\u00eat \u00e0 porter sur B\u00e9ziers\",\"url\":\"https:\/\/www.popeline-store.com\/\",\"logo\":{\"@type\":\"ImageObject\",\"inLanguage\":\"fr-FR\",\"@id\":\"https:\/\/www.popeline-store.com\/#\/schema\/logo\/image\/\",\"url\":\"https:\/\/www.popeline-store.com\/wp-content\/uploads\/2024\/12\/PopLogoReduc.png\",\"contentUrl\":\"https:\/\/www.popeline-store.com\/wp-content\/uploads\/2024\/12\/PopLogoReduc.png\",\"width\":500,\"height\":500,\"caption\":\"Popeline \u00e0 B\u00e9ziers, boutique pr\u00eat \u00e0 porter sur B\u00e9ziers\"},\"image\":{\"@id\":\"https:\/\/www.popeline-store.com\/#\/schema\/logo\/image\/\"},\"sameAs\":[\"https:\/\/www.instagram.com\/popeline_beziers\/\"]}]}<\/script>\n<!-- \/ Yoast SEO plugin. -->","yoast_head_json":{"title":"Chemise VALENCIA \u2013 aubergine - Popeline Store, boutique pr\u00eat \u00e0 porter sur B\u00e9ziers","robots":{"index":"index","follow":"follow","max-snippet":"max-snippet:-1","max-image-preview":"max-image-preview:large","max-video-preview":"max-video-preview:-1"},"canonical":"https:\/\/www.popeline-store.com\/index.php\/produit\/chemise-valencia-aubergine\/","og_locale":"fr_FR","og_type":"article","og_title":"Chemise VALENCIA \u2013 aubergine - Popeline Store, boutique pr\u00eat \u00e0 porter sur B\u00e9ziers","og_description":"L\u2019\u00e9l\u00e9gance f\u00e9minine au naturel La chemise VALENCIA incarne la f\u00e9minit\u00e9 avec subtilit\u00e9. Sa mati\u00e8re fluide, son n\u0153ud au cou et sa coupe intemporelleen font une pi\u00e8ce aussi chic que confortable. Le coloris chocolat profond apporte une touche chaleureuse et raffin\u00e9e, parfaite pour la saison.","og_url":"https:\/\/www.popeline-store.com\/index.php\/produit\/chemise-valencia-aubergine\/","og_site_name":"Popeline Store, boutique pr\u00eat \u00e0 porter sur B\u00e9ziers","article_modified_time":"2025-11-08T14:31:33+00:00","og_image":[{"width":2054,"height":2054,"url":"https:\/\/www.popeline-store.com\/wp-content\/uploads\/2025\/10\/POPELINE-BEZIERS-CHEMISE-AVEC-NOEUD-VALENCIA-AUBERGINE-4.jpeg","type":"image\/jpeg"}],"twitter_card":"summary_large_image","twitter_misc":{"Dur\u00e9e de lecture estim\u00e9e":"2 minutes"},"schema":{"@context":"https:\/\/schema.org","@graph":[{"@type":"WebPage","@id":"https:\/\/www.popeline-store.com\/index.php\/produit\/chemise-valencia-aubergine\/","url":"https:\/\/www.popeline-store.com\/index.php\/produit\/chemise-valencia-aubergine\/","name":"Chemise VALENCIA \u2013 aubergine - Popeline Store, boutique pr\u00eat \u00e0 porter sur B\u00e9ziers","isPartOf":{"@id":"https:\/\/www.popeline-store.com\/#website"},"primaryImageOfPage":{"@id":"https:\/\/www.popeline-store.com\/index.php\/produit\/chemise-valencia-aubergine\/#primaryimage"},"image":{"@id":"https:\/\/www.popeline-store.com\/index.php\/produit\/chemise-valencia-aubergine\/#primaryimage"},"thumbnailUrl":"https:\/\/www.popeline-store.com\/wp-content\/uploads\/2025\/10\/POPELINE-BEZIERS-CHEMISE-AVEC-NOEUD-VALENCIA-AUBERGINE-4.jpeg","datePublished":"2025-10-15T16:26:09+00:00","dateModified":"2025-11-08T14:31:33+00:00","breadcrumb":{"@id":"https:\/\/www.popeline-store.com\/index.php\/produit\/chemise-valencia-aubergine\/#breadcrumb"},"inLanguage":"fr-FR","potentialAction":[{"@type":"ReadAction","target":["https:\/\/www.popeline-store.com\/index.php\/produit\/chemise-valencia-aubergine\/"]}]},{"@type":"ImageObject","inLanguage":"fr-FR","@id":"https:\/\/www.popeline-store.com\/index.php\/produit\/chemise-valencia-aubergine\/#primaryimage","url":"https:\/\/www.popeline-store.com\/wp-content\/uploads\/2025\/10\/POPELINE-BEZIERS-CHEMISE-AVEC-NOEUD-VALENCIA-AUBERGINE-4.jpeg","contentUrl":"https:\/\/www.popeline-store.com\/wp-content\/uploads\/2025\/10\/POPELINE-BEZIERS-CHEMISE-AVEC-NOEUD-VALENCIA-AUBERGINE-4.jpeg","width":2054,"height":2054},{"@type":"BreadcrumbList","@id":"https:\/\/www.popeline-store.com\/index.php\/produit\/chemise-valencia-aubergine\/#breadcrumb","itemListElement":[{"@type":"ListItem","position":1,"name":"Accueil","item":"https:\/\/www.popeline-store.com\/"},{"@type":"ListItem","position":2,"name":"Boutique","item":"https:\/\/www.popeline-store.com\/index.php\/popeline-beziers-page-boutique\/"},{"@type":"ListItem","position":3,"name":"Chemise VALENCIA \u2013 aubergine"}]},{"@type":"WebSite","@id":"https:\/\/www.popeline-store.com\/#website","url":"https:\/\/www.popeline-store.com\/","name":"Popeline B\u00e9ziers, boutique pr\u00eat \u00e0 porter sur B\u00e9ziers","description":"Popeline est une boutique de mode f\u00e9minine situ\u00e9e \u00e0 B\u00e9ziers, H\u00e9rault, France. Vous y trouverez une large gamme de v\u00eatements tendance, accessoires \u00e9l\u00e9gants ..","publisher":{"@id":"https:\/\/www.popeline-store.com\/#organization"},"potentialAction":[{"@type":"SearchAction","target":{"@type":"EntryPoint","urlTemplate":"https:\/\/www.popeline-store.com\/?s={search_term_string}"},"query-input":{"@type":"PropertyValueSpecification","valueRequired":true,"valueName":"search_term_string"}}],"inLanguage":"fr-FR"},{"@type":"Organization","@id":"https:\/\/www.popeline-store.com\/#organization","name":"Popeline \u00e0 B\u00e9ziers, boutique pr\u00eat \u00e0 porter sur B\u00e9ziers","url":"https:\/\/www.popeline-store.com\/","logo":{"@type":"ImageObject","inLanguage":"fr-FR","@id":"https:\/\/www.popeline-store.com\/#\/schema\/logo\/image\/","url":"https:\/\/www.popeline-store.com\/wp-content\/uploads\/2024\/12\/PopLogoReduc.png","contentUrl":"https:\/\/www.popeline-store.com\/wp-content\/uploads\/2024\/12\/PopLogoReduc.png","width":500,"height":500,"caption":"Popeline \u00e0 B\u00e9ziers, boutique pr\u00eat \u00e0 porter sur B\u00e9ziers"},"image":{"@id":"https:\/\/www.popeline-store.com\/#\/schema\/logo\/image\/"},"sameAs":["https:\/\/www.instagram.com\/popeline_beziers\/"]}]}},"jetpack_sharing_enabled":true,"_links":{"self":[{"href":"https:\/\/www.popeline-store.com\/index.php\/wp-json\/wp\/v2\/product\/4413","targetHints":{"allow":["GET"]}}],"collection":[{"href":"https:\/\/www.popeline-store.com\/index.php\/wp-json\/wp\/v2\/product"}],"about":[{"href":"https:\/\/www.popeline-store.com\/index.php\/wp-json\/wp\/v2\/types\/product"}],"replies":[{"embeddable":true,"href":"https:\/\/www.popeline-store.com\/index.php\/wp-json\/wp\/v2\/comments?post=4413"}],"wp:featuredmedia":[{"embeddable":true,"href":"https:\/\/www.popeline-store.com\/index.php\/wp-json\/wp\/v2\/media\/4414"}],"wp:attachment":[{"href":"https:\/\/www.popeline-store.com\/index.php\/wp-json\/wp\/v2\/media?parent=4413"}],"wp:term":[{"taxonomy":"product_brand","embeddable":true,"href":"https:\/\/www.popeline-store.com\/index.php\/wp-json\/wp\/v2\/product_brand?post=4413"},{"taxonomy":"product_cat","embeddable":true,"href":"https:\/\/www.popeline-store.com\/index.php\/wp-json\/wp\/v2\/product_cat?post=4413"},{"taxonomy":"product_tag","embeddable":true,"href":"https:\/\/www.popeline-store.com\/index.php\/wp-json\/wp\/v2\/product_tag?post=4413"}],"curies":[{"name":"wp","href":"https:\/\/api.w.org\/{rel}","templated":true}]}}