{"id":4480,"date":"2025-10-25T16:01:49","date_gmt":"2025-10-25T14:01:49","guid":{"rendered":"https:\/\/www.popeline-store.com\/?post_type=product&#038;p=4480"},"modified":"2025-11-15T12:41:01","modified_gmt":"2025-11-15T11:41:01","slug":"pull-manches-courtes-milano-ecru-fabrique-en-italie","status":"publish","type":"product","link":"https:\/\/www.popeline-store.com\/index.php\/produit\/pull-manches-courtes-milano-ecru-fabrique-en-italie\/","title":{"rendered":"Pull manches courtes MILANO \u00e9cru \u2013 Fabriqu\u00e9 en Italie"},"content":{"rendered":"<h4 data-start=\"739\" data-end=\"1194\"><strong>Pull manches courtes MILANO \u00e9cru \u2013 Fabriqu\u00e9 en Italie <\/strong><\/h4>\n<p data-start=\"568\" data-end=\"914\">Fabriqu\u00e9 en <strong data-start=\"580\" data-end=\"590\">Italie<\/strong>, le pull MILANO s\u00e9duit par sa <strong data-start=\"621\" data-end=\"646\">maille fine et souple<\/strong>, au tomb\u00e9 parfait.<br data-start=\"665\" data-end=\"668\" \/>Son <strong data-start=\"672\" data-end=\"687\">col montant<\/strong> lui donne une allure \u00e9l\u00e9gante et moderne, tandis que sa <strong data-start=\"744\" data-end=\"766\">forme sans manches<\/strong> le rend polyvalent et facile \u00e0 porter.<br data-start=\"805\" data-end=\"808\" \/>Le coloris <strong data-start=\"819\" data-end=\"827\">\u00e9cru<\/strong> illumine le teint et s\u2019accorde \u00e0 merveille avec toutes les nuances de la garde-robe.<\/p>\n<p data-start=\"916\" data-end=\"1009\"><strong data-start=\"916\" data-end=\"929\">Coloris :<\/strong> \u00c9cru lumineux, chic et naturel.<br data-start=\"961\" data-end=\"964\" \/><strong data-start=\"964\" data-end=\"975\">Style :<\/strong> F\u00e9minin, intemporel et raffin\u00e9.<\/p>\n<h4 data-start=\"1025\" data-end=\"1061\"><strong>Caract\u00e9ristiques techniques<\/strong><\/h4>\n<ul data-start=\"1062\" data-end=\"1273\">\n<li data-start=\"1062\" data-end=\"1099\">\n<p data-start=\"1064\" data-end=\"1099\">Coupe : sans manches, col montant<\/p>\n<\/li>\n<li data-start=\"1100\" data-end=\"1159\">\n<p data-start=\"1102\" data-end=\"1159\">Composition : 50% viscose, 27% polyester, 23% polyamide<\/p>\n<\/li>\n<li data-start=\"1160\" data-end=\"1189\">\n<p data-start=\"1162\" data-end=\"1189\">Fabrication : Italie \ud83c\uddee\ud83c\uddf9<\/p>\n<\/li>\n<li data-start=\"1190\" data-end=\"1226\">\n<p data-start=\"1192\" data-end=\"1226\">Maille fine, douce et extensible<\/p>\n<\/li>\n<li data-start=\"1227\" data-end=\"1273\">\n<p data-start=\"1229\" data-end=\"1273\">Taille unique (convient du 36 au 40 environ)<\/p>\n<\/li>\n<\/ul>\n<h4 data-start=\"1305\" data-end=\"1341\"><strong>Conseils de look<\/strong><\/h4>\n<p data-start=\"1301\" data-end=\"1516\">L\u2019\u00e9cru se marie facilement avec le denim, les tons terre ou les coloris pastel.<br data-start=\"1366\" data-end=\"1369\" \/>Portez-le avec un pantalon fluide en lin ou un jean clair pour une allure douce et \u00e9l\u00e9gante.<br data-start=\"1461\" data-end=\"1464\" \/>Ajoutez des bijoux dor\u00e9s pour sublimer sa teinte lumineuse.<\/p>\n<h4 data-start=\"1826\" data-end=\"1836\"><strong>\u2753FAQ<\/strong><\/h4>\n<p data-start=\"1538\" data-end=\"1671\"><strong data-start=\"1538\" data-end=\"1584\">\u2192 Le pull MILANO \u00e9cru est-il transparent ?<\/strong><br data-start=\"1584\" data-end=\"1587\" \/>Non, la maille est fine mais bien couvrante. Vous pouvez le porter \u00e0 m\u00eame la peau.<\/p>\n<p data-start=\"1673\" data-end=\"1799\"><strong data-start=\"1673\" data-end=\"1708\">\u2192 Quelle est sa saison id\u00e9ale ?<\/strong><br data-start=\"1708\" data-end=\"1711\" \/>Il est parfait pour le printemps et l\u2019automne, ou en hiver sous un blazer ou un gilet.<\/p>\n<p data-start=\"1801\" data-end=\"1923\"><strong data-start=\"1801\" data-end=\"1829\">\u2192 Comment l\u2019entretenir ?<\/strong><br data-start=\"1829\" data-end=\"1832\" \/>Lavage \u00e0 froid ou programme d\u00e9licat, s\u00e9chage \u00e0 plat pour pr\u00e9server la maille et la forme.<\/p>\n","protected":false},"excerpt":{"rendered":"<h4 data-start=\"219\" data-end=\"263\"><strong>L\u2019\u00e9l\u00e9gance lumineuse et intemporelle<\/strong><\/h4>\n<p data-start=\"264\" data-end=\"535\">Le pull MILANO s\u2019impose comme une pi\u00e8ce essentielle du dressing f\u00e9minin.<\/p>\n<p data-start=\"264\" data-end=\"535\">Sa coupe sans manches et son col montant soulignent la silhouette avec raffinement.<\/p>\n<p data-start=\"264\" data-end=\"535\">En version \u00e9cru, il apporte une touche de douceur et de lumi\u00e8re \u00e0 toutes vos tenues, dans un esprit chic et \u00e9pur\u00e9.<\/p>\n","protected":false},"featured_media":4471,"comment_status":"open","ping_status":"closed","template":"","meta":{"_et_pb_use_builder":"","_et_pb_old_content":"","_et_gb_content_width":"","om_disable_all_campaigns":false},"product_brand":[],"product_cat":[37],"product_tag":[],"class_list":{"0":"post-4480","1":"product","2":"type-product","3":"status-publish","4":"has-post-thumbnail","6":"product_cat-hauts","8":"first","9":"outofstock","10":"taxable","11":"shipping-taxable","12":"purchasable","13":"product-type-simple"},"yoast_head":"<!-- This site is optimized with the Yoast SEO plugin v27.2 - https:\/\/yoast.com\/product\/yoast-seo-wordpress\/ -->\n<title>Pull manches courtes MILANO \u00e9cru \u2013 Fabriqu\u00e9 en Italie - Popeline Store, boutique pr\u00eat \u00e0 porter sur B\u00e9ziers<\/title>\n<meta name=\"robots\" content=\"index, follow, max-snippet:-1, max-image-preview:large, max-video-preview:-1\" \/>\n<link rel=\"canonical\" href=\"https:\/\/www.popeline-store.com\/index.php\/produit\/pull-manches-courtes-milano-ecru-fabrique-en-italie\/\" \/>\n<meta property=\"og:locale\" content=\"fr_FR\" \/>\n<meta property=\"og:type\" content=\"article\" \/>\n<meta property=\"og:title\" content=\"Pull manches courtes MILANO \u00e9cru \u2013 Fabriqu\u00e9 en Italie - Popeline Store, boutique pr\u00eat \u00e0 porter sur B\u00e9ziers\" \/>\n<meta property=\"og:description\" content=\"L\u2019\u00e9l\u00e9gance lumineuse et intemporelle Le pull MILANO s\u2019impose comme une pi\u00e8ce essentielle du dressing f\u00e9minin. Sa coupe sans manches et son col montant soulignent la silhouette avec raffinement. En version \u00e9cru, il apporte une touche de douceur et de lumi\u00e8re \u00e0 toutes vos tenues, dans un esprit chic et \u00e9pur\u00e9.\" \/>\n<meta property=\"og:url\" content=\"https:\/\/www.popeline-store.com\/index.php\/produit\/pull-manches-courtes-milano-ecru-fabrique-en-italie\/\" \/>\n<meta property=\"og:site_name\" content=\"Popeline Store, boutique pr\u00eat \u00e0 porter sur B\u00e9ziers\" \/>\n<meta property=\"article:modified_time\" content=\"2025-11-15T11:41:01+00:00\" \/>\n<meta property=\"og:image\" content=\"https:\/\/www.popeline-store.com\/wp-content\/uploads\/2025\/10\/POPELINE-BEZIERS-PULL-ECRU-MILANO-2.jpeg\" \/>\n\t<meta property=\"og:image:width\" content=\"1604\" \/>\n\t<meta property=\"og:image:height\" content=\"1604\" \/>\n\t<meta property=\"og:image:type\" content=\"image\/jpeg\" \/>\n<meta name=\"twitter:card\" content=\"summary_large_image\" \/>\n<meta name=\"twitter:label1\" content=\"Dur\u00e9e de lecture estim\u00e9e\" \/>\n\t<meta name=\"twitter:data1\" content=\"2 minutes\" \/>\n<script type=\"application\/ld+json\" class=\"yoast-schema-graph\">{\"@context\":\"https:\/\/schema.org\",\"@graph\":[{\"@type\":\"WebPage\",\"@id\":\"https:\/\/www.popeline-store.com\/index.php\/produit\/pull-manches-courtes-milano-ecru-fabrique-en-italie\/\",\"url\":\"https:\/\/www.popeline-store.com\/index.php\/produit\/pull-manches-courtes-milano-ecru-fabrique-en-italie\/\",\"name\":\"Pull manches courtes MILANO \u00e9cru \u2013 Fabriqu\u00e9 en Italie - Popeline Store, boutique pr\u00eat \u00e0 porter sur B\u00e9ziers\",\"isPartOf\":{\"@id\":\"https:\/\/www.popeline-store.com\/#website\"},\"primaryImageOfPage\":{\"@id\":\"https:\/\/www.popeline-store.com\/index.php\/produit\/pull-manches-courtes-milano-ecru-fabrique-en-italie\/#primaryimage\"},\"image\":{\"@id\":\"https:\/\/www.popeline-store.com\/index.php\/produit\/pull-manches-courtes-milano-ecru-fabrique-en-italie\/#primaryimage\"},\"thumbnailUrl\":\"https:\/\/www.popeline-store.com\/wp-content\/uploads\/2025\/10\/POPELINE-BEZIERS-PULL-ECRU-MILANO-2.jpeg\",\"datePublished\":\"2025-10-25T14:01:49+00:00\",\"dateModified\":\"2025-11-15T11:41:01+00:00\",\"breadcrumb\":{\"@id\":\"https:\/\/www.popeline-store.com\/index.php\/produit\/pull-manches-courtes-milano-ecru-fabrique-en-italie\/#breadcrumb\"},\"inLanguage\":\"fr-FR\",\"potentialAction\":[{\"@type\":\"ReadAction\",\"target\":[\"https:\/\/www.popeline-store.com\/index.php\/produit\/pull-manches-courtes-milano-ecru-fabrique-en-italie\/\"]}]},{\"@type\":\"ImageObject\",\"inLanguage\":\"fr-FR\",\"@id\":\"https:\/\/www.popeline-store.com\/index.php\/produit\/pull-manches-courtes-milano-ecru-fabrique-en-italie\/#primaryimage\",\"url\":\"https:\/\/www.popeline-store.com\/wp-content\/uploads\/2025\/10\/POPELINE-BEZIERS-PULL-ECRU-MILANO-2.jpeg\",\"contentUrl\":\"https:\/\/www.popeline-store.com\/wp-content\/uploads\/2025\/10\/POPELINE-BEZIERS-PULL-ECRU-MILANO-2.jpeg\",\"width\":1604,\"height\":1604},{\"@type\":\"BreadcrumbList\",\"@id\":\"https:\/\/www.popeline-store.com\/index.php\/produit\/pull-manches-courtes-milano-ecru-fabrique-en-italie\/#breadcrumb\",\"itemListElement\":[{\"@type\":\"ListItem\",\"position\":1,\"name\":\"Accueil\",\"item\":\"https:\/\/www.popeline-store.com\/\"},{\"@type\":\"ListItem\",\"position\":2,\"name\":\"Boutique\",\"item\":\"https:\/\/www.popeline-store.com\/index.php\/popeline-beziers-page-boutique\/\"},{\"@type\":\"ListItem\",\"position\":3,\"name\":\"Pull manches courtes MILANO \u00e9cru \u2013 Fabriqu\u00e9 en Italie\"}]},{\"@type\":\"WebSite\",\"@id\":\"https:\/\/www.popeline-store.com\/#website\",\"url\":\"https:\/\/www.popeline-store.com\/\",\"name\":\"Popeline B\u00e9ziers, boutique pr\u00eat \u00e0 porter sur B\u00e9ziers\",\"description\":\"Popeline est une boutique de mode f\u00e9minine situ\u00e9e \u00e0 B\u00e9ziers, H\u00e9rault, France. Vous y trouverez une large gamme de v\u00eatements tendance, accessoires \u00e9l\u00e9gants ..\",\"publisher\":{\"@id\":\"https:\/\/www.popeline-store.com\/#organization\"},\"potentialAction\":[{\"@type\":\"SearchAction\",\"target\":{\"@type\":\"EntryPoint\",\"urlTemplate\":\"https:\/\/www.popeline-store.com\/?s={search_term_string}\"},\"query-input\":{\"@type\":\"PropertyValueSpecification\",\"valueRequired\":true,\"valueName\":\"search_term_string\"}}],\"inLanguage\":\"fr-FR\"},{\"@type\":\"Organization\",\"@id\":\"https:\/\/www.popeline-store.com\/#organization\",\"name\":\"Popeline \u00e0 B\u00e9ziers, boutique pr\u00eat \u00e0 porter sur B\u00e9ziers\",\"url\":\"https:\/\/www.popeline-store.com\/\",\"logo\":{\"@type\":\"ImageObject\",\"inLanguage\":\"fr-FR\",\"@id\":\"https:\/\/www.popeline-store.com\/#\/schema\/logo\/image\/\",\"url\":\"https:\/\/www.popeline-store.com\/wp-content\/uploads\/2024\/12\/PopLogoReduc.png\",\"contentUrl\":\"https:\/\/www.popeline-store.com\/wp-content\/uploads\/2024\/12\/PopLogoReduc.png\",\"width\":500,\"height\":500,\"caption\":\"Popeline \u00e0 B\u00e9ziers, boutique pr\u00eat \u00e0 porter sur B\u00e9ziers\"},\"image\":{\"@id\":\"https:\/\/www.popeline-store.com\/#\/schema\/logo\/image\/\"},\"sameAs\":[\"https:\/\/www.instagram.com\/popeline_beziers\/\"]}]}<\/script>\n<!-- \/ Yoast SEO plugin. -->","yoast_head_json":{"title":"Pull manches courtes MILANO \u00e9cru \u2013 Fabriqu\u00e9 en Italie - Popeline Store, boutique pr\u00eat \u00e0 porter sur B\u00e9ziers","robots":{"index":"index","follow":"follow","max-snippet":"max-snippet:-1","max-image-preview":"max-image-preview:large","max-video-preview":"max-video-preview:-1"},"canonical":"https:\/\/www.popeline-store.com\/index.php\/produit\/pull-manches-courtes-milano-ecru-fabrique-en-italie\/","og_locale":"fr_FR","og_type":"article","og_title":"Pull manches courtes MILANO \u00e9cru \u2013 Fabriqu\u00e9 en Italie - Popeline Store, boutique pr\u00eat \u00e0 porter sur B\u00e9ziers","og_description":"L\u2019\u00e9l\u00e9gance lumineuse et intemporelle Le pull MILANO s\u2019impose comme une pi\u00e8ce essentielle du dressing f\u00e9minin. Sa coupe sans manches et son col montant soulignent la silhouette avec raffinement. En version \u00e9cru, il apporte une touche de douceur et de lumi\u00e8re \u00e0 toutes vos tenues, dans un esprit chic et \u00e9pur\u00e9.","og_url":"https:\/\/www.popeline-store.com\/index.php\/produit\/pull-manches-courtes-milano-ecru-fabrique-en-italie\/","og_site_name":"Popeline Store, boutique pr\u00eat \u00e0 porter sur B\u00e9ziers","article_modified_time":"2025-11-15T11:41:01+00:00","og_image":[{"width":1604,"height":1604,"url":"https:\/\/www.popeline-store.com\/wp-content\/uploads\/2025\/10\/POPELINE-BEZIERS-PULL-ECRU-MILANO-2.jpeg","type":"image\/jpeg"}],"twitter_card":"summary_large_image","twitter_misc":{"Dur\u00e9e de lecture estim\u00e9e":"2 minutes"},"schema":{"@context":"https:\/\/schema.org","@graph":[{"@type":"WebPage","@id":"https:\/\/www.popeline-store.com\/index.php\/produit\/pull-manches-courtes-milano-ecru-fabrique-en-italie\/","url":"https:\/\/www.popeline-store.com\/index.php\/produit\/pull-manches-courtes-milano-ecru-fabrique-en-italie\/","name":"Pull manches courtes MILANO \u00e9cru \u2013 Fabriqu\u00e9 en Italie - Popeline Store, boutique pr\u00eat \u00e0 porter sur B\u00e9ziers","isPartOf":{"@id":"https:\/\/www.popeline-store.com\/#website"},"primaryImageOfPage":{"@id":"https:\/\/www.popeline-store.com\/index.php\/produit\/pull-manches-courtes-milano-ecru-fabrique-en-italie\/#primaryimage"},"image":{"@id":"https:\/\/www.popeline-store.com\/index.php\/produit\/pull-manches-courtes-milano-ecru-fabrique-en-italie\/#primaryimage"},"thumbnailUrl":"https:\/\/www.popeline-store.com\/wp-content\/uploads\/2025\/10\/POPELINE-BEZIERS-PULL-ECRU-MILANO-2.jpeg","datePublished":"2025-10-25T14:01:49+00:00","dateModified":"2025-11-15T11:41:01+00:00","breadcrumb":{"@id":"https:\/\/www.popeline-store.com\/index.php\/produit\/pull-manches-courtes-milano-ecru-fabrique-en-italie\/#breadcrumb"},"inLanguage":"fr-FR","potentialAction":[{"@type":"ReadAction","target":["https:\/\/www.popeline-store.com\/index.php\/produit\/pull-manches-courtes-milano-ecru-fabrique-en-italie\/"]}]},{"@type":"ImageObject","inLanguage":"fr-FR","@id":"https:\/\/www.popeline-store.com\/index.php\/produit\/pull-manches-courtes-milano-ecru-fabrique-en-italie\/#primaryimage","url":"https:\/\/www.popeline-store.com\/wp-content\/uploads\/2025\/10\/POPELINE-BEZIERS-PULL-ECRU-MILANO-2.jpeg","contentUrl":"https:\/\/www.popeline-store.com\/wp-content\/uploads\/2025\/10\/POPELINE-BEZIERS-PULL-ECRU-MILANO-2.jpeg","width":1604,"height":1604},{"@type":"BreadcrumbList","@id":"https:\/\/www.popeline-store.com\/index.php\/produit\/pull-manches-courtes-milano-ecru-fabrique-en-italie\/#breadcrumb","itemListElement":[{"@type":"ListItem","position":1,"name":"Accueil","item":"https:\/\/www.popeline-store.com\/"},{"@type":"ListItem","position":2,"name":"Boutique","item":"https:\/\/www.popeline-store.com\/index.php\/popeline-beziers-page-boutique\/"},{"@type":"ListItem","position":3,"name":"Pull manches courtes MILANO \u00e9cru \u2013 Fabriqu\u00e9 en Italie"}]},{"@type":"WebSite","@id":"https:\/\/www.popeline-store.com\/#website","url":"https:\/\/www.popeline-store.com\/","name":"Popeline B\u00e9ziers, boutique pr\u00eat \u00e0 porter sur B\u00e9ziers","description":"Popeline est une boutique de mode f\u00e9minine situ\u00e9e \u00e0 B\u00e9ziers, H\u00e9rault, France. Vous y trouverez une large gamme de v\u00eatements tendance, accessoires \u00e9l\u00e9gants ..","publisher":{"@id":"https:\/\/www.popeline-store.com\/#organization"},"potentialAction":[{"@type":"SearchAction","target":{"@type":"EntryPoint","urlTemplate":"https:\/\/www.popeline-store.com\/?s={search_term_string}"},"query-input":{"@type":"PropertyValueSpecification","valueRequired":true,"valueName":"search_term_string"}}],"inLanguage":"fr-FR"},{"@type":"Organization","@id":"https:\/\/www.popeline-store.com\/#organization","name":"Popeline \u00e0 B\u00e9ziers, boutique pr\u00eat \u00e0 porter sur B\u00e9ziers","url":"https:\/\/www.popeline-store.com\/","logo":{"@type":"ImageObject","inLanguage":"fr-FR","@id":"https:\/\/www.popeline-store.com\/#\/schema\/logo\/image\/","url":"https:\/\/www.popeline-store.com\/wp-content\/uploads\/2024\/12\/PopLogoReduc.png","contentUrl":"https:\/\/www.popeline-store.com\/wp-content\/uploads\/2024\/12\/PopLogoReduc.png","width":500,"height":500,"caption":"Popeline \u00e0 B\u00e9ziers, boutique pr\u00eat \u00e0 porter sur B\u00e9ziers"},"image":{"@id":"https:\/\/www.popeline-store.com\/#\/schema\/logo\/image\/"},"sameAs":["https:\/\/www.instagram.com\/popeline_beziers\/"]}]}},"jetpack_sharing_enabled":true,"_links":{"self":[{"href":"https:\/\/www.popeline-store.com\/index.php\/wp-json\/wp\/v2\/product\/4480","targetHints":{"allow":["GET"]}}],"collection":[{"href":"https:\/\/www.popeline-store.com\/index.php\/wp-json\/wp\/v2\/product"}],"about":[{"href":"https:\/\/www.popeline-store.com\/index.php\/wp-json\/wp\/v2\/types\/product"}],"replies":[{"embeddable":true,"href":"https:\/\/www.popeline-store.com\/index.php\/wp-json\/wp\/v2\/comments?post=4480"}],"wp:featuredmedia":[{"embeddable":true,"href":"https:\/\/www.popeline-store.com\/index.php\/wp-json\/wp\/v2\/media\/4471"}],"wp:attachment":[{"href":"https:\/\/www.popeline-store.com\/index.php\/wp-json\/wp\/v2\/media?parent=4480"}],"wp:term":[{"taxonomy":"product_brand","embeddable":true,"href":"https:\/\/www.popeline-store.com\/index.php\/wp-json\/wp\/v2\/product_brand?post=4480"},{"taxonomy":"product_cat","embeddable":true,"href":"https:\/\/www.popeline-store.com\/index.php\/wp-json\/wp\/v2\/product_cat?post=4480"},{"taxonomy":"product_tag","embeddable":true,"href":"https:\/\/www.popeline-store.com\/index.php\/wp-json\/wp\/v2\/product_tag?post=4480"}],"curies":[{"name":"wp","href":"https:\/\/api.w.org\/{rel}","templated":true}]}}