{"id":4714,"date":"2025-11-25T18:35:44","date_gmt":"2025-11-25T17:35:44","guid":{"rendered":"https:\/\/www.popeline-store.com\/?post_type=product&#038;p=4714"},"modified":"2025-12-30T17:28:52","modified_gmt":"2025-12-30T16:28:52","slug":"robe-siena-chocolat-femme-elegance-modernite","status":"publish","type":"product","link":"https:\/\/www.popeline-store.com\/index.php\/produit\/robe-siena-chocolat-femme-elegance-modernite\/","title":{"rendered":"Robe SIENA chocolat \u2013 Femme \u2013 \u00c9l\u00e9gance &#038; modernit\u00e9"},"content":{"rendered":"<h4><strong>Robe SIENA chocolat \u2013 Femme \u2013 \u00c9l\u00e9gance &amp; modernit\u00e9<\/strong><\/h4>\n<p data-start=\"781\" data-end=\"1040\">La robe est dot\u00e9e d\u2019une <strong data-start=\"805\" data-end=\"824\">doublure courte<\/strong>, qui garantit confort et opacit\u00e9, ainsi que d\u2019une <strong data-start=\"875\" data-end=\"901\">doublure longue \u00e0 pois<\/strong>, discr\u00e8te et graphique, qui donne tout son caract\u00e8re \u00e0 la pi\u00e8ce.<br data-start=\"966\" data-end=\"969\" \/>Ses <strong data-start=\"973\" data-end=\"992\">manches longues<\/strong> la rendent id\u00e9ale pour la mi-saison et l\u2019hiver.<\/p>\n<p data-start=\"1042\" data-end=\"1096\">Id\u00e9ale avec bottes hautes, escarpins ou boots styl\u00e9es.<\/p>\n<h4 data-start=\"1098\" data-end=\"1123\"><strong data-start=\"1101\" data-end=\"1123\">D\u00e9tails &amp; style<\/strong><\/h4>\n<ul data-start=\"1124\" data-end=\"1256\">\n<li data-start=\"1124\" data-end=\"1149\">\n<p data-start=\"1126\" data-end=\"1149\">Coupe fluide \u00e9l\u00e9gante<\/p>\n<\/li>\n<li data-start=\"1150\" data-end=\"1167\">\n<p data-start=\"1152\" data-end=\"1167\">Manches longues<\/p>\n<\/li>\n<li data-start=\"1168\" data-end=\"1185\">\n<p data-start=\"1170\" data-end=\"1185\">Doublure courte<\/p>\n<\/li>\n<li data-start=\"1186\" data-end=\"1210\">\n<p data-start=\"1188\" data-end=\"1210\">Doublure longue \u00e0 pois<\/p>\n<\/li>\n<li data-start=\"1211\" data-end=\"1229\">\n<p data-start=\"1213\" data-end=\"1229\">Coloris chocolat<\/p>\n<\/li>\n<li data-start=\"1230\" data-end=\"1256\">\n<p data-start=\"1232\" data-end=\"1256\">Tomb\u00e9 l\u00e9ger tr\u00e8s f\u00e9minin<\/p>\n<\/li>\n<\/ul>\n<h4 data-start=\"1340\" data-end=\"1361\"><strong data-start=\"1343\" data-end=\"1361\">Composition<\/strong><\/h4>\n<p data-start=\"1362\" data-end=\"1376\">100% Polyester<\/p>\n<h4 data-start=\"1378\" data-end=\"1408\"><strong data-start=\"1381\" data-end=\"1408\">Conseils d\u2019entretien<\/strong><\/h4>\n<ul data-start=\"1409\" data-end=\"1525\">\n<li data-start=\"1409\" data-end=\"1436\">\n<p data-start=\"1411\" data-end=\"1436\">Lavage d\u00e9licat recommand\u00e9<\/p>\n<\/li>\n<li data-start=\"1437\" data-end=\"1453\">\n<p data-start=\"1439\" data-end=\"1453\">30\u00b0C conseill\u00e9<\/p>\n<\/li>\n<li data-start=\"1454\" data-end=\"1470\">\n<p data-start=\"1456\" data-end=\"1470\">Essorage l\u00e9ger<\/p>\n<\/li>\n<li data-start=\"1471\" data-end=\"1494\">\n<p data-start=\"1473\" data-end=\"1494\">S\u00e9chage \u00e0 l\u2019air libre<\/p>\n<\/li>\n<li data-start=\"1495\" data-end=\"1525\">\n<p data-start=\"1497\" data-end=\"1525\">Repassage doux si n\u00e9cessaire<\/p>\n<\/li>\n<\/ul>\n<h4 data-start=\"1527\" data-end=\"1550\"><strong data-start=\"1530\" data-end=\"1550\">Conseils look<\/strong><\/h4>\n<p data-start=\"1551\" data-end=\"1693\">\u2022 Pour un look chic : blazer + bottes cavali\u00e8res<br data-start=\"1599\" data-end=\"1602\" \/>\u2022 Pour un look soir\u00e9e : escarpins + bijoux dor\u00e9s<br data-start=\"1650\" data-end=\"1653\" \/>\u2022 Pour un look casual : boots + perfecto<\/p>\n","protected":false},"excerpt":{"rendered":"<p><strong>Succombez au charme envo\u00fbtant de la robe SIENA chocolat<\/strong> : une pi\u00e8ce fluide, f\u00e9minine et parfaitement pens\u00e9e pour sublimer la silhouette, aussi bien au quotidien que lors des occasions plus habill\u00e9es.<\/p>\n<p>La robe <strong data-start=\"432\" data-end=\"441\">SIENA<\/strong> se distingue par son style chic et moderne.<\/p>\n<p>Sa coupe fluide enveloppe le corps tout en d\u00e9licatesse, tandis que son tomb\u00e9 l\u00e9g\u00e8rement vaporeux apporte un effet tr\u00e8s \u00e9l\u00e9gant en mouvement.<\/p>\n<p data-start=\"630\" data-end=\"779\">Le coloris <strong data-start=\"641\" data-end=\"653\">chocolat<\/strong>, profond et tendance, met instantan\u00e9ment en valeur le teint et offre une alternative raffin\u00e9e aux classiques noirs ou beiges.<\/p>\n","protected":false},"featured_media":4708,"comment_status":"open","ping_status":"closed","template":"","meta":{"_et_pb_use_builder":"","_et_pb_old_content":"","_et_gb_content_width":"","om_disable_all_campaigns":false},"product_brand":[],"product_cat":[39],"product_tag":[],"class_list":{"0":"post-4714","1":"product","2":"type-product","3":"status-publish","4":"has-post-thumbnail","6":"product_cat-robes-ensembles","8":"first","9":"instock","10":"taxable","11":"shipping-taxable","12":"purchasable","13":"product-type-variable","14":"has-default-attributes"},"yoast_head":"<!-- This site is optimized with the Yoast SEO plugin v27.2 - https:\/\/yoast.com\/product\/yoast-seo-wordpress\/ -->\n<title>Robe SIENA chocolat \u2013 Femme \u2013 \u00c9l\u00e9gance &amp; modernit\u00e9 - Popeline Store, boutique pr\u00eat \u00e0 porter sur B\u00e9ziers<\/title>\n<meta name=\"robots\" content=\"index, follow, max-snippet:-1, max-image-preview:large, max-video-preview:-1\" \/>\n<link rel=\"canonical\" href=\"https:\/\/www.popeline-store.com\/index.php\/produit\/robe-siena-chocolat-femme-elegance-modernite\/\" \/>\n<meta property=\"og:locale\" content=\"fr_FR\" \/>\n<meta property=\"og:type\" content=\"article\" \/>\n<meta property=\"og:title\" content=\"Robe SIENA chocolat \u2013 Femme \u2013 \u00c9l\u00e9gance &amp; modernit\u00e9 - Popeline Store, boutique pr\u00eat \u00e0 porter sur B\u00e9ziers\" \/>\n<meta property=\"og:description\" content=\"Succombez au charme envo\u00fbtant de la robe SIENA chocolat : une pi\u00e8ce fluide, f\u00e9minine et parfaitement pens\u00e9e pour sublimer la silhouette, aussi bien au quotidien que lors des occasions plus habill\u00e9es.  La robe SIENA se distingue par son style chic et moderne.  Sa coupe fluide enveloppe le corps tout en d\u00e9licatesse, tandis que son tomb\u00e9 l\u00e9g\u00e8rement vaporeux apporte un effet tr\u00e8s \u00e9l\u00e9gant en mouvement. Le coloris chocolat, profond et tendance, met instantan\u00e9ment en valeur le teint et offre une alternative raffin\u00e9e aux classiques noirs ou beiges.\" \/>\n<meta property=\"og:url\" content=\"https:\/\/www.popeline-store.com\/index.php\/produit\/robe-siena-chocolat-femme-elegance-modernite\/\" \/>\n<meta property=\"og:site_name\" content=\"Popeline Store, boutique pr\u00eat \u00e0 porter sur B\u00e9ziers\" \/>\n<meta property=\"article:modified_time\" content=\"2025-12-30T16:28:52+00:00\" \/>\n<meta property=\"og:image\" content=\"https:\/\/www.popeline-store.com\/wp-content\/uploads\/2025\/11\/POPELINE-BEZIERS-ROBE-A-POIS-SIENA-CHOCOLAT-1-scaled.jpeg\" \/>\n\t<meta property=\"og:image:width\" content=\"2560\" \/>\n\t<meta property=\"og:image:height\" content=\"2560\" \/>\n\t<meta property=\"og:image:type\" content=\"image\/jpeg\" \/>\n<meta name=\"twitter:card\" content=\"summary_large_image\" \/>\n<meta name=\"twitter:label1\" content=\"Dur\u00e9e de lecture estim\u00e9e\" \/>\n\t<meta name=\"twitter:data1\" content=\"1 minute\" \/>\n<script type=\"application\/ld+json\" class=\"yoast-schema-graph\">{\"@context\":\"https:\/\/schema.org\",\"@graph\":[{\"@type\":\"WebPage\",\"@id\":\"https:\/\/www.popeline-store.com\/index.php\/produit\/robe-siena-chocolat-femme-elegance-modernite\/\",\"url\":\"https:\/\/www.popeline-store.com\/index.php\/produit\/robe-siena-chocolat-femme-elegance-modernite\/\",\"name\":\"Robe SIENA chocolat \u2013 Femme \u2013 \u00c9l\u00e9gance & modernit\u00e9 - Popeline Store, boutique pr\u00eat \u00e0 porter sur B\u00e9ziers\",\"isPartOf\":{\"@id\":\"https:\/\/www.popeline-store.com\/#website\"},\"primaryImageOfPage\":{\"@id\":\"https:\/\/www.popeline-store.com\/index.php\/produit\/robe-siena-chocolat-femme-elegance-modernite\/#primaryimage\"},\"image\":{\"@id\":\"https:\/\/www.popeline-store.com\/index.php\/produit\/robe-siena-chocolat-femme-elegance-modernite\/#primaryimage\"},\"thumbnailUrl\":\"https:\/\/www.popeline-store.com\/wp-content\/uploads\/2025\/11\/POPELINE-BEZIERS-ROBE-A-POIS-SIENA-CHOCOLAT-1-scaled.jpeg\",\"datePublished\":\"2025-11-25T17:35:44+00:00\",\"dateModified\":\"2025-12-30T16:28:52+00:00\",\"breadcrumb\":{\"@id\":\"https:\/\/www.popeline-store.com\/index.php\/produit\/robe-siena-chocolat-femme-elegance-modernite\/#breadcrumb\"},\"inLanguage\":\"fr-FR\",\"potentialAction\":[{\"@type\":\"ReadAction\",\"target\":[\"https:\/\/www.popeline-store.com\/index.php\/produit\/robe-siena-chocolat-femme-elegance-modernite\/\"]}]},{\"@type\":\"ImageObject\",\"inLanguage\":\"fr-FR\",\"@id\":\"https:\/\/www.popeline-store.com\/index.php\/produit\/robe-siena-chocolat-femme-elegance-modernite\/#primaryimage\",\"url\":\"https:\/\/www.popeline-store.com\/wp-content\/uploads\/2025\/11\/POPELINE-BEZIERS-ROBE-A-POIS-SIENA-CHOCOLAT-1-scaled.jpeg\",\"contentUrl\":\"https:\/\/www.popeline-store.com\/wp-content\/uploads\/2025\/11\/POPELINE-BEZIERS-ROBE-A-POIS-SIENA-CHOCOLAT-1-scaled.jpeg\",\"width\":2560,\"height\":2560},{\"@type\":\"BreadcrumbList\",\"@id\":\"https:\/\/www.popeline-store.com\/index.php\/produit\/robe-siena-chocolat-femme-elegance-modernite\/#breadcrumb\",\"itemListElement\":[{\"@type\":\"ListItem\",\"position\":1,\"name\":\"Accueil\",\"item\":\"https:\/\/www.popeline-store.com\/\"},{\"@type\":\"ListItem\",\"position\":2,\"name\":\"Boutique\",\"item\":\"https:\/\/www.popeline-store.com\/index.php\/popeline-beziers-page-boutique\/\"},{\"@type\":\"ListItem\",\"position\":3,\"name\":\"Robe SIENA chocolat \u2013 Femme \u2013 \u00c9l\u00e9gance &#038; modernit\u00e9\"}]},{\"@type\":\"WebSite\",\"@id\":\"https:\/\/www.popeline-store.com\/#website\",\"url\":\"https:\/\/www.popeline-store.com\/\",\"name\":\"Popeline B\u00e9ziers, boutique pr\u00eat \u00e0 porter sur B\u00e9ziers\",\"description\":\"Popeline est une boutique de mode f\u00e9minine situ\u00e9e \u00e0 B\u00e9ziers, H\u00e9rault, France. Vous y trouverez une large gamme de v\u00eatements tendance, accessoires \u00e9l\u00e9gants ..\",\"publisher\":{\"@id\":\"https:\/\/www.popeline-store.com\/#organization\"},\"potentialAction\":[{\"@type\":\"SearchAction\",\"target\":{\"@type\":\"EntryPoint\",\"urlTemplate\":\"https:\/\/www.popeline-store.com\/?s={search_term_string}\"},\"query-input\":{\"@type\":\"PropertyValueSpecification\",\"valueRequired\":true,\"valueName\":\"search_term_string\"}}],\"inLanguage\":\"fr-FR\"},{\"@type\":\"Organization\",\"@id\":\"https:\/\/www.popeline-store.com\/#organization\",\"name\":\"Popeline \u00e0 B\u00e9ziers, boutique pr\u00eat \u00e0 porter sur B\u00e9ziers\",\"url\":\"https:\/\/www.popeline-store.com\/\",\"logo\":{\"@type\":\"ImageObject\",\"inLanguage\":\"fr-FR\",\"@id\":\"https:\/\/www.popeline-store.com\/#\/schema\/logo\/image\/\",\"url\":\"https:\/\/www.popeline-store.com\/wp-content\/uploads\/2024\/12\/PopLogoReduc.png\",\"contentUrl\":\"https:\/\/www.popeline-store.com\/wp-content\/uploads\/2024\/12\/PopLogoReduc.png\",\"width\":500,\"height\":500,\"caption\":\"Popeline \u00e0 B\u00e9ziers, boutique pr\u00eat \u00e0 porter sur B\u00e9ziers\"},\"image\":{\"@id\":\"https:\/\/www.popeline-store.com\/#\/schema\/logo\/image\/\"},\"sameAs\":[\"https:\/\/www.instagram.com\/popeline_beziers\/\"]}]}<\/script>\n<!-- \/ Yoast SEO plugin. -->","yoast_head_json":{"title":"Robe SIENA chocolat \u2013 Femme \u2013 \u00c9l\u00e9gance & modernit\u00e9 - Popeline Store, boutique pr\u00eat \u00e0 porter sur B\u00e9ziers","robots":{"index":"index","follow":"follow","max-snippet":"max-snippet:-1","max-image-preview":"max-image-preview:large","max-video-preview":"max-video-preview:-1"},"canonical":"https:\/\/www.popeline-store.com\/index.php\/produit\/robe-siena-chocolat-femme-elegance-modernite\/","og_locale":"fr_FR","og_type":"article","og_title":"Robe SIENA chocolat \u2013 Femme \u2013 \u00c9l\u00e9gance & modernit\u00e9 - Popeline Store, boutique pr\u00eat \u00e0 porter sur B\u00e9ziers","og_description":"Succombez au charme envo\u00fbtant de la robe SIENA chocolat : une pi\u00e8ce fluide, f\u00e9minine et parfaitement pens\u00e9e pour sublimer la silhouette, aussi bien au quotidien que lors des occasions plus habill\u00e9es.  La robe SIENA se distingue par son style chic et moderne.  Sa coupe fluide enveloppe le corps tout en d\u00e9licatesse, tandis que son tomb\u00e9 l\u00e9g\u00e8rement vaporeux apporte un effet tr\u00e8s \u00e9l\u00e9gant en mouvement. Le coloris chocolat, profond et tendance, met instantan\u00e9ment en valeur le teint et offre une alternative raffin\u00e9e aux classiques noirs ou beiges.","og_url":"https:\/\/www.popeline-store.com\/index.php\/produit\/robe-siena-chocolat-femme-elegance-modernite\/","og_site_name":"Popeline Store, boutique pr\u00eat \u00e0 porter sur B\u00e9ziers","article_modified_time":"2025-12-30T16:28:52+00:00","og_image":[{"width":2560,"height":2560,"url":"https:\/\/www.popeline-store.com\/wp-content\/uploads\/2025\/11\/POPELINE-BEZIERS-ROBE-A-POIS-SIENA-CHOCOLAT-1-scaled.jpeg","type":"image\/jpeg"}],"twitter_card":"summary_large_image","twitter_misc":{"Dur\u00e9e de lecture estim\u00e9e":"1 minute"},"schema":{"@context":"https:\/\/schema.org","@graph":[{"@type":"WebPage","@id":"https:\/\/www.popeline-store.com\/index.php\/produit\/robe-siena-chocolat-femme-elegance-modernite\/","url":"https:\/\/www.popeline-store.com\/index.php\/produit\/robe-siena-chocolat-femme-elegance-modernite\/","name":"Robe SIENA chocolat \u2013 Femme \u2013 \u00c9l\u00e9gance & modernit\u00e9 - Popeline Store, boutique pr\u00eat \u00e0 porter sur B\u00e9ziers","isPartOf":{"@id":"https:\/\/www.popeline-store.com\/#website"},"primaryImageOfPage":{"@id":"https:\/\/www.popeline-store.com\/index.php\/produit\/robe-siena-chocolat-femme-elegance-modernite\/#primaryimage"},"image":{"@id":"https:\/\/www.popeline-store.com\/index.php\/produit\/robe-siena-chocolat-femme-elegance-modernite\/#primaryimage"},"thumbnailUrl":"https:\/\/www.popeline-store.com\/wp-content\/uploads\/2025\/11\/POPELINE-BEZIERS-ROBE-A-POIS-SIENA-CHOCOLAT-1-scaled.jpeg","datePublished":"2025-11-25T17:35:44+00:00","dateModified":"2025-12-30T16:28:52+00:00","breadcrumb":{"@id":"https:\/\/www.popeline-store.com\/index.php\/produit\/robe-siena-chocolat-femme-elegance-modernite\/#breadcrumb"},"inLanguage":"fr-FR","potentialAction":[{"@type":"ReadAction","target":["https:\/\/www.popeline-store.com\/index.php\/produit\/robe-siena-chocolat-femme-elegance-modernite\/"]}]},{"@type":"ImageObject","inLanguage":"fr-FR","@id":"https:\/\/www.popeline-store.com\/index.php\/produit\/robe-siena-chocolat-femme-elegance-modernite\/#primaryimage","url":"https:\/\/www.popeline-store.com\/wp-content\/uploads\/2025\/11\/POPELINE-BEZIERS-ROBE-A-POIS-SIENA-CHOCOLAT-1-scaled.jpeg","contentUrl":"https:\/\/www.popeline-store.com\/wp-content\/uploads\/2025\/11\/POPELINE-BEZIERS-ROBE-A-POIS-SIENA-CHOCOLAT-1-scaled.jpeg","width":2560,"height":2560},{"@type":"BreadcrumbList","@id":"https:\/\/www.popeline-store.com\/index.php\/produit\/robe-siena-chocolat-femme-elegance-modernite\/#breadcrumb","itemListElement":[{"@type":"ListItem","position":1,"name":"Accueil","item":"https:\/\/www.popeline-store.com\/"},{"@type":"ListItem","position":2,"name":"Boutique","item":"https:\/\/www.popeline-store.com\/index.php\/popeline-beziers-page-boutique\/"},{"@type":"ListItem","position":3,"name":"Robe SIENA chocolat \u2013 Femme \u2013 \u00c9l\u00e9gance &#038; modernit\u00e9"}]},{"@type":"WebSite","@id":"https:\/\/www.popeline-store.com\/#website","url":"https:\/\/www.popeline-store.com\/","name":"Popeline B\u00e9ziers, boutique pr\u00eat \u00e0 porter sur B\u00e9ziers","description":"Popeline est une boutique de mode f\u00e9minine situ\u00e9e \u00e0 B\u00e9ziers, H\u00e9rault, France. Vous y trouverez une large gamme de v\u00eatements tendance, accessoires \u00e9l\u00e9gants ..","publisher":{"@id":"https:\/\/www.popeline-store.com\/#organization"},"potentialAction":[{"@type":"SearchAction","target":{"@type":"EntryPoint","urlTemplate":"https:\/\/www.popeline-store.com\/?s={search_term_string}"},"query-input":{"@type":"PropertyValueSpecification","valueRequired":true,"valueName":"search_term_string"}}],"inLanguage":"fr-FR"},{"@type":"Organization","@id":"https:\/\/www.popeline-store.com\/#organization","name":"Popeline \u00e0 B\u00e9ziers, boutique pr\u00eat \u00e0 porter sur B\u00e9ziers","url":"https:\/\/www.popeline-store.com\/","logo":{"@type":"ImageObject","inLanguage":"fr-FR","@id":"https:\/\/www.popeline-store.com\/#\/schema\/logo\/image\/","url":"https:\/\/www.popeline-store.com\/wp-content\/uploads\/2024\/12\/PopLogoReduc.png","contentUrl":"https:\/\/www.popeline-store.com\/wp-content\/uploads\/2024\/12\/PopLogoReduc.png","width":500,"height":500,"caption":"Popeline \u00e0 B\u00e9ziers, boutique pr\u00eat \u00e0 porter sur B\u00e9ziers"},"image":{"@id":"https:\/\/www.popeline-store.com\/#\/schema\/logo\/image\/"},"sameAs":["https:\/\/www.instagram.com\/popeline_beziers\/"]}]}},"jetpack_sharing_enabled":true,"_links":{"self":[{"href":"https:\/\/www.popeline-store.com\/index.php\/wp-json\/wp\/v2\/product\/4714","targetHints":{"allow":["GET"]}}],"collection":[{"href":"https:\/\/www.popeline-store.com\/index.php\/wp-json\/wp\/v2\/product"}],"about":[{"href":"https:\/\/www.popeline-store.com\/index.php\/wp-json\/wp\/v2\/types\/product"}],"replies":[{"embeddable":true,"href":"https:\/\/www.popeline-store.com\/index.php\/wp-json\/wp\/v2\/comments?post=4714"}],"wp:featuredmedia":[{"embeddable":true,"href":"https:\/\/www.popeline-store.com\/index.php\/wp-json\/wp\/v2\/media\/4708"}],"wp:attachment":[{"href":"https:\/\/www.popeline-store.com\/index.php\/wp-json\/wp\/v2\/media?parent=4714"}],"wp:term":[{"taxonomy":"product_brand","embeddable":true,"href":"https:\/\/www.popeline-store.com\/index.php\/wp-json\/wp\/v2\/product_brand?post=4714"},{"taxonomy":"product_cat","embeddable":true,"href":"https:\/\/www.popeline-store.com\/index.php\/wp-json\/wp\/v2\/product_cat?post=4714"},{"taxonomy":"product_tag","embeddable":true,"href":"https:\/\/www.popeline-store.com\/index.php\/wp-json\/wp\/v2\/product_tag?post=4714"}],"curies":[{"name":"wp","href":"https:\/\/api.w.org\/{rel}","templated":true}]}}